{"id":5164,"date":"2024-06-09T16:15:01","date_gmt":"2024-06-09T13:15:01","guid":{"rendered":"https:\/\/agrozone.ee\/?post_type=product&#038;p=5164"},"modified":"2025-04-09T15:32:20","modified_gmt":"2025-04-09T13:32:20","slug":"kastmiskontroller-rainbird-patarei-toitega","status":"publish","type":"product","link":"https:\/\/agrozone.ee\/fi\/tuote\/kastmiskontroller-rainbird-patarei-toitega\/","title":{"rendered":"Kastmiskontroller Rainbird patarei toitega"},"content":{"rendered":"<p><strong>Kastmiskontroller Rainbird patarei toitega<\/strong><\/p>\n<ul>\n<li>Automatiseerige oma tilkkastmiss\u00fcsteemi v\u00f5i kastmisvooliku j\u00e4rjepidevamaks planeerimiseks selle h\u00f5lpsasti kasutatava digitaalse kontrolleri abil.<\/li>\n<li>Lisaks k\u00f5rgele funktsionaalsele t\u00f6\u00f6kindlusele kogu hooaja v\u00e4litingimustes pakub see professionaalne kontroller keerukaid funktsioone muretu ja mugava kastmise jaoks.<\/li>\n<li>V\u00e4ga suur ekraan ja programmeerimisketas muudavad kastmisgraafikute seadistamise ja anal\u00fc\u00fcsimise lihtsaks.<\/li>\n<li><span style=\"font-size: 16px;\">T\u00f6\u00f6tamise ajal kuvatakse ekraanil ka programmi olek, nimelt j\u00e4rgmine ts\u00fckkel ajakavas ja jooksva ts\u00fckli j\u00e4relej\u00e4\u00e4nud t\u00f6\u00f6aeg.<\/span><\/li>\n<li><span style=\"font-size: 16px;\">T\u00e4iustatud funktsioonide hulka kuulub kuni kahe kastmiskorra programmeerimine p\u00e4evas mis tahes n\u00e4dalap\u00e4eval, samuti nupud \u201ekastke n\u00fc\u00fcd\u201c ja \u201et\u00fchistage\u201c, et vajadusel programmi kohe t\u00fchistada.<\/span><\/li>\n<li>Automatiseerige kastmist igal alal oma \u00f5ues: aedades, lillepeenradel ja \u00e4sja k\u00fclvatud v\u00f5i rajatud muru.<\/li>\n<\/ul>\n<p>Omadused:<\/p>\n<p>Digitaalne reguleerimine v\u00f5imaldab kohandada kastmisgraafikuid parema haljastuse saavutamiseks v\u00e4iksema veekuluga.<br \/>\n&#8211; Planeeritud kastmine kuni 2 korda p\u00e4evas tagab vee k\u00fcllastumise isegi n\u00f5lvadel ja savimuldadel.<br \/>\n&#8211; N\u00e4dalap\u00e4evade programmeerimine tagab kastmispiirangutest vabadust.<br \/>\n&#8211; V\u00f5imalus m\u00e4\u00e4rata kastmis viivitust kuni 96 tundi, ilma et see m\u00f5jutaks salvestatud programmi.<br \/>\n&#8211; Suur ekraan v\u00f5imaldab n\u00e4ha k\u00f5iki seadistusi korraga.<br \/>\n&#8211; Kastmise kestus: 1 min kuni 6 tundi.<br \/>\n&#8211; Jaamade arv: 1.<br \/>\n&#8211; Sisselaskeava \u00be\u201c sisekeermega (BSP).<br \/>\n&#8211; V\u00e4ljavool \u00be\u201c v\u00e4liskeermega (BSP).<br \/>\n&#8211; M\u00f5eldud kasutamiseks v\u00e4listingimustes ainult k\u00fclma veega.<br \/>\n&#8211; T\u00f6\u00f6tav veesurve: 1 baar (minimaalne) &#8211; 6 baari (maksimaalne).<br \/>\n&#8211; T\u00f6\u00f6temperatuur: j\u00e4\u00e4tumisvastane &#8211; maksimaalne temperatuur: 43\u00b0.<br \/>\n&#8211; Minimaalne vooluhulk: 162 l\/h.<br \/>\n&#8211; Maksimaalne vooluhulk: 2,2 m3\/h.<\/p>\n","protected":false},"excerpt":{"rendered":"<ul>\n<li>Automatiseerige oma tilkkastmiss\u00fcsteemi v\u00f5i kastmisvooliku j\u00e4rjepidevamaks planeerimiseks selle h\u00f5lpsasti kasutatava digitaalse kontrolleri abil.<\/li>\n<li>Lisaks k\u00f5rgele funktsionaalsele t\u00f6\u00f6kindlusele kogu hooaja v\u00e4litingimustes pakub see professionaalne kontroller keerukaid funktsioone muretu ja mugava kastmise jaoks.<\/li>\n<li>V\u00e4ga suur ekraan ja programmeerimisketas muudavad kastmisgraafikute seadistamise ja anal\u00fc\u00fcsimise lihtsaks.<\/li>\n<li><span style=\"font-size: 16px;\">T\u00f6\u00f6tamise ajal kuvatakse ekraanil ka programmi olek, nimelt j\u00e4rgmine ts\u00fckkel ajakavas ja jooksva ts\u00fckli j\u00e4relej\u00e4\u00e4nud t\u00f6\u00f6aeg.<\/span><\/li>\n<li><span style=\"font-size: 16px;\">T\u00e4iustatud funktsioonide hulka kuulub kuni kahe kastmiskorra programmeerimine p\u00e4evas mis tahes n\u00e4dalap\u00e4eval, samuti nupud \u201ekastke n\u00fc\u00fcd\u201c ja \u201et\u00fchistage\u201c, et vajadusel programmi kohe t\u00fchistada.<\/span><\/li>\n<li>Automatiseerige kastmist igal alal oma \u00f5ues: aedades, lillepeenradel ja \u00e4sja k\u00fclvatud v\u00f5i rajatud muru.<\/li>\n<\/ul>\n","protected":false},"featured_media":5215,"template":"","meta":{"_acf_changed":false,"_seopress_robots_primary_cat":"","_seopress_titles_title":"","_seopress_titles_desc":"Kastmiskontroller Rainbird patarei toitega - Automatiseerige kastmist igal alal oma \u00f5ues: aedades, lillepeenradel ja \u00e4sja k\u00fclvatud v\u00f5i rajatud muru.","_seopress_robots_index":"","_gspb_post_css":""},"product_brand":[],"product_cat":[1388,1092,15],"product_tag":[],"class_list":{"0":"post-5164","1":"product","2":"type-product","3":"status-publish","4":"has-post-thumbnail","6":"product_cat-kastmiskontrollerid","7":"product_cat-kastmissusteemid","8":"product_cat-koik-kategooriad","10":"first","11":"instock","12":"taxable","13":"shipping-taxable","14":"purchasable","15":"product-type-simple"},"ct_brands":[],"acf":[],"_links":{"self":[{"href":"https:\/\/agrozone.ee\/fi\/wp-json\/wp\/v2\/product\/5164","targetHints":{"allow":["GET"]}}],"collection":[{"href":"https:\/\/agrozone.ee\/fi\/wp-json\/wp\/v2\/product"}],"about":[{"href":"https:\/\/agrozone.ee\/fi\/wp-json\/wp\/v2\/types\/product"}],"wp:featuredmedia":[{"embeddable":true,"href":"https:\/\/agrozone.ee\/fi\/wp-json\/wp\/v2\/media\/5215"}],"wp:attachment":[{"href":"https:\/\/agrozone.ee\/fi\/wp-json\/wp\/v2\/media?parent=5164"}],"wp:term":[{"taxonomy":"product_brand","embeddable":true,"href":"https:\/\/agrozone.ee\/fi\/wp-json\/wp\/v2\/product_brand?post=5164"},{"taxonomy":"product_cat","embeddable":true,"href":"https:\/\/agrozone.ee\/fi\/wp-json\/wp\/v2\/product_cat?post=5164"},{"taxonomy":"product_tag","embeddable":true,"href":"https:\/\/agrozone.ee\/fi\/wp-json\/wp\/v2\/product_tag?post=5164"}],"curies":[{"name":"wp","href":"https:\/\/api.w.org\/{rel}","templated":true}]}}