{"id":5198,"date":"2024-06-09T16:15:25","date_gmt":"2024-06-09T13:15:25","guid":{"rendered":"https:\/\/agrozone.ee\/?post_type=product&#038;p=5198"},"modified":"2025-04-09T15:32:16","modified_gmt":"2025-04-09T13:32:16","slug":"taimekaitseprits-akuga-solo-411-10l","status":"publish","type":"product","link":"https:\/\/agrozone.ee\/fi\/tuote\/taimekaitseprits-akuga-solo-411-10l\/","title":{"rendered":"Taimekaitseprits akuga SOLO 411 10L"},"content":{"rendered":"<p><strong>Taimekaitseprits akuga SOLO 411 10L<\/strong><\/p>\n<p>Selgprits\u00a0SOLO 411 on disainitud nii, et seda oleks mugav kanda.<\/p>\n<p><strong>SOLO 411 selgpritsi eelised:<\/strong><\/p>\n<ul>\n<li>\u00dcks kergemaid ja kompaktsemaid akutoitel selgpritse.<\/li>\n<li>Pritsil on k\u00fcmneliitrise t\u00e4itemahuga paak.<\/li>\n<li>Laetav liitiumioonaku, mis v\u00f5imaldab teha vahepeal laadimata kuni 170 minutit t\u00f6\u00f6d.<\/li>\n<li>Aku laadimiseks kulub vaid kaks tundi.<\/li>\n<li>Pump tagab 2,5 baari t\u00f6\u00f6r\u00f5hu.<\/li>\n<\/ul>\n<p>&nbsp;<\/p>\n<p>Tehnilised andmed:<\/p>\n<ul>\n<li><strong>Aku<\/strong>: liitium &#8211; ion aku 11,1 V\/2,5 Ah<\/li>\n<li><strong>Paagi t\u00e4itemaht:<\/strong>\u00a010 liitrit<\/li>\n<li><strong>Pihusti:<\/strong>\u00a0universaalne, \u00f5\u00f5nes koonus, reguleeritav<\/li>\n<li><strong>Pihustusr\u00f5hu reguleerimine\/bar:<\/strong>\u00a01\/ 2,5<\/li>\n<li><strong>Pihustuskogus l\/min (seadistus) standardotsikuga:<\/strong>\u00a00,6 \u2013 1,16<\/li>\n<li><strong>T\u00f6\u00f6aeg:<\/strong>\u00a02,9 h<\/li>\n<li><strong>Laadimise aeg:<\/strong>\u00a0u 2 h<\/li>\n<li><strong>Kaal (t\u00fchi paak) koos akuga<\/strong>: 3,6 kg<\/li>\n<li><strong>Pihustivarras:<\/strong>\u00a0plastik, 50 cm<\/li>\n<li><strong>Kaasas:<\/strong>\u00a0aku, laadija<\/li>\n<li><strong>Helir\u00f5hutase dB(A)<sup>(1)\u00a0<\/sup>:\u00a0<\/strong>&lt;70<\/li>\n<li><strong>Heliv\u00f5imsuse tase, garanteeritud dB(A)<sup>(1)\u00a0<\/sup>:<\/strong>\u00a0&lt; 70<\/li>\n<li><strong>Vibratsiooniv\u00e4\u00e4rtus m\/s<sup>2(2)\u00a0<\/sup>:<\/strong>\u00a0\u2264 2,0<\/li>\n<\/ul>\n","protected":false},"excerpt":{"rendered":"<ul>\n<li>\u00dcks kergemaid ja kompaktsemaid akutoitel selgpritse.<\/li>\n<li>Pritsil on k\u00fcmneliitrise t\u00e4itemahuga paak.<\/li>\n<li>Laetav liitiumioonaku, mis v\u00f5imaldab teha vahepeal laadimata kuni 170 minutit t\u00f6\u00f6d.<\/li>\n<li>Aku laadimiseks kulub vaid kaks tundi.<\/li>\n<li>Pump tagab 2,5 baari t\u00f6\u00f6r\u00f5hu.<\/li>\n<\/ul>\n","protected":false},"featured_media":5247,"template":"","meta":{"_acf_changed":false,"_seopress_robots_primary_cat":"","_seopress_titles_title":"","_seopress_titles_desc":"Taimekaitseprits akuga SOLO 411 10L - Selgprits\u00a0SOLO 411 on disainitud nii, et seda oleks mugav kanda. Pump tagab 2,5 baari t\u00f6\u00f6r\u00f5hu.","_seopress_robots_index":"","_gspb_post_css":""},"product_brand":[],"product_cat":[149,15,162],"product_tag":[],"class_list":{"0":"post-5198","1":"product","2":"type-product","3":"status-publish","4":"has-post-thumbnail","6":"product_cat-aiatarvikud","7":"product_cat-koik-kategooriad","8":"product_cat-pritsid","10":"first","11":"instock","12":"taxable","13":"shipping-taxable","14":"purchasable","15":"product-type-simple"},"ct_brands":[],"acf":[],"_links":{"self":[{"href":"https:\/\/agrozone.ee\/fi\/wp-json\/wp\/v2\/product\/5198","targetHints":{"allow":["GET"]}}],"collection":[{"href":"https:\/\/agrozone.ee\/fi\/wp-json\/wp\/v2\/product"}],"about":[{"href":"https:\/\/agrozone.ee\/fi\/wp-json\/wp\/v2\/types\/product"}],"wp:featuredmedia":[{"embeddable":true,"href":"https:\/\/agrozone.ee\/fi\/wp-json\/wp\/v2\/media\/5247"}],"wp:attachment":[{"href":"https:\/\/agrozone.ee\/fi\/wp-json\/wp\/v2\/media?parent=5198"}],"wp:term":[{"taxonomy":"product_brand","embeddable":true,"href":"https:\/\/agrozone.ee\/fi\/wp-json\/wp\/v2\/product_brand?post=5198"},{"taxonomy":"product_cat","embeddable":true,"href":"https:\/\/agrozone.ee\/fi\/wp-json\/wp\/v2\/product_cat?post=5198"},{"taxonomy":"product_tag","embeddable":true,"href":"https:\/\/agrozone.ee\/fi\/wp-json\/wp\/v2\/product_tag?post=5198"}],"curies":[{"name":"wp","href":"https:\/\/api.w.org\/{rel}","templated":true}]}}