{"id":5205,"date":"2024-06-09T16:15:46","date_gmt":"2024-06-09T13:15:46","guid":{"rendered":"https:\/\/agrozone.ee\/?post_type=product&#038;p=5205"},"modified":"2025-04-09T15:30:40","modified_gmt":"2025-04-09T13:30:40","slug":"taimekaitseprits-akuga-solo-442-16l","status":"publish","type":"product","link":"https:\/\/agrozone.ee\/fi\/tuote\/taimekaitseprits-akuga-solo-442-16l\/","title":{"rendered":"Taimekaitseprits akuga SOLO 442 16L"},"content":{"rendered":"<p><strong>Taimekaitseprits akuga SOLO 442 16L<\/strong><\/p>\n<p>Ergonoomilise kujuga paak ning reguleeritav pehmendusega kandes\u00fcsteem v\u00f5imaldab v\u00e4simata t\u00f6\u00f6tada pikema aja jooksul.<br \/>\n<strong>SOLO 442 selgpritsi eelised:<\/strong><\/p>\n<ul>\n<li>16-liitrine paak<\/li>\n<li>V\u00f5imsa 18-voldise laetava akuga on v\u00f5imalik katkestuseta t\u00f6\u00f6tada kuni viis tundi.<\/li>\n<li>Kaasasoleva laadijaga saab aku t\u00e4is natuke rohkem kui tunni ajaga.<\/li>\n<li>Lisavarustusena on saadaval kiirlaadija ja 5,0 Ah aku.<\/li>\n<li>Kasutajaliidese kaudu (mis n\u00e4itab ka aku laetuse taset) saab seadistada pumba r\u00f5hku \u00fchele neljast seadistusest vahemikus 1 bar kuni 4 bari.<\/li>\n<\/ul>\n<p><em>Selle mudeliga ei ole soovitatav kasutada pulbrilisi kemikaale ja markerv\u00e4rve.<\/em><\/p>\n<p>&nbsp;<\/p>\n<p>Tehnilised andmed:<\/p>\n<p><strong>Aku<\/strong>: liitium &#8211; ion aku 18 V\/ 2,5 Ah<br \/>\n<strong>Paagi t\u00e4itemaht:<\/strong>\u00a016 liitrit<br \/>\n<strong>Pihusti:<\/strong>\u00a0universaalne, \u00f5\u00f5nes koonus, reguleeritav. Lame pihustusotsik.<br \/>\n<strong>Pihustusr\u00f5hu reguleerimine\/bar:<\/strong>\u00a04\/ 1-4<br \/>\n<strong>Pihustuskogus l\/min (seadistus) standardotsikuga:<\/strong>\u00a00,68 (1) \/ 0,97 (2)\/ 1,19 (3)\/ 1,37 (4)<br \/>\n<strong>T\u00f6\u00f6aeg:<\/strong>\u00a05 h<br \/>\n<strong>Laadimise aeg:<\/strong>\u00a0u 1,1 h<br \/>\n<strong>Kaal (t\u00fchi paak) koos akuga<\/strong>: 4,5 kg<br \/>\n<strong>Pihustivarras:<\/strong>\u00a0plastik, 50 cm<br \/>\n<strong>Kaasas:<\/strong>\u00a0aku, laadija<br \/>\n<strong>Helir\u00f5hutase dB(A)<sup>(1)\u00a0<\/sup>:\u00a0<\/strong>&lt;70<br \/>\n<strong>Heliv\u00f5imsuse tase, garanteeritud dB(A)<sup>(1)\u00a0<\/sup>:<\/strong>\u00a0&lt; 70<br \/>\n<strong>Vibratsiooniv\u00e4\u00e4rtus m\/s<sup>2(2)\u00a0<\/sup>:<\/strong>\u00a0\u2264 2,0<\/p>\n","protected":false},"excerpt":{"rendered":"<p>Ergonoomilise kujuga paak ning reguleeritav pehmendusega kandes\u00fcsteem v\u00f5imaldab v\u00e4simata t\u00f6\u00f6tada pikema aja jooksul.<\/p>\n<ul>\n<li>16-liitrine paak<\/li>\n<li>V\u00f5imsa 18-voldise laetava akuga on v\u00f5imalik katkestuseta t\u00f6\u00f6tada kuni viis tundi.<\/li>\n<li>Kaasasoleva laadijaga saab aku t\u00e4is natuke rohkem kui tunni ajaga.<\/li>\n<li>Lisavarustusena on saadaval kiirlaadija ja 5,0 Ah aku.<\/li>\n<li>Kasutajaliidese kaudu (mis n\u00e4itab ka aku laetuse taset) saab seadistada pumba r\u00f5hku \u00fchele neljast seadistusest vahemikus 1 bar kuni 4 bari.<\/li>\n<\/ul>\n","protected":false},"featured_media":5248,"template":"","meta":{"_acf_changed":false,"_seopress_robots_primary_cat":"","_seopress_titles_title":"","_seopress_titles_desc":"Taimekaitseprits akuga SOLO 442 16L - Ergonoomilise kujuga paak ning reguleeritav pehmendusega kandes\u00fcsteem v\u00f5imaldab v\u00e4simata t\u00f6\u00f6tada pikema aja jooksul.","_seopress_robots_index":"","_gspb_post_css":""},"product_brand":[],"product_cat":[149,15,162],"product_tag":[],"class_list":{"0":"post-5205","1":"product","2":"type-product","3":"status-publish","4":"has-post-thumbnail","6":"product_cat-aiatarvikud","7":"product_cat-koik-kategooriad","8":"product_cat-pritsid","10":"first","11":"instock","12":"taxable","13":"shipping-taxable","14":"purchasable","15":"product-type-simple"},"ct_brands":[],"acf":[],"_links":{"self":[{"href":"https:\/\/agrozone.ee\/fi\/wp-json\/wp\/v2\/product\/5205","targetHints":{"allow":["GET"]}}],"collection":[{"href":"https:\/\/agrozone.ee\/fi\/wp-json\/wp\/v2\/product"}],"about":[{"href":"https:\/\/agrozone.ee\/fi\/wp-json\/wp\/v2\/types\/product"}],"wp:featuredmedia":[{"embeddable":true,"href":"https:\/\/agrozone.ee\/fi\/wp-json\/wp\/v2\/media\/5248"}],"wp:attachment":[{"href":"https:\/\/agrozone.ee\/fi\/wp-json\/wp\/v2\/media?parent=5205"}],"wp:term":[{"taxonomy":"product_brand","embeddable":true,"href":"https:\/\/agrozone.ee\/fi\/wp-json\/wp\/v2\/product_brand?post=5205"},{"taxonomy":"product_cat","embeddable":true,"href":"https:\/\/agrozone.ee\/fi\/wp-json\/wp\/v2\/product_cat?post=5205"},{"taxonomy":"product_tag","embeddable":true,"href":"https:\/\/agrozone.ee\/fi\/wp-json\/wp\/v2\/product_tag?post=5205"}],"curies":[{"name":"wp","href":"https:\/\/api.w.org\/{rel}","templated":true}]}}