{"id":52313,"date":"2025-06-16T18:38:13","date_gmt":"2025-06-16T16:38:13","guid":{"rendered":"https:\/\/agrozone.ee\/toode\/linnunpelatinnauha-80-m\/"},"modified":"2026-04-29T11:52:22","modified_gmt":"2026-04-29T09:52:22","slug":"linnunpelatinnauha-80-m","status":"publish","type":"product","link":"https:\/\/agrozone.ee\/fi\/tuote\/linnunpelatinnauha-80-m\/","title":{"rendered":"Linnunpel\u00e4tinnauha 80 m"},"content":{"rendered":"<p data-path-to-node=\"5\"><b data-path-to-node=\"5\" data-index-in-node=\"0\">Pelasta satosi ja nauti puutarhat\u00f6ist\u00e4 stressivapaasti!<\/b> Kuvittele se odottava hetki: puutarhassasi punertavat makeat mansikat ja mehukkaat kirsikat ovat juuri kypsym\u00e4ss\u00e4, mutta viime hetkell\u00e4 paikalle ehtii ahne lintuparvi. S\u00e4\u00e4st\u00e4 pitk\u00e4 vaivann\u00e4k\u00f6si ja nauti runsaasta ja koskemattomasta sadosta fiksun <b data-path-to-node=\"5\" data-index-in-node=\"293\">ekologisen tuholaistorjunnan<\/b> avulla! Agrozonen <b data-path-to-node=\"5\" data-index-in-node=\"334\">lintupel\u00e4tin-nauha<\/b> on huomaamaton mutta eritt\u00e4in tehokas apulainen jokaiselle puutarhurille, joka arvostaa ty\u00f6ns\u00e4 hedelmi\u00e4.  <\/p>\n<p data-path-to-node=\"6\"><b data-path-to-node=\"6\" data-index-in-node=\"0\">Miten kimalteleva taika toimii?<\/b> Unohda vaaralliset kemikaalit, el\u00e4imille haitalliset ansat tai rumat ja ep\u00e4mukavat verkot. T\u00e4m\u00e4 80-metrinen s\u00e4\u00e4nkest\u00e4v\u00e4 nauha suojaa puutarhaasi kahden sensorisen esteen avulla: <\/p>\n<ul data-path-to-node=\"7\">\n<li>\n<p data-path-to-node=\"7,0,0\"><b data-path-to-node=\"7,0,0\" data-index-in-node=\"0\">H\u00e4ik\u00e4isev\u00e4 valoleikki:<\/b> Nauhan erityinen holografinen pinta vangitsee auringons\u00e4teet ja luo tuulessa liikkuessaan kirkkaita v\u00e4l\u00e4hdyksi\u00e4. Visuaalinen levottomuus on linnuille selke\u00e4 vaaran merkki. <\/p>\n<\/li>\n<li>\n<p data-path-to-node=\"7,1,0\"><b data-path-to-node=\"7,1,0\" data-index-in-node=\"0\">H\u00e4iritsev\u00e4 \u00e4\u00e4nimaailma:<\/b> Jokaisella tuulenvireell\u00e4 materiaali saa aikaan erityist\u00e4 metallista havinaa. T\u00e4m\u00e4 ep\u00e4miellytt\u00e4v\u00e4 \u00e4\u00e4ni viestii siivekk\u00e4ille vieraille, ettei valittu alue ole turvallinen laskeutumiseen tai pesimiseen. <\/p>\n<\/li>\n<\/ul>\n<p data-path-to-node=\"8\"><b data-path-to-node=\"8\" data-index-in-node=\"0\">Sopusoinnussa luonnon ja nykyaikaisten eurooppalaisten trendien kanssa<\/b> Kest\u00e4vyys ja puutarhan monimuotoisuuden vaaliminen ovat nykyaikaisen luomuviljelyn kulmakivi\u00e4. T\u00e4m\u00e4 nauha on 100 % <b data-path-to-node=\"8\" data-index-in-node=\"155\">inhimillinen lintupel\u00e4tin<\/b>, joka ei vahingoita el\u00e4imi\u00e4 tai horjuta ekosysteemin tasapainoa. Se yksinkertaisesti ohjaa rastaat ja kottaraiset pois mansikkamaaltasi tai venelaituriltasi, pit\u00e4en puutarhan turvallisena my\u00f6s lemmikeillesi ja hy\u00f6dyllisille p\u00f6lytt\u00e4jille.  <\/p>\n<p data-path-to-node=\"9\"><b data-path-to-node=\"9\" data-index-in-node=\"0\">Agrozonen ammattilaisvinkki parhaaseen tulokseen:<\/b> <b data-path-to-node=\"9\" data-index-in-node=\"45\">Lintujen karkottaminen puutarhasta<\/b> on tehokkainta, kun asennat nauhan oikein. Leikkaa rullasta noin 50\u201380 cm pitki\u00e4 suikaleita ja sido ne hedelm\u00e4puiden ulommille oksille. <i data-path-to-node=\"9\" data-index-in-node=\"207\">T\u00e4rke\u00e4 kikka:<\/i> py\u00f6r\u00e4yt\u00e4 nauhaa pari kertaa akselinsa ymp\u00e4ri ennen sitomista! Syntynyt spiraalimainen muoto heijastaa valoa joka suunnasta ja saa aikaan huomattavasti enemm\u00e4n liikett\u00e4 ja v\u00e4l\u00e4hdyksi\u00e4, <b data-path-to-node=\"9\" data-index-in-node=\"393\">suojaten satoa<\/b> koko kauden ajan niin paahtavassa auringossa kuin rankkasateessakin.  <\/p>\n","protected":false},"excerpt":{"rendered":"<p>Pelasta satosi ja nauti puutarhat\u00f6ist\u00e4 stressivapaasti! Kuvittele se odottava hetki: puutarhassasi punertavat makeat mansikat ja mehukkaat kirsikat ovat juuri kypsym\u00e4ss\u00e4, mutta viime hetkell\u00e4 paikalle ehtii ahne lintuparvi. S\u00e4\u00e4st\u00e4 pitk\u00e4 vaivann\u00e4k\u00f6si ja nauti runsaasta ja koskemattomasta sadosta fiksun ekologisen tuholaistorjunnan avulla! Agrozonen lintupel\u00e4tin-nauha on huomaamaton mutta eritt\u00e4in tehokas apulainen jokaiselle puutarhurille, joka arvostaa ty\u00f6ns\u00e4 hedelmi\u00e4. Miten [&hellip;]<\/p>\n","protected":false},"featured_media":51193,"template":"","meta":{"_acf_changed":false,"_seopress_robots_primary_cat":"none","_seopress_titles_title":"Lintupel\u00e4tin-nauha 80 m \u2013 Inhimillinen sadonsuoja puutarhaan","_seopress_titles_desc":"Kimalteleva ja haviseva lintupel\u00e4tin-nauha suojaa marjat ja hedelm\u00e4puut turvallisesti. 100 % inhimillinen ja luontoyst\u00e4v\u00e4llinen ratkaisu. Varmista runsas sato ja tilaa jo t\u00e4n\u00e4\u00e4n!  ","_seopress_robots_index":"","_seopress_analysis_target_kw":"lintupel\u00e4tin,pel\u00e4tinnauha,kirsikoiden suojaus,marjatarhan suojaus,lintujen pel\u00e4tin,heijastava nauha,lintupel\u00e4tin-nauha,lintujen torjunta,lintujen karkottaminen,pel\u00e4tin,holografinen nauha,mansikoiden suojaus,lintujen karkotin,lintujen karkottaminen puutarhasta,inhimillinen lintupel\u00e4tin,ekologinen tuholaistorjunta,sadon suojaaminen","_gspb_post_css":""},"product_brand":[],"product_cat":[2392,2368,2912,2356,2363],"product_tag":[],"class_list":{"0":"post-52313","1":"product","2":"type-product","3":"status-publish","4":"has-post-thumbnail","6":"product_cat-kaikki-luokat","7":"product_cat-kasvihuoneet-lisavarusteet","8":"product_cat-lintujen-karkottimet","9":"product_cat-puutarhan-ja-kasvien-suojelu","10":"product_cat-puutarhatarvikkeet","12":"first","13":"instock","14":"featured","15":"taxable","16":"shipping-taxable","17":"purchasable","18":"product-type-simple"},"ct_brands":[],"acf":[],"_links":{"self":[{"href":"https:\/\/agrozone.ee\/fi\/wp-json\/wp\/v2\/product\/52313","targetHints":{"allow":["GET"]}}],"collection":[{"href":"https:\/\/agrozone.ee\/fi\/wp-json\/wp\/v2\/product"}],"about":[{"href":"https:\/\/agrozone.ee\/fi\/wp-json\/wp\/v2\/types\/product"}],"wp:featuredmedia":[{"embeddable":true,"href":"https:\/\/agrozone.ee\/fi\/wp-json\/wp\/v2\/media\/51193"}],"wp:attachment":[{"href":"https:\/\/agrozone.ee\/fi\/wp-json\/wp\/v2\/media?parent=52313"}],"wp:term":[{"taxonomy":"product_brand","embeddable":true,"href":"https:\/\/agrozone.ee\/fi\/wp-json\/wp\/v2\/product_brand?post=52313"},{"taxonomy":"product_cat","embeddable":true,"href":"https:\/\/agrozone.ee\/fi\/wp-json\/wp\/v2\/product_cat?post=52313"},{"taxonomy":"product_tag","embeddable":true,"href":"https:\/\/agrozone.ee\/fi\/wp-json\/wp\/v2\/product_tag?post=52313"}],"curies":[{"name":"wp","href":"https:\/\/api.w.org\/{rel}","templated":true}]}}