{"id":52337,"date":"2025-07-29T09:42:21","date_gmt":"2025-07-29T07:42:21","guid":{"rendered":"https:\/\/agrozone.ee\/toode\/linnunpelatin-haukka\/"},"modified":"2026-01-06T12:38:13","modified_gmt":"2026-01-06T10:38:13","slug":"linnunpelatin-haukka","status":"publish","type":"product","link":"https:\/\/agrozone.ee\/fi\/tuote\/linnunpelatin-haukka\/","title":{"rendered":"Linnunpel\u00e4tin Haukka"},"content":{"rendered":"<p><b>REALISTINEN ULKON\u00c4K\u00d6<\/b> \u2013 Linnun anatomisten yksityiskohtien, kuten siipien asennon, h\u00f6yhenpeitteen sek\u00e4 nokan muodon ja koon, tarkka j\u00e4ljitelm\u00e4 samoin kuin voimakas v\u00e4ritys tekev\u00e4t hahmosta onnistuneen aidon haukan j\u00e4ljitelm\u00e4n ja lis\u00e4\u00e4v\u00e4t siten mahdollisuuksia karkottaa tehokkaasti muita lintuja.<\/p>\n<p><b>SUURI KOKO<\/b> \u2013 Sen huomattava leveys ja korkeus luovat pienemmille linnuille uhan ja hallitsevuuden tunteen, mink\u00e4 vuoksi ne v\u00e4ltt\u00e4v\u00e4t karkottimen l\u00e4heisyytt\u00e4 s\u00e4ilytt\u00e4\u00e4kseen turvallisuutensa.<\/p>\n<p><b>YKSINKERTAINEN ASENNUS<\/b> \u2013 Pel\u00e4tin voidaan asentaa ripustamalla se mukana tulevalla narulla ja renkaalla. Tuulenpuuskat saavat pel\u00e4ttimen vaihtamaan asentoa, mik\u00e4 j\u00e4ljittelee todellisen haukan liikett\u00e4. <\/p>\n<p><b>ESTEETTINEN JA TURVALLINEN<\/b> \u2013 Pel\u00e4tin on todellisen haukan muotoinen ja kokoinen, joten se ei ainoastaan vaikuta tehokkaasti muihin lintuihin, vaan voi my\u00f6s olla mielenkiintoinen koriste-elementti parvekkeella, terassilla, hedelm\u00e4tarhassa tai puutarhassa; toisin kuin muissa pel\u00e4ttimiss\u00e4, siin\u00e4 ei ole ter\u00e4vi\u00e4 osia ja se toimii ainoastaan pelon luomisen periaatteella.<\/p>\n<h3>TEKNISI\u00c4 TIETOJA<\/h3>\n<ul>\n<li><b>Materiaali:<\/b> Haukka (PE) narulla (puuvilla + nailon)<\/li>\n<li><b>Naurun korkeus:<\/b> 20 cm<\/li>\n<li><b>Mitat:<\/b> 51 x 34 x 8 cm<\/li>\n<li><b>Painos:<\/b> 257 g<\/li>\n<\/ul>\n<p>Jokainen, jota linnut \u00e4rsytt\u00e4v\u00e4t, hy\u00f6tyy varmasti tehokkaasta linnunpel\u00e4ttimest\u00e4. Suuri haukka on n\u00e4lk\u00e4isten kottaraisten luonnollinen vihollinen, jotka tuhoavat hedelm\u00e4puiden satoa, samoin kuin \u00e4rsytt\u00e4v\u00e4t pulut, jotka rumentavat parvekkeita ja ikkunalautoja. Haukkamuotoinen linnunpel\u00e4tin on poikkeuksellisen tehokas tapa p\u00e4\u00e4st\u00e4 eroon kutsumattomista vieraista puutarhasta, tontilta tai talon ymp\u00e4rist\u00f6st\u00e4. T\u00e4llaisen tehokkaan linnunpel\u00e4ttimen ansiosta emme en\u00e4\u00e4 koskaan valita kottaraisten sy\u00f6mist\u00e4 kirsikoista tai mustuneesta parvekkeesta.   <\/p>\n","protected":false},"excerpt":{"rendered":"<p>REALISTINEN ULKON\u00c4K\u00d6 \u2013 Linnun anatomisten yksityiskohtien, kuten siipien asennon, h\u00f6yhenpeitteen sek\u00e4 nokan muodon ja koon, tarkka j\u00e4ljitelm\u00e4 samoin kuin voimakas v\u00e4ritys tekev\u00e4t hahmosta onnistuneen aidon haukan j\u00e4ljitelm\u00e4n ja lis\u00e4\u00e4v\u00e4t siten mahdollisuuksia karkottaa tehokkaasti muita lintuja. SUURI KOKO \u2013 Sen huomattava leveys ja korkeus luovat pienemmille linnuille uhan ja hallitsevuuden tunteen, mink\u00e4 vuoksi ne v\u00e4ltt\u00e4v\u00e4t karkottimen [&hellip;]<\/p>\n","protected":false},"featured_media":52321,"template":"","meta":{"_acf_changed":false,"_seopress_robots_primary_cat":"","_seopress_titles_title":"","_seopress_titles_desc":"","_seopress_robots_index":"","_gspb_post_css":""},"product_brand":[],"product_cat":[2392,2912,2356],"product_tag":[],"class_list":{"0":"post-52337","1":"product","2":"type-product","3":"status-publish","4":"has-post-thumbnail","6":"product_cat-kaikki-luokat","7":"product_cat-lintujen-karkottimet","8":"product_cat-puutarhan-ja-kasvien-suojelu","10":"first","11":"instock","12":"taxable","13":"shipping-taxable","14":"purchasable","15":"product-type-simple"},"ct_brands":[],"acf":[],"_links":{"self":[{"href":"https:\/\/agrozone.ee\/fi\/wp-json\/wp\/v2\/product\/52337","targetHints":{"allow":["GET"]}}],"collection":[{"href":"https:\/\/agrozone.ee\/fi\/wp-json\/wp\/v2\/product"}],"about":[{"href":"https:\/\/agrozone.ee\/fi\/wp-json\/wp\/v2\/types\/product"}],"wp:featuredmedia":[{"embeddable":true,"href":"https:\/\/agrozone.ee\/fi\/wp-json\/wp\/v2\/media\/52321"}],"wp:attachment":[{"href":"https:\/\/agrozone.ee\/fi\/wp-json\/wp\/v2\/media?parent=52337"}],"wp:term":[{"taxonomy":"product_brand","embeddable":true,"href":"https:\/\/agrozone.ee\/fi\/wp-json\/wp\/v2\/product_brand?post=52337"},{"taxonomy":"product_cat","embeddable":true,"href":"https:\/\/agrozone.ee\/fi\/wp-json\/wp\/v2\/product_cat?post=52337"},{"taxonomy":"product_tag","embeddable":true,"href":"https:\/\/agrozone.ee\/fi\/wp-json\/wp\/v2\/product_tag?post=52337"}],"curies":[{"name":"wp","href":"https:\/\/api.w.org\/{rel}","templated":true}]}}