{"id":52358,"date":"2025-07-29T12:17:57","date_gmt":"2025-07-29T10:17:57","guid":{"rendered":"https:\/\/agrozone.ee\/?post_type=product&#038;p=52358"},"modified":"2026-03-30T17:39:56","modified_gmt":"2026-03-30T15:39:56","slug":"kurk-wisconsin","status":"publish","type":"product","link":"https:\/\/agrozone.ee\/fi\/tuote\/kurk-wisconsin\/","title":{"rendered":"KURK WISCONSIN"},"content":{"rendered":"<p>Keskvalmiv, k\u00f5rge saagikusega sort.<\/p>\n<p>Viljad on rohelised, kauni kujuga ja sobivad v\u00e4rskelt s\u00f6\u00f6miseks.<\/p>\n<p>Saaki saab kasvatada avamaal ja katmikalal.<\/p>\n<p>Kurke soovitatakse samasse kohta uuesti istutada alles 2\u20133 aasta p\u00e4rast.<\/p>\n<p>See sort sobib nii v\u00e4rskelt tarbimiseks kui ka konserveerimiseks.<\/p>\n<ul>\n<li>Seemnete arv &#8211; 15-20 tk<\/li>\n<li>K\u00fclviaeg mulda &#8211; V-VI<\/li>\n<li>K\u00fclviaeg kasvuhoonesse &#8211; IV<\/li>\n<li>Vahekaugused, cm &#8211; 80&#215;20<\/li>\n<li>Saagikoristus &#8211; VII-VIII<\/li>\n<\/ul>\n","protected":false},"excerpt":{"rendered":"<p>Keskvalmiv, k\u00f5rge saagikusega sort. Viljad on rohelised, kauni kujuga ja sobivad v\u00e4rskelt s\u00f6\u00f6miseks. Saaki saab kasvatada avamaal ja katmikalal. Kurke soovitatakse samasse kohta uuesti istutada alles 2\u20133 aasta p\u00e4rast. See sort sobib nii v\u00e4rskelt tarbimiseks kui ka konserveerimiseks. Seemnete arv &#8211; 15-20 tk K\u00fclviaeg mulda &#8211; V-VI K\u00fclviaeg kasvuhoonesse &#8211; IV Vahekaugused, cm &#8211; 80&#215;20 [&hellip;]<\/p>\n","protected":false},"featured_media":52361,"template":"","meta":{"_acf_changed":false,"_seopress_robots_primary_cat":"none","_seopress_titles_title":"","_seopress_titles_desc":"","_seopress_robots_index":"","_gspb_post_css":""},"product_brand":[],"product_cat":[15,88,320,87],"product_tag":[],"class_list":{"0":"post-52358","1":"product","2":"type-product","3":"status-publish","4":"has-post-thumbnail","6":"product_cat-koik-kategooriad","7":"product_cat-koogiviljaseemned","8":"product_cat-kurk","9":"product_cat-seemned","11":"first","12":"instock","13":"taxable","14":"shipping-taxable","15":"purchasable","16":"product-type-simple"},"ct_brands":[],"acf":[],"_links":{"self":[{"href":"https:\/\/agrozone.ee\/fi\/wp-json\/wp\/v2\/product\/52358","targetHints":{"allow":["GET"]}}],"collection":[{"href":"https:\/\/agrozone.ee\/fi\/wp-json\/wp\/v2\/product"}],"about":[{"href":"https:\/\/agrozone.ee\/fi\/wp-json\/wp\/v2\/types\/product"}],"wp:featuredmedia":[{"embeddable":true,"href":"https:\/\/agrozone.ee\/fi\/wp-json\/wp\/v2\/media\/52361"}],"wp:attachment":[{"href":"https:\/\/agrozone.ee\/fi\/wp-json\/wp\/v2\/media?parent=52358"}],"wp:term":[{"taxonomy":"product_brand","embeddable":true,"href":"https:\/\/agrozone.ee\/fi\/wp-json\/wp\/v2\/product_brand?post=52358"},{"taxonomy":"product_cat","embeddable":true,"href":"https:\/\/agrozone.ee\/fi\/wp-json\/wp\/v2\/product_cat?post=52358"},{"taxonomy":"product_tag","embeddable":true,"href":"https:\/\/agrozone.ee\/fi\/wp-json\/wp\/v2\/product_tag?post=52358"}],"curies":[{"name":"wp","href":"https:\/\/api.w.org\/{rel}","templated":true}]}}