{"id":52365,"date":"2025-07-29T12:23:41","date_gmt":"2025-07-29T10:23:41","guid":{"rendered":"https:\/\/agrozone.ee\/?post_type=product&#038;p=52365"},"modified":"2026-03-30T10:06:32","modified_gmt":"2026-03-30T08:06:32","slug":"porgand-purple-sun-h","status":"publish","type":"product","link":"https:\/\/agrozone.ee\/fi\/tuote\/porgand-purple-sun-h\/","title":{"rendered":"PORGAND PURPLE SUN H"},"content":{"rendered":"<p><b>Varajane, suure saagikusega ja haiguskindel h\u00fcbriidsort.<\/b><\/p>\n<p>See sobib kasvatamiseks ka s\u00fcgiseseks saagiks v\u00f5i s\u00e4ilitamiseks; sel juhul tuleks seemned k\u00fclvata 20. maist 10. juunini.<\/p>\n<p>Viljad on 25\u201330 cm pikad, magusad ja aromaatsed.<\/p>\n<p>Nad sisaldavad looduslikku pigmenti antots\u00fcaniini, mis annab juurviljadele seest ja v\u00e4ljast lilla v\u00e4rvuse.<\/p>\n<p>See sort ei kaota v\u00e4rvi ka p\u00e4rast kuumt\u00f6\u00f6tlust.<\/p>\n<p>Sobib tarbimiseks v\u00e4rskelt, salatites ja mahlades.<\/p>\n<ul>\n<li>Seemnete arv ~ 400-500<\/li>\n<li>K\u00fclviaeg mulda &#8211; III-V<\/li>\n<li>Vahekaugused, cm &#8211; 20&#215;5<\/li>\n<li>Saagikoristus &#8211; VI-VIII<\/li>\n<\/ul>\n","protected":false},"excerpt":{"rendered":"<p>Daucus carota L.<\/p>\n","protected":false},"featured_media":52368,"template":"","meta":{"_acf_changed":false,"_seopress_robots_primary_cat":"none","_seopress_titles_title":"","_seopress_titles_desc":"","_seopress_robots_index":"","_gspb_post_css":""},"product_brand":[],"product_cat":[15,88,380,87],"product_tag":[],"class_list":{"0":"post-52365","1":"product","2":"type-product","3":"status-publish","4":"has-post-thumbnail","6":"product_cat-koik-kategooriad","7":"product_cat-koogiviljaseemned","8":"product_cat-porgand","9":"product_cat-seemned","11":"first","12":"instock","13":"taxable","14":"shipping-taxable","15":"purchasable","16":"product-type-simple"},"ct_brands":[],"acf":[],"_links":{"self":[{"href":"https:\/\/agrozone.ee\/fi\/wp-json\/wp\/v2\/product\/52365","targetHints":{"allow":["GET"]}}],"collection":[{"href":"https:\/\/agrozone.ee\/fi\/wp-json\/wp\/v2\/product"}],"about":[{"href":"https:\/\/agrozone.ee\/fi\/wp-json\/wp\/v2\/types\/product"}],"wp:featuredmedia":[{"embeddable":true,"href":"https:\/\/agrozone.ee\/fi\/wp-json\/wp\/v2\/media\/52368"}],"wp:attachment":[{"href":"https:\/\/agrozone.ee\/fi\/wp-json\/wp\/v2\/media?parent=52365"}],"wp:term":[{"taxonomy":"product_brand","embeddable":true,"href":"https:\/\/agrozone.ee\/fi\/wp-json\/wp\/v2\/product_brand?post=52365"},{"taxonomy":"product_cat","embeddable":true,"href":"https:\/\/agrozone.ee\/fi\/wp-json\/wp\/v2\/product_cat?post=52365"},{"taxonomy":"product_tag","embeddable":true,"href":"https:\/\/agrozone.ee\/fi\/wp-json\/wp\/v2\/product_tag?post=52365"}],"curies":[{"name":"wp","href":"https:\/\/api.w.org\/{rel}","templated":true}]}}