{"id":52372,"date":"2025-07-29T12:29:40","date_gmt":"2025-07-29T10:29:40","guid":{"rendered":"https:\/\/agrozone.ee\/?post_type=product&#038;p=52372"},"modified":"2026-04-13T21:06:26","modified_gmt":"2026-04-13T19:06:26","slug":"hernes-bullseye","status":"publish","type":"product","link":"https:\/\/agrozone.ee\/fi\/tuote\/hernes-bullseye\/","title":{"rendered":"HERNES BULLSEYE"},"content":{"rendered":"<p>Varajane, suure saagikusega ja haiguskindel sort.<\/p>\n<p>Taimed ei vaja tuge, nende k\u00f5rgus on 50\u201370 cm.<\/p>\n<p>Kaunad on 9\u201312 cm pikad ja sisaldavad 8\u20139 suurt tera.<\/p>\n<p>Herned on v\u00e4ga maitsvad ja magusad.<\/p>\n<p>Sobivad v\u00e4rskelt s\u00f6\u00f6miseks ja s\u00fcgavk\u00fclmutamiseks.<\/p>\n<ul>\n<li>Kogus pakis &#8211; 10 g<\/li>\n<\/ul>\n","protected":false},"excerpt":{"rendered":"<p>Pisum sativum L. (patrim)<\/p>\n","protected":false},"featured_media":52375,"template":"","meta":{"_acf_changed":false,"_seopress_robots_primary_cat":"none","_seopress_titles_title":"","_seopress_titles_desc":"","_seopress_robots_index":"","_gspb_post_css":""},"product_brand":[2568],"product_cat":[332,15,88,2995,87],"product_tag":[],"class_list":{"0":"post-52372","1":"product","2":"type-product","3":"status-publish","4":"has-post-thumbnail","6":"product_brand-agronom","7":"product_cat-hernes","8":"product_cat-koik-kategooriad","9":"product_cat-koogiviljaseemned","10":"product_cat-mikrovorsed-idandamiseks","11":"product_cat-seemned","13":"first","14":"instock","15":"taxable","16":"shipping-taxable","17":"purchasable","18":"product-type-simple"},"ct_brands":[{"id":2568,"name":"AGRONOM","slug":"agronom"}],"acf":[],"_links":{"self":[{"href":"https:\/\/agrozone.ee\/fi\/wp-json\/wp\/v2\/product\/52372","targetHints":{"allow":["GET"]}}],"collection":[{"href":"https:\/\/agrozone.ee\/fi\/wp-json\/wp\/v2\/product"}],"about":[{"href":"https:\/\/agrozone.ee\/fi\/wp-json\/wp\/v2\/types\/product"}],"wp:featuredmedia":[{"embeddable":true,"href":"https:\/\/agrozone.ee\/fi\/wp-json\/wp\/v2\/media\/52375"}],"wp:attachment":[{"href":"https:\/\/agrozone.ee\/fi\/wp-json\/wp\/v2\/media?parent=52372"}],"wp:term":[{"taxonomy":"product_brand","embeddable":true,"href":"https:\/\/agrozone.ee\/fi\/wp-json\/wp\/v2\/product_brand?post=52372"},{"taxonomy":"product_cat","embeddable":true,"href":"https:\/\/agrozone.ee\/fi\/wp-json\/wp\/v2\/product_cat?post=52372"},{"taxonomy":"product_tag","embeddable":true,"href":"https:\/\/agrozone.ee\/fi\/wp-json\/wp\/v2\/product_tag?post=52372"}],"curies":[{"name":"wp","href":"https:\/\/api.w.org\/{rel}","templated":true}]}}