{"id":52379,"date":"2025-07-29T12:35:07","date_gmt":"2025-07-29T10:35:07","guid":{"rendered":"https:\/\/agrozone.ee\/?post_type=product&#038;p=52379"},"modified":"2025-12-07T19:18:30","modified_gmt":"2025-12-07T17:18:30","slug":"suureoieline-sametlill-monarch","status":"publish","type":"product","link":"https:\/\/agrozone.ee\/fi\/tuote\/suureoieline-sametlill-monarch\/","title":{"rendered":"Suure\u00f5ieline sametlill MONARCH"},"content":{"rendered":"<p><b>\u00dcheaastane k\u00fclmakindel asalea, mis \u00f5itseb \u00f5ues 60\u201390 p\u00e4eva.<\/b><\/p>\n<p>Kasvab kuni 30 cm k\u00f5rguseks.<\/p>\n<p>\u00d5ied on 5\u20137 cm l\u00e4bim\u00f5\u00f5duga, erksad, t\u00e4idis- v\u00f5i poolt\u00e4idis\u00f5ielised.<\/p>\n<p>Kasvab ja \u00f5itseb k\u00f5ige paremini p\u00e4ikeselises kohas, raskemas mullas; p\u00f5uaperioodil on soovitatav kasta.<\/p>\n<p>Lihtne kasvatada ja v\u00e4he hooldust vajav.<\/p>\n<p>Sobib kasvatamiseks segapeenardes, suuremates r\u00fchmades peenardel ja v\u00e4listingimustes pottides.<\/p>\n<p>K\u00f5rgemaid \u00f5isikuid saab l\u00f5igata kimpudeks.<\/p>\n<p>Vastupidav k\u00fclmale, noored idanenud seemikud taluvad kevadisi \u00f6\u00f6k\u00fclmi.<\/p>\n<p>Isek\u00fclvav.<\/p>\n<ul>\n<li>Kogus pakis &#8211; 0,5g<\/li>\n<li>K\u00fclviaeg mulda &#8211; IV-V, X<\/li>\n<li>\u00d5itsemisperiood &#8211; VII-IX<\/li>\n<li>\u00dcmberistutamine &#8211; V-VI<\/li>\n<\/ul>\n","protected":false},"excerpt":{"rendered":"<p>Godetia grandiflora Lindl.<\/p>\n","protected":false},"featured_media":52382,"template":"","meta":{"_acf_changed":false,"_seopress_robots_primary_cat":"none","_seopress_titles_title":"","_seopress_titles_desc":"","_seopress_robots_index":"","_gspb_post_css":""},"product_brand":[],"product_cat":[15,100,87],"product_tag":[],"class_list":{"0":"post-52379","1":"product","2":"type-product","3":"status-publish","4":"has-post-thumbnail","6":"product_cat-koik-kategooriad","7":"product_cat-lilleseemned","8":"product_cat-seemned","10":"first","11":"instock","12":"taxable","13":"shipping-taxable","14":"purchasable","15":"product-type-simple"},"ct_brands":[],"acf":[],"_links":{"self":[{"href":"https:\/\/agrozone.ee\/fi\/wp-json\/wp\/v2\/product\/52379","targetHints":{"allow":["GET"]}}],"collection":[{"href":"https:\/\/agrozone.ee\/fi\/wp-json\/wp\/v2\/product"}],"about":[{"href":"https:\/\/agrozone.ee\/fi\/wp-json\/wp\/v2\/types\/product"}],"wp:featuredmedia":[{"embeddable":true,"href":"https:\/\/agrozone.ee\/fi\/wp-json\/wp\/v2\/media\/52382"}],"wp:attachment":[{"href":"https:\/\/agrozone.ee\/fi\/wp-json\/wp\/v2\/media?parent=52379"}],"wp:term":[{"taxonomy":"product_brand","embeddable":true,"href":"https:\/\/agrozone.ee\/fi\/wp-json\/wp\/v2\/product_brand?post=52379"},{"taxonomy":"product_cat","embeddable":true,"href":"https:\/\/agrozone.ee\/fi\/wp-json\/wp\/v2\/product_cat?post=52379"},{"taxonomy":"product_tag","embeddable":true,"href":"https:\/\/agrozone.ee\/fi\/wp-json\/wp\/v2\/product_tag?post=52379"}],"curies":[{"name":"wp","href":"https:\/\/api.w.org\/{rel}","templated":true}]}}