{"id":52386,"date":"2025-07-29T12:40:53","date_gmt":"2025-07-29T10:40:53","guid":{"rendered":"https:\/\/agrozone.ee\/?post_type=product&#038;p=52386"},"modified":"2025-12-03T16:33:38","modified_gmt":"2025-12-03T14:33:38","slug":"laanemagun-californian","status":"publish","type":"product","link":"https:\/\/agrozone.ee\/fi\/tuote\/laanemagun-californian\/","title":{"rendered":"L\u00c4\u00c4NEMAGUN CALIFORNIAN"},"content":{"rendered":"<p>\u00dcheaastased, v\u00e4he hoolt vajavad lilled.<\/p>\n<p>Sobivad istutamiseks lillepeenardesse ja kimpudeks korjamiseks.<\/p>\n<p>\u00d5ied on 3\u20134 cm l\u00e4bim\u00f5\u00f5duga, erksad ja \u00f5itsevad rikkalikult.<\/p>\n<p>Kasvatatakse lilleaedades, sobivad k\u00fclvamiseks \u00f5itsvatele muruplatsidele.<\/p>\n<p>Mulla suhtes ei ole n\u00f5udlikud.<\/p>\n<ul>\n<li>Seemnete arv ~ 350<\/li>\n<li>K\u00fclviaeg mulda &#8211; IV-VI<\/li>\n<li>Vahekaugused, cm &#8211; 10&#215;15<\/li>\n<\/ul>\n","protected":false},"excerpt":{"rendered":"<p>Eshscholzia californica Cham.<\/p>\n","protected":false},"featured_media":52389,"template":"","meta":{"_acf_changed":false,"_seopress_robots_primary_cat":"none","_seopress_titles_title":"","_seopress_titles_desc":"","_seopress_robots_index":"","_gspb_post_css":""},"product_brand":[],"product_cat":[15,100,1212,87],"product_tag":[],"class_list":{"0":"post-52386","1":"product","2":"type-product","3":"status-publish","4":"has-post-thumbnail","6":"product_cat-koik-kategooriad","7":"product_cat-lilleseemned","8":"product_cat-mitmesugused","9":"product_cat-seemned","11":"first","12":"instock","13":"taxable","14":"shipping-taxable","15":"purchasable","16":"product-type-simple"},"ct_brands":[],"acf":[],"_links":{"self":[{"href":"https:\/\/agrozone.ee\/fi\/wp-json\/wp\/v2\/product\/52386","targetHints":{"allow":["GET"]}}],"collection":[{"href":"https:\/\/agrozone.ee\/fi\/wp-json\/wp\/v2\/product"}],"about":[{"href":"https:\/\/agrozone.ee\/fi\/wp-json\/wp\/v2\/types\/product"}],"wp:featuredmedia":[{"embeddable":true,"href":"https:\/\/agrozone.ee\/fi\/wp-json\/wp\/v2\/media\/52389"}],"wp:attachment":[{"href":"https:\/\/agrozone.ee\/fi\/wp-json\/wp\/v2\/media?parent=52386"}],"wp:term":[{"taxonomy":"product_brand","embeddable":true,"href":"https:\/\/agrozone.ee\/fi\/wp-json\/wp\/v2\/product_brand?post=52386"},{"taxonomy":"product_cat","embeddable":true,"href":"https:\/\/agrozone.ee\/fi\/wp-json\/wp\/v2\/product_cat?post=52386"},{"taxonomy":"product_tag","embeddable":true,"href":"https:\/\/agrozone.ee\/fi\/wp-json\/wp\/v2\/product_tag?post=52386"}],"curies":[{"name":"wp","href":"https:\/\/api.w.org\/{rel}","templated":true}]}}