{"id":52416,"date":"2025-07-29T12:51:19","date_gmt":"2025-07-29T10:51:19","guid":{"rendered":"https:\/\/agrozone.ee\/?post_type=product&#038;p=52416"},"modified":"2025-07-31T09:08:23","modified_gmt":"2025-07-31T07:08:23","slug":"talisibul-strada","status":"publish","type":"product","link":"https:\/\/agrozone.ee\/fi\/tuote\/talisibul-strada\/","title":{"rendered":"TALISIBUL STRADA"},"content":{"rendered":"<p><b>Varajane, saagikas talisibula sort.<\/b><\/p>\n<p>Vegetatsiooniperiood on 55\u201365 p\u00e4eva.<\/p>\n<p>Ei moodusta mugulaid (juurvilju).<\/p>\n<p>Lehed on maheda maitsega,<\/p>\n<p>pikad, valge paksu varrega.<\/p>\n<p>Kasvatatakse kasvuhoonetes, avamaal ja kattelooriga.<\/p>\n<p>Varajase kevadise saagi saamiseks v\u00f5ib k\u00fclvata s\u00fcgisel.<\/p>\n<ul>\n<li>K\u00fclviaeg mulda &#8211; III-VI<\/li>\n<li>K\u00fclviaeg seemikutele &#8211; III-IV<\/li>\n<li>K\u00fclviaeg kasvuhoonesse &#8211; III-IV<\/li>\n<li>Vahekaugused, cm &#8211; 15&#215;10<\/li>\n<li>Saagikoristus &#8211; VI-VIII<\/li>\n<\/ul>\n","protected":false},"excerpt":{"rendered":"<p>Allium fistulosum L.<\/p>\n","protected":false},"featured_media":52419,"template":"","meta":{"_acf_changed":false,"_seopress_robots_primary_cat":"none","_seopress_titles_title":"","_seopress_titles_desc":"","_seopress_robots_index":"","_gspb_post_css":""},"product_brand":[],"product_cat":[15,88,87,403],"product_tag":[],"class_list":{"0":"post-52416","1":"product","2":"type-product","3":"status-publish","4":"has-post-thumbnail","6":"product_cat-koik-kategooriad","7":"product_cat-koogiviljaseemned","8":"product_cat-seemned","9":"product_cat-sibul","11":"first","12":"instock","13":"taxable","14":"shipping-taxable","15":"purchasable","16":"product-type-simple"},"ct_brands":[],"acf":[],"_links":{"self":[{"href":"https:\/\/agrozone.ee\/fi\/wp-json\/wp\/v2\/product\/52416","targetHints":{"allow":["GET"]}}],"collection":[{"href":"https:\/\/agrozone.ee\/fi\/wp-json\/wp\/v2\/product"}],"about":[{"href":"https:\/\/agrozone.ee\/fi\/wp-json\/wp\/v2\/types\/product"}],"wp:featuredmedia":[{"embeddable":true,"href":"https:\/\/agrozone.ee\/fi\/wp-json\/wp\/v2\/media\/52419"}],"wp:attachment":[{"href":"https:\/\/agrozone.ee\/fi\/wp-json\/wp\/v2\/media?parent=52416"}],"wp:term":[{"taxonomy":"product_brand","embeddable":true,"href":"https:\/\/agrozone.ee\/fi\/wp-json\/wp\/v2\/product_brand?post=52416"},{"taxonomy":"product_cat","embeddable":true,"href":"https:\/\/agrozone.ee\/fi\/wp-json\/wp\/v2\/product_cat?post=52416"},{"taxonomy":"product_tag","embeddable":true,"href":"https:\/\/agrozone.ee\/fi\/wp-json\/wp\/v2\/product_tag?post=52416"}],"curies":[{"name":"wp","href":"https:\/\/api.w.org\/{rel}","templated":true}]}}