{"id":52431,"date":"2025-07-29T13:01:43","date_gmt":"2025-07-29T11:01:43","guid":{"rendered":"https:\/\/agrozone.ee\/?post_type=product&#038;p=52431"},"modified":"2025-08-01T08:26:32","modified_gmt":"2025-08-01T06:26:32","slug":"naarmeline-kivimunt-fsn","status":"publish","type":"product","link":"https:\/\/agrozone.ee\/fi\/tuote\/naarmeline-kivimunt-fsn\/","title":{"rendered":"N\u00c4\u00c4RMELINE KIVIM\u00dcNT FSN"},"content":{"rendered":"<p>P\u00fcsilill, mis \u00f5itseb esimesel aastal p\u00e4rast k\u00fclvi, kasvades kompaktseks, kuni 40 cm k\u00f5rguseks.<\/p>\n<p>\u00d5itseb rikkalikult ja pikalt suve teisel poolel, olles eelistatud dekoratiivtaimena erinevates lillepeenarde stiilides.<\/p>\n<p>Sobib h\u00e4sti kokku l\u00fchikest aega \u00f5itsevate lilledega.<\/p>\n<p>Ei n\u00f5ua spetsiifilisi mullatingimusi ja kasvab k\u00f5ige paremini p\u00e4ikeselises kohas, h\u00e4sti kuivendatud mullas.<\/p>\n<p>Istutatud seemikud v\u00f5ivad samas kohas p\u00fcsida mitu aastat.<\/p>\n<ul>\n<li>K\u00fclviaeg mulda &#8211; V<\/li>\n<li>K\u00fclviaeg seemikutele &#8211; III-IV<\/li>\n<li>K\u00fclviaeg kasvuhoonesse &#8211; III-IV<\/li>\n<li>\u00dcmberistutamine &#8211; V-VI<\/li>\n<li>Vahekaugused, cm &#8211; 30-35<\/li>\n<li>\u00d5itsemisperiood &#8211; VIII-X<\/li>\n<li>Taime k\u00f5rgus &#8211; 30-35<\/li>\n<\/ul>\n","protected":false},"excerpt":{"rendered":"<p>Calamintha nepeta<\/p>\n","protected":false},"featured_media":52434,"template":"","meta":{"_acf_changed":false,"_seopress_robots_primary_cat":"none","_seopress_titles_title":"%%post_title%%","_seopress_titles_desc":"%%post_excerpt%%","_seopress_robots_index":"","_gspb_post_css":""},"product_brand":[],"product_cat":[15,100,1206,87],"product_tag":[],"class_list":{"0":"post-52431","1":"product","2":"type-product","3":"status-publish","4":"has-post-thumbnail","6":"product_cat-koik-kategooriad","7":"product_cat-lilleseemned","8":"product_cat-mitmeaastased","9":"product_cat-seemned","11":"first","12":"instock","13":"taxable","14":"shipping-taxable","15":"purchasable","16":"product-type-simple"},"ct_brands":[],"acf":[],"_links":{"self":[{"href":"https:\/\/agrozone.ee\/fi\/wp-json\/wp\/v2\/product\/52431","targetHints":{"allow":["GET"]}}],"collection":[{"href":"https:\/\/agrozone.ee\/fi\/wp-json\/wp\/v2\/product"}],"about":[{"href":"https:\/\/agrozone.ee\/fi\/wp-json\/wp\/v2\/types\/product"}],"wp:featuredmedia":[{"embeddable":true,"href":"https:\/\/agrozone.ee\/fi\/wp-json\/wp\/v2\/media\/52434"}],"wp:attachment":[{"href":"https:\/\/agrozone.ee\/fi\/wp-json\/wp\/v2\/media?parent=52431"}],"wp:term":[{"taxonomy":"product_brand","embeddable":true,"href":"https:\/\/agrozone.ee\/fi\/wp-json\/wp\/v2\/product_brand?post=52431"},{"taxonomy":"product_cat","embeddable":true,"href":"https:\/\/agrozone.ee\/fi\/wp-json\/wp\/v2\/product_cat?post=52431"},{"taxonomy":"product_tag","embeddable":true,"href":"https:\/\/agrozone.ee\/fi\/wp-json\/wp\/v2\/product_tag?post=52431"}],"curies":[{"name":"wp","href":"https:\/\/api.w.org\/{rel}","templated":true}]}}