{"id":52545,"date":"2025-07-31T11:38:45","date_gmt":"2025-07-31T09:38:45","guid":{"rendered":"https:\/\/agrozone.ee\/toode\/syksyn-ruoho-vuodevaatteet\/"},"modified":"2025-07-31T11:38:45","modified_gmt":"2025-07-31T09:38:45","slug":"syksyn-ruoho-vuodevaatteet","status":"publish","type":"product","link":"https:\/\/agrozone.ee\/fi\/tuote\/syksyn-ruoho-vuodevaatteet\/","title":{"rendered":"Syksyn ruoho vuodevaatteet"},"content":{"rendered":"<p><span class=\"TextRun SCXW120595568 BCX8\" lang=\"ET-EE\" data-contrast=\"auto\" xml:lang=\"ET-EE\"><span class=\"NormalTextRun SCXW120595568 BCX8\" data-ccp-parastyle=\"No Spacing\">NPK-lannoite N-P<\/span><\/span><span class=\"TextRun SCXW120595568 BCX8\" lang=\"ET-EE\" data-contrast=\"auto\" xml:lang=\"ET-EE\"><span class=\"NormalTextRun Subscript SCXW120595568 BCX8\" data-fontsize=\"11\" data-ccp-parastyle=\"No Spacing\">2<\/span><\/span><span class=\"TextRun SCXW120595568 BCX8\" lang=\"ET-EE\" data-contrast=\"auto\" xml:lang=\"ET-EE\"><span class=\"NormalTextRun SCXW120595568 BCX8\" data-ccp-parastyle=\"No Spacing\">O<\/span><\/span><span class=\"TextRun SCXW120595568 BCX8\" lang=\"ET-EE\" data-contrast=\"auto\" xml:lang=\"ET-EE\"><span class=\"NormalTextRun Subscript SCXW120595568 BCX8\" data-fontsize=\"11\" data-ccp-parastyle=\"No Spacing\">5<\/span><\/span><span class=\"TextRun SCXW120595568 BCX8\" lang=\"ET-EE\" data-contrast=\"auto\" xml:lang=\"ET-EE\"><span class=\"NormalTextRun SCXW120595568 BCX8\" data-ccp-parastyle=\"No Spacing\">-K<\/span><\/span><span class=\"TextRun SCXW120595568 BCX8\" lang=\"ET-EE\" data-contrast=\"auto\" xml:lang=\"ET-EE\"><span class=\"NormalTextRun Subscript SCXW120595568 BCX8\" data-fontsize=\"11\" data-ccp-parastyle=\"No Spacing\">2<\/span><\/span><span class=\"TextRun SCXW120595568 BCX8\" lang=\"ET-EE\" data-contrast=\"auto\" xml:lang=\"ET-EE\"><span class=\"NormalTextRun SCXW120595568 BCX8\" data-ccp-parastyle=\"No Spacing\">O (CaO+MgO+SO<\/span><\/span><span class=\"TextRun SCXW120595568 BCX8\" lang=\"ET-EE\" data-contrast=\"auto\" xml:lang=\"ET-EE\"><span class=\"NormalTextRun Subscript SCXW120595568 BCX8\" data-fontsize=\"11\" data-ccp-parastyle=\"No Spacing\">3<\/span><\/span><span class=\"TextRun SCXW120595568 BCX8\" lang=\"ET-EE\" data-contrast=\"auto\" xml:lang=\"ET-EE\"><span class=\"NormalTextRun SCXW120595568 BCX8\" data-ccp-parastyle=\"No Spacing\">) 3-8-20 (3+2+30), sis\u00e4lt\u00e4\u00e4 booria.<\/span><\/span><\/p>\n<p><span data-contrast=\"auto\">Soveltuu kaikenlaisten nurmikoiden syyshuoltoon. Toisin kuin puutarhakasvit, nurmikot tarvitsevat pienen m\u00e4\u00e4r\u00e4n typpe\u00e4 varastoidakseen ravinteita juuriinsa talven yli. Syyslannoitus auttaa nurmikkoa pysym\u00e4\u00e4n kauniin vihre\u00e4n\u00e4, kest\u00e4m\u00e4\u00e4n talvipakkasia, pysym\u00e4\u00e4n terveen\u00e4 ja olemaan valmiina kev\u00e4\u00e4n kasvuun.    <\/span><span data-ccp-props=\"{\"201341983\":0,\"335559739\":0,\"335559740\":240}\"> <\/span><\/p>\n<p><b><span data-contrast=\"auto\">K\u00c4YTT\u00d6<\/span><\/b><span data-ccp-props=\"{\"201341983\":0,\"335559739\":0,\"335559740\":240}\"> <\/span><\/p>\n<p><span data-contrast=\"auto\">K\u00e4ytt\u00f6 elokuusta lokakuuhun.<\/span><span data-ccp-props=\"{\"201341983\":0,\"335559739\":0,\"335559740\":240}\"> <\/span><\/p>\n<p><span data-contrast=\"auto\">Rakeet kylvet\u00e4\u00e4n tasaisesti kuivalle ruoholle. Kastelu tai sade nopeuttaa lannoitteen vaikutusta. <\/span><span data-ccp-props=\"{\"201341983\":0,\"335559739\":0,\"335559740\":240}\"> <\/span><\/p>\n<p><b><span data-contrast=\"auto\">K\u00c4YTT\u00d6M\u00c4\u00c4R\u00c4<\/span><\/b><span data-ccp-props=\"{\"201341983\":0,\"335559739\":0,\"335559740\":240}\"> <\/span><\/p>\n<p><span data-contrast=\"auto\">2-5 kg\/100 m<\/span><span data-contrast=\"auto\">2<\/span><span data-ccp-props=\"{\"201341983\":0,\"335559739\":0,\"335559740\":240}\"> <\/span><\/p>\n<p><span data-contrast=\"auto\">Ruoho Augusto-octobris: 2-5 kg\/100 m.<\/span><span data-contrast=\"auto\">2<\/span><span data-contrast=\"auto\">.<\/span><span data-ccp-props=\"{\"201341983\":0,\"335559739\":0,\"335559740\":240}\"> <\/span><\/p>\n<p><span data-contrast=\"auto\">Nurmikon perustaminen: 6-10 kg\/100 m<\/span><span data-contrast=\"auto\">2<\/span><span data-ccp-props=\"{\"201341983\":0,\"335559739\":0,\"335559740\":240}\"> <\/span><\/p>\n","protected":false},"excerpt":{"rendered":"<p>NPK-lannoite N-P2O5-K2O (CaO+MgO+SO3) 3-8-20 (3+2+30), sis\u00e4lt\u00e4\u00e4 booria. Soveltuu kaikenlaisten nurmikoiden syyshuoltoon. Toisin kuin puutarhakasvit, nurmikot tarvitsevat pienen m\u00e4\u00e4r\u00e4n typpe\u00e4 varastoidakseen ravinteita juuriinsa talven yli. Syyslannoitus auttaa nurmikkoa pysym\u00e4\u00e4n kauniin vihre\u00e4n\u00e4, kest\u00e4m\u00e4\u00e4n talvipakkasia, pysym\u00e4\u00e4n terveen\u00e4 ja olemaan valmiina kev\u00e4\u00e4n kasvuun. K\u00c4YTT\u00d6 K\u00e4ytt\u00f6 elokuusta lokakuuhun. Rakeet kylvet\u00e4\u00e4n tasaisesti kuivalle ruoholle. Kastelu tai sade nopeuttaa lannoitteen vaikutusta. K\u00c4YTT\u00d6M\u00c4\u00c4R\u00c4 [&hellip;]<\/p>\n","protected":false},"featured_media":52511,"template":"","meta":{"_acf_changed":false,"_seopress_robots_primary_cat":"none","_seopress_titles_title":"%%post_title%%","_seopress_titles_desc":"%%post_excerpt%%%","_seopress_robots_index":"","_gspb_post_css":""},"product_brand":[],"product_cat":[2392,2438,2463,2466],"product_tag":[],"class_list":{"0":"post-52545","1":"product","2":"type-product","3":"status-publish","4":"has-post-thumbnail","6":"product_cat-kaikki-luokat","7":"product_cat-lannoitteet","8":"product_cat-nurmikkolannoitteet","9":"product_cat-syksy","11":"first","12":"instock","13":"taxable","14":"shipping-taxable","15":"purchasable","16":"product-type-variable"},"ct_brands":[],"acf":[],"_links":{"self":[{"href":"https:\/\/agrozone.ee\/fi\/wp-json\/wp\/v2\/product\/52545","targetHints":{"allow":["GET"]}}],"collection":[{"href":"https:\/\/agrozone.ee\/fi\/wp-json\/wp\/v2\/product"}],"about":[{"href":"https:\/\/agrozone.ee\/fi\/wp-json\/wp\/v2\/types\/product"}],"wp:featuredmedia":[{"embeddable":true,"href":"https:\/\/agrozone.ee\/fi\/wp-json\/wp\/v2\/media\/52511"}],"wp:attachment":[{"href":"https:\/\/agrozone.ee\/fi\/wp-json\/wp\/v2\/media?parent=52545"}],"wp:term":[{"taxonomy":"product_brand","embeddable":true,"href":"https:\/\/agrozone.ee\/fi\/wp-json\/wp\/v2\/product_brand?post=52545"},{"taxonomy":"product_cat","embeddable":true,"href":"https:\/\/agrozone.ee\/fi\/wp-json\/wp\/v2\/product_cat?post=52545"},{"taxonomy":"product_tag","embeddable":true,"href":"https:\/\/agrozone.ee\/fi\/wp-json\/wp\/v2\/product_tag?post=52545"}],"curies":[{"name":"wp","href":"https:\/\/api.w.org\/{rel}","templated":true}]}}