{"id":52557,"date":"2025-06-27T14:42:35","date_gmt":"2025-06-27T12:42:35","guid":{"rendered":"https:\/\/agrozone.ee\/toode\/sipelgantorjunta-microtech-suihke-500-ml-pitkaaikainen-suoja\/"},"modified":"2026-02-22T22:07:55","modified_gmt":"2026-02-22T20:07:55","slug":"sipelgantorjunta-microtech-suihke-500-ml-pitkaaikainen-suoja","status":"publish","type":"product","link":"https:\/\/agrozone.ee\/fi\/tuote\/sipelgantorjunta-microtech-suihke-500-ml-pitkaaikainen-suoja\/","title":{"rendered":"Hy\u00f6nteistorjunta microtech-suihke 500 ml pitk\u00e4kestoinen suoja"},"content":{"rendered":"<div data-ogsc=\"black\" data-olk-copy-source=\"MessageBody\">Tehokas hy\u00f6nteismyrkky ry\u00f6miville hy\u00f6nteisille saavuttaa erityisen pitk\u00e4kestoisen tehon (jopa 6 kuukautta) ainutlaatuisten kalvop\u00e4\u00e4llysteisten mikrokapselien ansiosta.<br \/>N\u00e4m\u00e4 mikrokapselit vapauttavat tehoainetta hitaasti. Kapselit tarttuvat suoraan hy\u00f6nteisiin, mik\u00e4 lis\u00e4\u00e4 entisest\u00e4\u00e4n torjunta-aineen tehoa.<\/div>\n<div data-ogsc=\"black\"><\/div>\n<ul>\n<li data-ogsc=\"black\">Monik\u00e4ytt\u00f6inen hy\u00f6nteismyrkky Effect perustuu permetriiniin.<\/li>\n<li data-ogsc=\"black\">Sit\u00e4 suositellaan sis\u00e4- ja ulkopintojen suojaamiseen k\u00e4rp\u00e4si\u00e4, hyttysi\u00e4, muurahaisia, koita, punkkeja, sokeritoukkia, torakoita, t\u00e4it\u00e4 ja muita hy\u00f6nteislajeja vastaan.<\/li>\n<li data-ogsc=\"black\">Erityinen kosketusvaikutteinen koostumus takaa \u00e4rsytt\u00e4vien hy\u00f6nteisten v\u00e4litt\u00f6m\u00e4n tuhoutumisen.<\/li>\n<li data-ogsc=\"black\">Lis\u00e4tty hy\u00f6nteiskarkote takaa pitk\u00e4aikaisen suojan hy\u00f6nteisi\u00e4 vastaan jopa 3 kuukaudeksi.<\/li>\n<li data-ogsc=\"black\">Aine on erityisen kest\u00e4v\u00e4\u00e4 valoa vastaan, ja se suojaa siksi tehokkaasti ulkopintoja.<\/li>\n<li data-ogsc=\"black\">Aineella on miellytt\u00e4v\u00e4 tuoksu, eik\u00e4 se j\u00e4t\u00e4 tahroja.<\/li>\n<\/ul>\n<p><strong>Tuotteen tehokkuus:<\/strong><\/p>\n<p><strong>Tuotteen Effect Microtech CS PRO RTU vaikutus on eritt\u00e4in pitk\u00e4kestoinen.<\/strong> T\u00e4m\u00e4 johtuu erityisest\u00e4 mikrokapselikalvosta, joka takaa vaikuttavan aineen hitaamman vapautumisen, samalla kun kapselit tarttuvat kiinni hy\u00f6nteisten kehoon, mik\u00e4 lis\u00e4\u00e4 hy\u00f6nteismyrkyn tehokkuutta. Effect Microtech CS PRO RTU sis\u00e4lt\u00e4\u00e4 pralletriinia, permetriini\u00e4 ja piperonyylibutoksidia. Pralletriini takaa nopean vaikutuksen (kuoleman), permetriini tukee tehoaineen t\u00e4ydent\u00e4v\u00e4\u00e4 j\u00e4\u00e4nn\u00f6svaikutusta ja piperonyylibutoksidi lis\u00e4\u00e4 valmisteen tehokkuutta entisest\u00e4\u00e4n. Microtech CS PRO RTU vaikuttaa nieltyn\u00e4 ja\/tai joutuessaan kosketuksiin hy\u00f6nteisen hermoston kanssa.  <\/p>\n<div data-ogsc=\"black\"><strong>K\u00e4ytt\u00f6:<\/strong><\/div>\n<ul>\n<li data-ogsc=\"black\">Sit\u00e4 tulisi suihkuttaa paikkoihin, joissa ry\u00f6mivi\u00e4 hy\u00f6nteisi\u00e4 usein havaitaan, kuten sein\u00e4halkeamiin sek\u00e4 sis\u00e4- ja ulkoseinien alareunoihin.<\/li>\n<li data-ogsc=\"black\">K\u00e4siteltyihin pintoihin koskettamista on v\u00e4ltett\u00e4v\u00e4 levityksen j\u00e4lkeen.<\/li>\n<li data-ogsc=\"black\">Pitk\u00e4aikaisen suojan varmistamiseksi menettely on suositeltavaa toistaa kahden tai kolmen viikon kuluttua, kunnes ry\u00f6miv\u00e4t hy\u00f6nteiset on tuhottu kokonaan.<\/li>\n<li data-ogsc=\"black\">Valmiste kest\u00e4\u00e4 hyvin valoa ja korkeita l\u00e4mp\u00f6tiloja.<\/li>\n<li data-ogsc=\"black\">K\u00e4ytett\u00e4ess\u00e4 sileill\u00e4 pinnoilla, kuten puu, lasi ja keramiikka, levit\u00e4 30 ml valmistetta 1 m\u00b2:n alueelle (vastaa kahta suihkuttimen painallusta).<\/li>\n<li data-ogsc=\"black\">Ravista hyvin ennen k\u00e4ytt\u00f6\u00e4.<\/li>\n<\/ul>\n<p>Huokoisilla pinnoilla (esimerkiksi betonipinnoilla):<\/p>\n<ul>\n<li>Hyttysten (Aedes aegypti) ja luteiden (Cimex lectularius) torjuntaan k\u00e4ytet\u00e4\u00e4n 30 ml 1 m\u00b2:n alueelle.<\/li>\n<\/ul>\n<p>Sileill\u00e4 pinnoilla (esimerkiksi puu, lasi, keramiikka):<\/p>\n<ul>\n<li>Hyttysten (Aedes aegypti) torjuntaan k\u00e4ytet\u00e4\u00e4n 10\u201330 ml 1 m\u00b2:\u00e4 kohti.<\/li>\n<li>Luteiden (Cimex lectularius) torjuntaan k\u00e4ytet\u00e4\u00e4n 30 ml 1 m\u00b2:\u00e4 kohti.<\/li>\n<li>Muurahaisten (Monomorium pharaonis) ja torakoiden (Blatta orientalis) torjuntaan k\u00e4ytet\u00e4\u00e4n 30\u2013120 ml 1 m\u00b2:\u00e4 kohti.<\/li>\n<\/ul>\n<p>Levityksen j\u00e4lkeen v\u00e4lt\u00e4 kosketusta k\u00e4siteltyihin pintoihin.<\/p>\n","protected":false},"excerpt":{"rendered":"<ul>\n<li data-ogsc=\"black\">\n<div role=\"presentation\" data-ogsc=\"\">Pitk\u00e4aikainen suoja ry\u00f6mivi\u00e4 hy\u00f6nteisi\u00e4 vastaan jopa 6 kuukauden ajan.<\/div>\n<\/li>\n<li data-ogsc=\"black\">\n<div role=\"presentation\" data-ogsc=\"\">Tehostettu vaikutusaika on varmistettu valmisteen muodolla, sill\u00e4 tehoaineet ovat mikrokapseleissa.<\/div>\n<\/li>\n<li data-ogsc=\"black\">\n<div role=\"presentation\" data-ogsc=\"\">Mikrokapselit hajoavat ilman kanssa kosketuksessa ja levi\u00e4v\u00e4t koko k\u00e4sitellylle pinnalle.<\/div>\n<\/li>\n<li data-ogsc=\"black\">\n<div role=\"presentation\" data-ogsc=\"\">Nopeampi teho kahden vaikuttavan aineen ansiosta.<\/div>\n<\/li>\n<li data-ogsc=\"black\">\n<div role=\"presentation\" data-ogsc=\"\">Sis\u00e4- ja ulkok\u00e4ytt\u00f6\u00f6n.<\/div>\n<\/li>\n<li data-ogsc=\"black\">\n<div role=\"presentation\" data-ogsc=\"\">PBO:n (piperonyylibutoksidin) lis\u00e4\u00e4minen varmistaa paremman tuholaistorjuntatehon.<\/div>\n<\/li>\n<li data-ogsc=\"black\">\n<div role=\"presentation\" data-ogsc=\"\">sopii erinomaisesti muurahaisten ja torakoiden torjuntaan.<\/div>\n<\/li>\n<\/ul>\n","protected":false},"featured_media":52678,"template":"","meta":{"_acf_changed":false,"_seopress_robots_primary_cat":"none","_seopress_titles_title":"Hy\u00f6nteistorjunta Effect Microtech 500ml \u2013 Pitk\u00e4kestoinen suoja","_seopress_titles_desc":"Tehokas hy\u00f6nteistorjunta Effect Microtech Spray (500ml). Pitk\u00e4kestoinen suoja jopa 6 kuukautta mikrokapselien ansiosta. Tuhoaa muurahaiset, lutikat ja torakat. Ei j\u00e4t\u00e4 tahroja. Tilaa t\u00e4st\u00e4!    ","_seopress_robots_index":"","_gspb_post_css":""},"product_brand":[2906],"product_cat":[2358,2392,2356,2360],"product_tag":[],"class_list":{"0":"post-52557","1":"product","2":"type-product","3":"status-publish","4":"has-post-thumbnail","6":"product_brand-baltic-agro","7":"product_cat-hyonteisten-ja-hyttysten-torjunta","8":"product_cat-kaikki-luokat","9":"product_cat-puutarhan-ja-kasvien-suojelu","10":"product_cat-kasvintuholaisten-torjunta","12":"first","13":"instock","14":"taxable","15":"shipping-taxable","16":"purchasable","17":"product-type-simple"},"ct_brands":[{"id":2906,"name":"Baltic Agro","slug":"baltic-agro"}],"acf":[],"_links":{"self":[{"href":"https:\/\/agrozone.ee\/fi\/wp-json\/wp\/v2\/product\/52557","targetHints":{"allow":["GET"]}}],"collection":[{"href":"https:\/\/agrozone.ee\/fi\/wp-json\/wp\/v2\/product"}],"about":[{"href":"https:\/\/agrozone.ee\/fi\/wp-json\/wp\/v2\/types\/product"}],"wp:featuredmedia":[{"embeddable":true,"href":"https:\/\/agrozone.ee\/fi\/wp-json\/wp\/v2\/media\/52678"}],"wp:attachment":[{"href":"https:\/\/agrozone.ee\/fi\/wp-json\/wp\/v2\/media?parent=52557"}],"wp:term":[{"taxonomy":"product_brand","embeddable":true,"href":"https:\/\/agrozone.ee\/fi\/wp-json\/wp\/v2\/product_brand?post=52557"},{"taxonomy":"product_cat","embeddable":true,"href":"https:\/\/agrozone.ee\/fi\/wp-json\/wp\/v2\/product_cat?post=52557"},{"taxonomy":"product_tag","embeddable":true,"href":"https:\/\/agrozone.ee\/fi\/wp-json\/wp\/v2\/product_tag?post=52557"}],"curies":[{"name":"wp","href":"https:\/\/api.w.org\/{rel}","templated":true}]}}