{"id":52840,"date":"2025-08-12T07:04:50","date_gmt":"2025-08-12T05:04:50","guid":{"rendered":"https:\/\/agrozone.ee\/toode\/karhunlaukka\/"},"modified":"2025-08-12T07:04:50","modified_gmt":"2025-08-12T05:04:50","slug":"karhunlaukka","status":"publish","type":"product","link":"https:\/\/agrozone.ee\/fi\/tuote\/karhunlaukka\/","title":{"rendered":"Karhunlaukka"},"content":{"rendered":"<p>Monivuotinen kasvi.<\/p>\n<p>Karhunlaukka on mauste- ja l\u00e4\u00e4kekasvi.<\/p>\n<p>Sipulin makuisia lehti\u00e4 k\u00e4ytet\u00e4\u00e4n tuoreena, kuivattuna tai pakastettuna.<\/p>\n<p>Karhunlaukkaa kasvatetaan varjoisilla, kosteilla mailla.<\/p>\n<p>Siemenet kylvet\u00e4\u00e4n suoraan maahan syyskuun lopusta marraskuun alkuun (siemenet tarvitsevat viileytt\u00e4 it\u00e4\u00e4kseen).<\/p>\n<ul>\n<li>Kasvi kasvaa 20\u201350 cm korkeaksi.<\/li>\n<li>Lehdet ovat ohuita, jopa 20 cm pitki\u00e4, ja niiss\u00e4 on selv\u00e4sti erottuva ruoti.<\/li>\n<li>Taim kukkii touko-kes\u00e4kuussa.<\/li>\n<li>Kukkavarret ovat lehdett\u00f6mi\u00e4.<\/li>\n<\/ul>\n<p>&nbsp;<\/p>\n<ul>\n<li>Kylv\u00f6aika maahan &#8211; IX-XI<\/li>\n<li>Et\u00e4isyys, cm &#8211; 15&#215;10<\/li>\n<li>Sadonkorjuu &#8211; III-IV<\/li>\n<li>Kasvuedellytykset &#8211; Puolivarjo<\/li>\n<\/ul>\n","protected":false},"excerpt":{"rendered":"<p>Allium ursinum<\/p>\n","protected":false},"featured_media":52783,"template":"","meta":{"_acf_changed":false,"_seopress_robots_primary_cat":"none","_seopress_titles_title":"","_seopress_titles_desc":"","_seopress_robots_index":"","_gspb_post_css":""},"product_brand":[],"product_cat":[2392,2419,2399,2401],"product_tag":[],"class_list":{"0":"post-52840","1":"product","2":"type-product","3":"status-publish","4":"has-post-thumbnail","6":"product_cat-kaikki-luokat","7":"product_cat-salaatit-ja-muut","8":"product_cat-siemenet","9":"product_cat-vihanneksien-siemenet","11":"first","12":"instock","13":"taxable","14":"shipping-taxable","15":"purchasable","16":"product-type-simple"},"ct_brands":[],"acf":[],"_links":{"self":[{"href":"https:\/\/agrozone.ee\/fi\/wp-json\/wp\/v2\/product\/52840","targetHints":{"allow":["GET"]}}],"collection":[{"href":"https:\/\/agrozone.ee\/fi\/wp-json\/wp\/v2\/product"}],"about":[{"href":"https:\/\/agrozone.ee\/fi\/wp-json\/wp\/v2\/types\/product"}],"wp:featuredmedia":[{"embeddable":true,"href":"https:\/\/agrozone.ee\/fi\/wp-json\/wp\/v2\/media\/52783"}],"wp:attachment":[{"href":"https:\/\/agrozone.ee\/fi\/wp-json\/wp\/v2\/media?parent=52840"}],"wp:term":[{"taxonomy":"product_brand","embeddable":true,"href":"https:\/\/agrozone.ee\/fi\/wp-json\/wp\/v2\/product_brand?post=52840"},{"taxonomy":"product_cat","embeddable":true,"href":"https:\/\/agrozone.ee\/fi\/wp-json\/wp\/v2\/product_cat?post=52840"},{"taxonomy":"product_tag","embeddable":true,"href":"https:\/\/agrozone.ee\/fi\/wp-json\/wp\/v2\/product_tag?post=52840"}],"curies":[{"name":"wp","href":"https:\/\/api.w.org\/{rel}","templated":true}]}}