{"id":52841,"date":"2025-07-31T09:16:41","date_gmt":"2025-07-31T07:16:41","guid":{"rendered":"https:\/\/agrozone.ee\/toode\/mannynherkkutatin-myseeli-10-g\/"},"modified":"2025-07-31T09:16:41","modified_gmt":"2025-07-31T07:16:41","slug":"mannynherkkutatin-myseeli-10-g","status":"publish","type":"product","link":"https:\/\/agrozone.ee\/fi\/tuote\/mannynherkkutatin-myseeli-10-g\/","title":{"rendered":"M\u00e4nnynherkkutatin myseeli 10 g"},"content":{"rendered":"<p><b>M\u00e4nnynherkkutatti<\/b> on suosittu ja maukas mets\u00e4sieni. Sit\u00e4 k\u00e4ytet\u00e4\u00e4n tuoreena, mutta yleisimmin kuivattuna, marinoituna, suolattuna tai pakastettuna. Sienen hedelm\u00e4ruumiit ovat massiivisia ja suuria. Lakki kasvaa halkaisijaltaan jopa 25 cm, on muodoltaan py\u00f6re\u00e4 tai pitk\u00e4npy\u00f6re\u00e4 ja v\u00e4rilt\u00e4\u00e4n punertava, punaruskea, violetinruskea, joskus violetins\u00e4vyinen. Jalka on 5\u201315 cm pitk\u00e4, joskus jopa 6\u20139 cm paksu ja v\u00e4rilt\u00e4\u00e4n kellert\u00e4v\u00e4nruskea, keskelt\u00e4 pullea.    <\/p>\n<h3>Viljelyn vinkit:<\/h3>\n<p>Istutus tulisi suorittaa huhtikuun puoliv\u00e4list\u00e4 lokakuuhun. Ihanteellinen paikka sienelle olisi havupuita, mieluiten m\u00e4ntyj\u00e4 sis\u00e4lt\u00e4v\u00e4 alue. Nuoret puut ovat optimaalisia kasvun kannalta. Istutukseen on suositeltavaa k\u00e4ytt\u00e4\u00e4 yleissubstraattia tai kompostia, jossa on korkea turvekerros.   <\/p>\n<h3>Kasvatus ja yll\u00e4pito:<\/h3>\n<ol start=\"1\">\n<li>Kaiva puun ymp\u00e4rille kolme 30\u201340 cm halkaisijaltaan ja 15 cm syv\u00e4\u00e4 kuoppaa. Aseta kuopat 0,5\u20135 metrin et\u00e4isyydelle puun rungosta (noin 10 kertaa rungon halkaisija). <\/li>\n<li>T\u00e4yt\u00e4 kuopat puoliksi valmistellulla mullalla ja aseta sitten jokaiseen kuoppaan yksi kolmasosa myseelist\u00e4 jokaisesta pakkauksesta. T\u00e4yt\u00e4 kuopat mullalla maan tasalle ja tiivist\u00e4 se tiukasti. <\/li>\n<li>Kastele istutusalue huolellisesti (k\u00e4ytt\u00e4en noin yht\u00e4 \u00e4mp\u00e4rillist\u00e4 vett\u00e4 kunkin kuopan ymp\u00e4rille).<\/li>\n<li>Peit\u00e4 kerros lehti\u00e4, m\u00e4nnynneulasia, olkia tai oksia (esim. mets\u00e4st\u00e4).<\/li>\n<li><span class=\"citation-7 citation-end-7\">Edist\u00e4 sienten kasvua sokeriliuoksella (10 g sokeria 10 litraan vett\u00e4).<\/span><\/li>\n<li>Jos sienien it\u00e4misen aikana on riitt\u00e4m\u00e4t\u00f6nt\u00e4 sadetta, on suositeltavaa kastella maaper\u00e4\u00e4 s\u00e4\u00e4nn\u00f6llisesti.<\/li>\n<\/ol>\n<h3>It\u00e4minen:<\/h3>\n<p>Suotuisissa olosuhteissa sieni\u00e4 voi ilmesty\u00e4 ensimm\u00e4isen\u00e4 tai toisena vuonna istutuksesta. Myseeli on tehokas 3\u20134 vuotta. <\/p>\n<h3>Sato:<\/h3>\n<p>Vuodessa voidaan korjata yhdest\u00e4 puusta useita tai jopa kymmeni\u00e4 sieni\u00e4.<\/p>\n<p>&nbsp;<\/p>\n<p>Biologinen iti\u00f6p\u00f6ly kylv\u00f6\u00f6n \u2013 10 g. Hedelm\u00e4llisyyden todenn\u00e4k\u00f6isyys 85-87%. <\/p>\n<p><b>Huom.<\/b> Mykoritsasienien (mykoritsa \u2013 puun juurien symbioosi sienten kanssa) harrastekasvatus ei takaa tuloksia, koska sienten kasvu riippuu merkitt\u00e4v\u00e4sti s\u00e4\u00e4olosuhteista ja monista muista tekij\u00f6ist\u00e4. Niiden kasvattamiseksi on luotava mahdollisimman luonnollisia olosuhteita ja k\u00e4ytett\u00e4v\u00e4 sienirihmastoa ohjeiden mukaisesti. Jos s\u00e4\u00e4olosuhteet ovat sopivat, positiivisista tuloksista voi nauttia suhteellisen nopeasti.  <\/p>\n","protected":false},"excerpt":{"rendered":"<p>Boletus pinophilus<\/p>\n","protected":false},"featured_media":52482,"template":"","meta":{"_acf_changed":false,"_seopress_robots_primary_cat":"","_seopress_titles_title":"%%post_title%%","_seopress_titles_desc":"%%post_excerpt%%%","_seopress_robots_index":"","_gspb_post_css":""},"product_brand":[],"product_cat":[2392,2674,2399],"product_tag":[],"class_list":{"0":"post-52841","1":"product","2":"type-product","3":"status-publish","4":"has-post-thumbnail","6":"product_cat-kaikki-luokat","7":"product_cat-myseeli","8":"product_cat-siemenet","10":"first","11":"instock","12":"taxable","13":"shipping-taxable","14":"purchasable","15":"product-type-simple"},"ct_brands":[],"acf":[],"_links":{"self":[{"href":"https:\/\/agrozone.ee\/fi\/wp-json\/wp\/v2\/product\/52841","targetHints":{"allow":["GET"]}}],"collection":[{"href":"https:\/\/agrozone.ee\/fi\/wp-json\/wp\/v2\/product"}],"about":[{"href":"https:\/\/agrozone.ee\/fi\/wp-json\/wp\/v2\/types\/product"}],"wp:featuredmedia":[{"embeddable":true,"href":"https:\/\/agrozone.ee\/fi\/wp-json\/wp\/v2\/media\/52482"}],"wp:attachment":[{"href":"https:\/\/agrozone.ee\/fi\/wp-json\/wp\/v2\/media?parent=52841"}],"wp:term":[{"taxonomy":"product_brand","embeddable":true,"href":"https:\/\/agrozone.ee\/fi\/wp-json\/wp\/v2\/product_brand?post=52841"},{"taxonomy":"product_cat","embeddable":true,"href":"https:\/\/agrozone.ee\/fi\/wp-json\/wp\/v2\/product_cat?post=52841"},{"taxonomy":"product_tag","embeddable":true,"href":"https:\/\/agrozone.ee\/fi\/wp-json\/wp\/v2\/product_tag?post=52841"}],"curies":[{"name":"wp","href":"https:\/\/api.w.org\/{rel}","templated":true}]}}