{"id":52842,"date":"2025-07-29T12:46:29","date_gmt":"2025-07-29T10:46:29","guid":{"rendered":"https:\/\/agrozone.ee\/toode\/myseeli-kantopaan-poistamiseen-06l\/"},"modified":"2025-07-29T12:46:29","modified_gmt":"2025-07-29T10:46:29","slug":"myseeli-kantopaan-poistamiseen-06l","status":"publish","type":"product","link":"https:\/\/agrozone.ee\/fi\/tuote\/myseeli-kantopaan-poistamiseen-06l\/","title":{"rendered":"MYSEELI KANTOP\u00c4\u00c4N POISTAMISEEN 0,6L"},"content":{"rendered":"<p>El\u00e4v\u00e4 myseeli puiden runkojen hajottamiseen ja kompostointiin sis\u00e4lt\u00e4\u00e4 el\u00e4v\u00e4n organismin, joka hajottaa luonnollisesti kuollutta puukudosta. Se ei ole vaarallinen el\u00e4ville kasveille ja on ymp\u00e4rist\u00f6yst\u00e4v\u00e4llinen. Valmisteen k\u00e4ytt\u00f6 on erinomainen ja ekologinen tapa p\u00e4\u00e4st\u00e4 eroon kaadetun puun kannosta.   <span class=\"citation-9 citation-end-9\">Myseeli\u00e4 voi k\u00e4ytt\u00e4\u00e4 my\u00f6s mink\u00e4 tahansa orgaanisen j\u00e4tteen hajottamiseen ja kompostointiin.<\/span><\/p>\n<p>Valmistetta ovat metsurit k\u00e4ytt\u00e4neet menestyksekk\u00e4\u00e4sti vuosia kantojen poistamiseen ja juurien hajottamiseen. Myseeli sopii erinomaisesti kaikkialle, miss\u00e4 kaadetun puun kantoa ei ole mahdollista poistaa mekaanisesti. Runkojen ja oksien hajoamisaika vaihtelee puolesta vuodesta jopa kolmeen vuoteen, ja se riippuu s\u00e4\u00e4olosuhteista, kannon kosteudesta, puun kovuudesta, kannon halkaisijasta ja valmisteen oikeasta k\u00e4yt\u00f6st\u00e4.  <\/p>\n<p><b>Ty\u00f6liuos valmistus:<\/b> Murenna valmisteen pakkaus 5 litraan puhdasta vett\u00e4 ja sekoita huolellisesti. Levit\u00e4 saatu ty\u00f6liuos kannon pinnalle. Suojaa kanto kosteuden menetykselt\u00e4 peitt\u00e4m\u00e4ll\u00e4 se 5 cm paksulla multa- tai sahanpurukerroksella. K\u00e4yt\u00e4 sienirihmastoa huhtikuusta lokakuuhun.   <\/p>\n","protected":false},"excerpt":{"rendered":"<p>El\u00e4v\u00e4 myseeli puiden runkojen hajottamiseen ja kompostointiin sis\u00e4lt\u00e4\u00e4 el\u00e4v\u00e4n organismin, joka hajottaa luonnollisesti kuollutta puukudosta. Se ei ole vaarallinen el\u00e4ville kasveille ja on ymp\u00e4rist\u00f6yst\u00e4v\u00e4llinen. Valmisteen k\u00e4ytt\u00f6 on erinomainen ja ekologinen tapa p\u00e4\u00e4st\u00e4 eroon kaadetun puun kannosta. Myseeli\u00e4 voi k\u00e4ytt\u00e4\u00e4 my\u00f6s mink\u00e4 tahansa orgaanisen j\u00e4tteen hajottamiseen ja kompostointiin. Valmistetta ovat metsurit k\u00e4ytt\u00e4neet menestyksekk\u00e4\u00e4sti vuosia kantojen poistamiseen [&hellip;]<\/p>\n","protected":false},"featured_media":52398,"template":"","meta":{"_acf_changed":false,"_seopress_robots_primary_cat":"none","_seopress_titles_title":"","_seopress_titles_desc":"","_seopress_robots_index":"","_gspb_post_css":""},"product_brand":[],"product_cat":[2392,2674,2399],"product_tag":[],"class_list":{"0":"post-52842","1":"product","2":"type-product","3":"status-publish","4":"has-post-thumbnail","6":"product_cat-kaikki-luokat","7":"product_cat-myseeli","8":"product_cat-siemenet","10":"first","11":"instock","12":"taxable","13":"shipping-taxable","14":"purchasable","15":"product-type-simple"},"ct_brands":[],"acf":[],"_links":{"self":[{"href":"https:\/\/agrozone.ee\/fi\/wp-json\/wp\/v2\/product\/52842","targetHints":{"allow":["GET"]}}],"collection":[{"href":"https:\/\/agrozone.ee\/fi\/wp-json\/wp\/v2\/product"}],"about":[{"href":"https:\/\/agrozone.ee\/fi\/wp-json\/wp\/v2\/types\/product"}],"wp:featuredmedia":[{"embeddable":true,"href":"https:\/\/agrozone.ee\/fi\/wp-json\/wp\/v2\/media\/52398"}],"wp:attachment":[{"href":"https:\/\/agrozone.ee\/fi\/wp-json\/wp\/v2\/media?parent=52842"}],"wp:term":[{"taxonomy":"product_brand","embeddable":true,"href":"https:\/\/agrozone.ee\/fi\/wp-json\/wp\/v2\/product_brand?post=52842"},{"taxonomy":"product_cat","embeddable":true,"href":"https:\/\/agrozone.ee\/fi\/wp-json\/wp\/v2\/product_cat?post=52842"},{"taxonomy":"product_tag","embeddable":true,"href":"https:\/\/agrozone.ee\/fi\/wp-json\/wp\/v2\/product_tag?post=52842"}],"curies":[{"name":"wp","href":"https:\/\/api.w.org\/{rel}","templated":true}]}}