{"id":52980,"date":"2025-08-26T14:12:00","date_gmt":"2025-08-26T12:12:00","guid":{"rendered":"https:\/\/agrozone.ee\/?post_type=product&#038;p=52980"},"modified":"2026-01-16T12:10:12","modified_gmt":"2026-01-16T10:10:12","slug":"taimetugi-laineline-50-x-60-cm","status":"publish","type":"product","link":"https:\/\/agrozone.ee\/fi\/tuote\/taimetugi-laineline-50-x-60-cm\/","title":{"rendered":"Taimetugi laineline 50 x 60 cm"},"content":{"rendered":"<p>Takistab lillede kaldumist k\u00f5nniteele ja murule vihma raskuse t\u00f5ttu v\u00f5i nende valguse poole p\u00fcrgimisel.<\/p>\n<h3>Kasutusjuhend<\/h3>\n<p>Taimede toestamiseks.<\/p>\n","protected":false},"excerpt":{"rendered":"<p>Takistab lillede kaldumist k\u00f5nniteele ja murule vihma raskuse t\u00f5ttu v\u00f5i nende valguse poole p\u00fcrgimisel. Kasutusjuhend Taimede toestamiseks.<\/p>\n","protected":false},"featured_media":52983,"template":"","meta":{"_acf_changed":false,"_seopress_robots_primary_cat":"none","_seopress_titles_title":"","_seopress_titles_desc":"","_seopress_robots_index":"","_gspb_post_css":""},"product_brand":[],"product_cat":[149,15,150],"product_tag":[],"class_list":{"0":"post-52980","1":"product","2":"type-product","3":"status-publish","4":"has-post-thumbnail","6":"product_cat-aiatarvikud","7":"product_cat-koik-kategooriad","8":"product_cat-taimetoed","10":"first","11":"instock","12":"taxable","13":"shipping-taxable","14":"purchasable","15":"product-type-simple"},"ct_brands":[],"acf":[],"_links":{"self":[{"href":"https:\/\/agrozone.ee\/fi\/wp-json\/wp\/v2\/product\/52980","targetHints":{"allow":["GET"]}}],"collection":[{"href":"https:\/\/agrozone.ee\/fi\/wp-json\/wp\/v2\/product"}],"about":[{"href":"https:\/\/agrozone.ee\/fi\/wp-json\/wp\/v2\/types\/product"}],"wp:featuredmedia":[{"embeddable":true,"href":"https:\/\/agrozone.ee\/fi\/wp-json\/wp\/v2\/media\/52983"}],"wp:attachment":[{"href":"https:\/\/agrozone.ee\/fi\/wp-json\/wp\/v2\/media?parent=52980"}],"wp:term":[{"taxonomy":"product_brand","embeddable":true,"href":"https:\/\/agrozone.ee\/fi\/wp-json\/wp\/v2\/product_brand?post=52980"},{"taxonomy":"product_cat","embeddable":true,"href":"https:\/\/agrozone.ee\/fi\/wp-json\/wp\/v2\/product_cat?post=52980"},{"taxonomy":"product_tag","embeddable":true,"href":"https:\/\/agrozone.ee\/fi\/wp-json\/wp\/v2\/product_tag?post=52980"}],"curies":[{"name":"wp","href":"https:\/\/api.w.org\/{rel}","templated":true}]}}