{"id":53081,"date":"2025-09-03T10:11:41","date_gmt":"2025-09-03T08:11:41","guid":{"rendered":"https:\/\/agrozone.ee\/?post_type=product&#038;p=53081"},"modified":"2025-12-28T11:16:07","modified_gmt":"2025-12-28T09:16:07","slug":"riiderull-komplektis-15-rulli","status":"publish","type":"product","link":"https:\/\/agrozone.ee\/fi\/tuote\/riiderull-komplektis-15-rulli\/","title":{"rendered":"Riiderull \u2013 komplektis 15 rulli"},"content":{"rendered":"<p>Karvade ja juuste puhastusrull, tugeva liimiga, 15 rulli, 600 lehte.<br \/>\nt\u00f5hus karvade ja juuste eemaldamine \u2013 tugeva liimiga karvarull kogub hetkega ebemed, juuksed ja loomakarvad, j\u00e4ttes riided puhtaks ja elegantseks<br \/>\nusaldusv\u00e4\u00e4rne riiete ja polstri puhastus \u2013 ideaalne puhastusrull toimib mitte ainult riietel, vaid ka diivanitel, tugitoolidel ja autoistmetel<br \/>\n\u00f5rn kangastele \u2013 rull ei kahjusta materjale, mist\u00f5ttu sobib see isegi villale, ka\u0161miirile v\u00f5i \u00f5rnadele mantlitele<\/p>\n<p><span class=\"citation-5 citation-end-5\">Rullid riietele, polstrile<\/span> karvade eemaldamiseks<\/p>\n<ul>\n<li>komplektis 15 t\u00fckki<\/li>\n<li>tugev k\u00e4epide<\/li>\n<li>40 lehte \u00fchel rullil<\/li>\n<li>ohutu kangastele<\/li>\n<\/ul>\n","protected":false},"excerpt":{"rendered":"<p>Karvade ja juuste puhastusrull, tugeva liimiga, 15 rulli, 600 lehte. t\u00f5hus karvade ja juuste eemaldamine \u2013 tugeva liimiga karvarull kogub hetkega ebemed, juuksed ja loomakarvad, j\u00e4ttes riided puhtaks ja elegantseks usaldusv\u00e4\u00e4rne riiete ja polstri puhastus \u2013 ideaalne puhastusrull toimib mitte ainult riietel, vaid ka diivanitel, tugitoolidel ja autoistmetel \u00f5rn kangastele \u2013 rull ei kahjusta materjale, [&hellip;]<\/p>\n","protected":false},"featured_media":53092,"template":"","meta":{"_acf_changed":false,"_seopress_robots_primary_cat":"","_seopress_titles_title":"","_seopress_titles_desc":"","_seopress_robots_index":"","_gspb_post_css":""},"product_brand":[],"product_cat":[149,15,1387],"product_tag":[],"class_list":{"0":"post-53081","1":"product","2":"type-product","3":"status-publish","4":"has-post-thumbnail","6":"product_cat-aiatarvikud","7":"product_cat-koik-kategooriad","8":"product_cat-vaiksemad-aedniku-tooriistad","10":"first","11":"instock","12":"taxable","13":"shipping-taxable","14":"purchasable","15":"product-type-simple"},"ct_brands":[],"acf":[],"_links":{"self":[{"href":"https:\/\/agrozone.ee\/fi\/wp-json\/wp\/v2\/product\/53081","targetHints":{"allow":["GET"]}}],"collection":[{"href":"https:\/\/agrozone.ee\/fi\/wp-json\/wp\/v2\/product"}],"about":[{"href":"https:\/\/agrozone.ee\/fi\/wp-json\/wp\/v2\/types\/product"}],"wp:featuredmedia":[{"embeddable":true,"href":"https:\/\/agrozone.ee\/fi\/wp-json\/wp\/v2\/media\/53092"}],"wp:attachment":[{"href":"https:\/\/agrozone.ee\/fi\/wp-json\/wp\/v2\/media?parent=53081"}],"wp:term":[{"taxonomy":"product_brand","embeddable":true,"href":"https:\/\/agrozone.ee\/fi\/wp-json\/wp\/v2\/product_brand?post=53081"},{"taxonomy":"product_cat","embeddable":true,"href":"https:\/\/agrozone.ee\/fi\/wp-json\/wp\/v2\/product_cat?post=53081"},{"taxonomy":"product_tag","embeddable":true,"href":"https:\/\/agrozone.ee\/fi\/wp-json\/wp\/v2\/product_tag?post=53081"}],"curies":[{"name":"wp","href":"https:\/\/api.w.org\/{rel}","templated":true}]}}