{"id":53297,"date":"2025-09-23T08:44:12","date_gmt":"2025-09-23T06:44:12","guid":{"rendered":"https:\/\/agrozone.ee\/toode\/nalka-ja-teossyoja\/"},"modified":"2026-03-21T10:16:43","modified_gmt":"2026-03-21T08:16:43","slug":"nalka-ja-teossyoja","status":"publish","type":"product","link":"https:\/\/agrozone.ee\/fi\/tuote\/nalka-ja-teossyoja\/","title":{"rendered":"Etana- ja kotilosy\u00f6tt\u00f6asema"},"content":{"rendered":"<div class=\"html-div xdj266r x14z9mp xat24cr x1lziwak xexx8yu xyri2b x18d9i69 x1c1uobl\" tabindex=\"-1\">\n<div class=\"html-div xdj266r x14z9mp x1lziwak xexx8yu xyri2b x18d9i69 x1c1uobl x1e56ztr\">\n<p data-path-to-node=\"4\"><b data-path-to-node=\"4\" data-index-in-node=\"0\">Etana- ja kotilosy\u00f6tt\u00f6asema \u2013 Puutarhasi s\u00e4\u00e4nkest\u00e4v\u00e4 suoja!<\/b><\/p>\n<p data-path-to-node=\"5\">Vapauta puutarhasi etanoista ja kotiloista \u2013 helposti, tehokkaasti ja turvallisesti!<\/p>\n<p data-path-to-node=\"6\">Unohda huoli t\u00e4rvellyist\u00e4 istutuspenkeist\u00e4 ja kalutuista lehdist\u00e4. Sy\u00f6tt\u00f6asemamme on suunniteltu tarjoamaan puutarhallesi pitk\u00e4kestoista, s\u00e4\u00e4nkest\u00e4v\u00e4\u00e4 ja huomaamatonta suojaa. Kyseess\u00e4 ei ole pelkk\u00e4 ansa, vaan \u00e4lyk\u00e4s sy\u00f6tt\u00f6asema, joka optimoi etanoiden torjunta-aineiden tehon.  <\/p>\n<h3 data-path-to-node=\"7\">Miksi valita juuri t\u00e4m\u00e4 sy\u00f6tt\u00f6asema?<\/h3>\n<p data-path-to-node=\"8\"><b data-path-to-node=\"8\" data-index-in-node=\"0\">Korkealaatuinen ja turvallinen PETG-muovi:<\/b> Tuote on tulostettu huipputeknisest\u00e4 PETG-muovista. Miksi se on t\u00e4rke\u00e4\u00e4? <\/p>\n<ul data-path-to-node=\"9\">\n<li>\n<p data-path-to-node=\"9,0,0\"><b data-path-to-node=\"9,0,0\" data-index-in-node=\"0\">Kest\u00e4vyys:<\/b> PETG on eritt\u00e4in lujaa, iskunkest\u00e4v\u00e4\u00e4 eik\u00e4 se haurastu auringossa (erinomainen UV-kest\u00e4vyys). Toisin kuin halpa massamuovi, t\u00e4m\u00e4 sy\u00f6tt\u00f6asema palvelee sinua vuosia. <\/p>\n<\/li>\n<li>\n<p data-path-to-node=\"9,1,0\"><b data-path-to-node=\"9,1,0\" data-index-in-node=\"0\">Turvallisuus puutarhalle ja perheelle:<\/b> PETG on kemiallisesti stabiili ja elintarvikelaatuinen materiaali (FDA:n hyv\u00e4ksym\u00e4 perusmateriaali), mik\u00e4 tarkoittaa, ettei se <b data-path-to-node=\"9,1,0\" data-index-in-node=\"140\">vapauta maaper\u00e4\u00e4n tai ilmaan haitallisia aineita<\/b>. Se on t\u00e4ysin turvallinen kasveillesi, maaper\u00e4lle, lapsille ja lemmikeille. <\/p>\n<\/li>\n<\/ul>\n<p data-path-to-node=\"10\"><b data-path-to-node=\"10\" data-index-in-node=\"0\">\u00c4lyk\u00e4s muotoilu:<\/b><\/p>\n<ul data-path-to-node=\"11\">\n<li>\n<p data-path-to-node=\"11,0,0\"><b data-path-to-node=\"11,0,0\" data-index-in-node=\"0\">Optimaalinen sy\u00f6tt\u00f6syvennys:<\/b> Erityinen halkaisijaltaan 8 cm:n syvennys on ihanteellinen rakeille tai muille houkutinsy\u00f6teille. Se pit\u00e4\u00e4 sy\u00f6tin keskitettyn\u00e4 yhteen paikkaan, tehden siit\u00e4 tuholaisille helposti l\u00f6ydett\u00e4v\u00e4n. <\/p>\n<\/li>\n<li>\n<p data-path-to-node=\"11,1,0\"><b data-path-to-node=\"11,1,0\" data-index-in-node=\"0\">T\u00e4ydellinen s\u00e4\u00e4suoja:<\/b> K\u00e4yt\u00e4nn\u00f6llinen kansi suojaa kallista sy\u00f6tti\u00e4 sateelta ja tuulelta. Sy\u00f6tti pysyy kuivana ja tuoreena monta kertaa pidemp\u00e4\u00e4n, mik\u00e4 varmistaa ansan pitk\u00e4aikaisen tehon ja s\u00e4\u00e4st\u00e4\u00e4 rahaasi. <\/p>\n<\/li>\n<li>\n<p data-path-to-node=\"11,2,0\"><b data-path-to-node=\"11,2,0\" data-index-in-node=\"0\">Turvallisuus lemmikeille:<\/b> Kansi est\u00e4\u00e4 uteliaiden lemmikkien (ja lintujen) suoran p\u00e4\u00e4syn sy\u00f6ttiraeisiin, v\u00e4hent\u00e4en myrkytysriski\u00e4.<\/p>\n<\/li>\n<\/ul>\n<h3 data-path-to-node=\"12\">Asennus on todella helppoa!<\/h3>\n<p data-path-to-node=\"13\">Kiinnit\u00e4 ansa maahan mukana tulevilla kiinnikkeill\u00e4, ja se on siin\u00e4! Nauti huoletta kauniista ja terveest\u00e4 puutarhasta. Sy\u00f6tt\u00f6asema on helppo huoltaa ja eritt\u00e4in tehokas \u2013 se on paras ratkaisu puutarhasi suojaamiseen!  <\/p>\n<p data-path-to-node=\"14\"><b data-path-to-node=\"14\" data-index-in-node=\"0\">Setin sis\u00e4lt\u00f6:<\/b><\/p>\n<ul data-path-to-node=\"15\">\n<li>\n<p data-path-to-node=\"15,0,0\">1x Sy\u00f6tt\u00f6asema (PETG)<\/p>\n<\/li>\n<li>\n<p data-path-to-node=\"15,1,0\">2x vahvaa kiinnikett\u00e4 maahan asennusta varten.<\/p>\n<\/li>\n<\/ul>\n<p data-path-to-node=\"16\"><b data-path-to-node=\"16\" data-index-in-node=\"0\">Valmistaja:<\/b> alizone O\u00dc (<a class=\"ng-star-inserted\" href=\"http:\/\/www.agrozone.ee\" target=\"_blank\" rel=\"noopener\" data-hveid=\"0\" data-ved=\"0CAAQ_4QMahgKEwiTtKmqwLCTAxUAAAAAHQAAAAAQxQE\">www.agrozone.ee<\/a>) <b data-path-to-node=\"16\" data-index-in-node=\"37\">Valmistettu Virossa!<\/b><\/p>\n<\/div>\n<\/div>\n","protected":false},"excerpt":{"rendered":"<p><b data-path-to-node=\"19\" data-index-in-node=\"0\">Suojaa puutarhasi etanoilta \u00e4lykk\u00e4\u00e4sti!<\/b> Virossa valmistettu sy\u00f6tt\u00f6asema on tehty eritt\u00e4in kest\u00e4v\u00e4st\u00e4 ja <b data-path-to-node=\"19\" data-index-in-node=\"106\">turvallisesta PETG-muovista<\/b>, josta ei liukene maaper\u00e4\u00e4n haitallisia aineita. \u00c4lyk\u00e4s muotoilu suojaa sy\u00f6tti\u00e4 sateelta ja lemmikeilt\u00e4, pit\u00e4en sen tuoreena ja toimivana juuri tuholaisia varten. Helppo asentaa maahan mukana tulevilla kiinnikkeill\u00e4. Pitk\u00e4kestoinen ratkaisu terveen puutarhan puolesta! Osta osoitteesta agrozone.ee.    <\/p>\n","protected":false},"featured_media":53289,"template":"","meta":{"_acf_changed":false,"_seopress_robots_primary_cat":"none","_seopress_titles_title":"Tehokas etana-ansa puutarhaan (PETG-muovi) | Valmistettu Virossa","_seopress_titles_desc":"Vapauta puutarha etanoista! Turvallinen ja s\u00e4\u00e4nkest\u00e4v\u00e4 PETG-muovinen sy\u00f6tt\u00f6asema pit\u00e4\u00e4 sy\u00f6tin kuivana ja toimivana. Mukana kiinnikkeet. Valmistettu Virossa.   ","_seopress_robots_index":"","_gspb_post_css":""},"product_brand":[],"product_cat":[2392,2356,2363,2360],"product_tag":[],"class_list":{"0":"post-53297","1":"product","2":"type-product","3":"status-publish","4":"has-post-thumbnail","6":"product_cat-kaikki-luokat","7":"product_cat-puutarhan-ja-kasvien-suojelu","8":"product_cat-puutarhatarvikkeet","9":"product_cat-kasvintuholaisten-torjunta","11":"first","12":"instock","13":"taxable","14":"shipping-taxable","15":"purchasable","16":"product-type-simple"},"ct_brands":[],"acf":[],"_links":{"self":[{"href":"https:\/\/agrozone.ee\/fi\/wp-json\/wp\/v2\/product\/53297","targetHints":{"allow":["GET"]}}],"collection":[{"href":"https:\/\/agrozone.ee\/fi\/wp-json\/wp\/v2\/product"}],"about":[{"href":"https:\/\/agrozone.ee\/fi\/wp-json\/wp\/v2\/types\/product"}],"wp:featuredmedia":[{"embeddable":true,"href":"https:\/\/agrozone.ee\/fi\/wp-json\/wp\/v2\/media\/53289"}],"wp:attachment":[{"href":"https:\/\/agrozone.ee\/fi\/wp-json\/wp\/v2\/media?parent=53297"}],"wp:term":[{"taxonomy":"product_brand","embeddable":true,"href":"https:\/\/agrozone.ee\/fi\/wp-json\/wp\/v2\/product_brand?post=53297"},{"taxonomy":"product_cat","embeddable":true,"href":"https:\/\/agrozone.ee\/fi\/wp-json\/wp\/v2\/product_cat?post=53297"},{"taxonomy":"product_tag","embeddable":true,"href":"https:\/\/agrozone.ee\/fi\/wp-json\/wp\/v2\/product_tag?post=53297"}],"curies":[{"name":"wp","href":"https:\/\/api.w.org\/{rel}","templated":true}]}}