{"id":53644,"date":"2025-11-27T13:00:58","date_gmt":"2025-11-27T11:00:58","guid":{"rendered":"https:\/\/agrozone.ee\/toode\/kylvokone\/"},"modified":"2025-12-21T12:03:55","modified_gmt":"2025-12-21T10:03:55","slug":"kylvokone","status":"publish","type":"product","link":"https:\/\/agrozone.ee\/fi\/tuote\/kylvokone\/","title":{"rendered":"Kylv\u00f6kone"},"content":{"rendered":"<p><b>Nortene Kylv\u00f6kone \u2013 T\u00e4ydellinen apulainen tarkkaan ja helppoon kylv\u00e4miseen!<\/b><\/p>\n<p>Unelmoitko kauniista ja siistist\u00e4 puutarhasta, jossa jokainen siemen on t\u00e4ydellisesti paikallaan? Nortene-kylv\u00f6kone on luotu juuri sinulle! Se on erinomainen valinta kaikille, jotka arvostavat puutarhat\u00f6iss\u00e4\u00e4n laatua, kest\u00e4vyytt\u00e4 ja mukavuutta. Unohtakaa ep\u00e4tasaisesti it\u00e4neet penkit \u2013 t\u00e4ll\u00e4 kylv\u00f6koneella saavutatte ammattimaisen tuloksen vaivattomasti.   <\/p>\n<p>Nortene-kylv\u00f6kone on suunniteltu erityisesti puutarhanhoidon harrastajille, jotka haluavat kylv\u00e4\u00e4 siemeni\u00e4 tarkasti ja j\u00e4rjestelm\u00e4llisesti. Sen pitk\u00e4 ja kapea suutin varmistaa siementen sijoittamisen juuri haluttuun paikkaan, mik\u00e4 auttaa luomaan t\u00e4ydellisen suoria ja s\u00e4\u00e4nn\u00f6llisi\u00e4 rivej\u00e4. <\/p>\n<p><b>Nortene-kylv\u00f6koneen edut:<\/b><\/p>\n<ul>\n<li><b>Tarkka ja hallittu kylv\u00f6:<\/b> Pitk\u00e4 suutin mahdollistaa siementen ohjaamisen suoraan multaan juuri oikeaan syvyyteen ja paikkaan, mik\u00e4 est\u00e4\u00e4 siementen tuhlaamisen ja takaa tasaisen it\u00e4misen.<\/li>\n<li><b>Kest\u00e4v\u00e4 ja s\u00e4\u00e4nkest\u00e4v\u00e4:<\/b> Erityisen UV-suojan ansiosta kylv\u00f6kone kest\u00e4\u00e4 auringon haitallisia vaikutuksia s\u00e4ilytt\u00e4en laatunsa ja ulkon\u00e4k\u00f6ns\u00e4 vuosien ajan.<\/li>\n<li><b>S\u00e4\u00e4st\u00e4\u00e4 aikaa ja vaivaa:<\/b> Ty\u00f6kalu ei vaadi erityist\u00e4 huoltoa. K\u00e4yt\u00f6n j\u00e4lkeen riitt\u00e4\u00e4 pelkk\u00e4 puhdistus, ja se on taas valmis seuraavaa puutarhaty\u00f6t\u00e4 varten. <\/li>\n<li><b>Kevyt ja mukava k\u00e4ytt\u00e4\u00e4:<\/b> Kylv\u00f6koneen harkittu ja nerokas muotoilu tekee siit\u00e4 ergonomisen ja helppok\u00e4ytt\u00f6isen apuv\u00e4lineen jokaiselle puutarhurille kokemuksesta riippumatta.<\/li>\n<\/ul>\n<p>Valitse Nortene-kylv\u00f6kone ja tee puutarhat\u00f6ist\u00e4si helpompia ja tuloksellisempia kuin koskaan ennen!<\/p>\n","protected":false},"excerpt":{"rendered":"<p>Nortene Kylv\u00f6kone \u2013 T\u00e4ydellinen apulainen tarkkaan ja helppoon kylv\u00e4miseen! Unelmoitko kauniista ja siistist\u00e4 puutarhasta, jossa jokainen siemen on t\u00e4ydellisesti paikallaan? Nortene-kylv\u00f6kone on luotu juuri sinulle! Se on erinomainen valinta kaikille, jotka arvostavat puutarhat\u00f6iss\u00e4\u00e4n laatua, kest\u00e4vyytt\u00e4 ja mukavuutta. Unohtakaa ep\u00e4tasaisesti it\u00e4neet penkit \u2013 t\u00e4ll\u00e4 kylv\u00f6koneella saavutatte ammattimaisen tuloksen vaivattomasti. Nortene-kylv\u00f6kone on suunniteltu erityisesti puutarhanhoidon harrastajille, jotka [&hellip;]<\/p>\n","protected":false},"featured_media":56915,"template":"","meta":{"_acf_changed":false,"_seopress_robots_primary_cat":"none","_seopress_titles_title":"Siemenkylv\u00f6laite \u2013 Tarkka ja k\u00e4tev\u00e4 kylv\u00f6","_seopress_titles_desc":"Luo t\u00e4ydellinen istutuspenkki Nortene-siemenkylv\u00f6laitteella. Pitk\u00e4 suutin takaa tarkan annostelun ja UV-suoja pitk\u00e4n k\u00e4ytt\u00f6i\u00e4n. Tee kylv\u00e4misest\u00e4 helppoa \u2013 tilaa heti!  ","_seopress_robots_index":"","_gspb_post_css":""},"product_brand":[2906],"product_cat":[2392,2423,2370,2447,2363,2399,2401],"product_tag":[],"class_list":{"0":"post-53644","1":"product","2":"type-product","3":"status-publish","4":"has-post-thumbnail","6":"product_brand-baltic-agro","7":"product_cat-kaikki-luokat","8":"product_cat-kukkien-siemenet","9":"product_cat-kylvokoneet","10":"product_cat-tarvikkeet","11":"product_cat-puutarhatarvikkeet","12":"product_cat-siemenet","13":"product_cat-vihanneksien-siemenet","15":"first","16":"instock","17":"featured","18":"taxable","19":"shipping-taxable","20":"purchasable","21":"product-type-simple"},"ct_brands":[{"id":2906,"name":"Baltic Agro","slug":"baltic-agro"}],"acf":[],"_links":{"self":[{"href":"https:\/\/agrozone.ee\/fi\/wp-json\/wp\/v2\/product\/53644","targetHints":{"allow":["GET"]}}],"collection":[{"href":"https:\/\/agrozone.ee\/fi\/wp-json\/wp\/v2\/product"}],"about":[{"href":"https:\/\/agrozone.ee\/fi\/wp-json\/wp\/v2\/types\/product"}],"wp:featuredmedia":[{"embeddable":true,"href":"https:\/\/agrozone.ee\/fi\/wp-json\/wp\/v2\/media\/56915"}],"wp:attachment":[{"href":"https:\/\/agrozone.ee\/fi\/wp-json\/wp\/v2\/media?parent=53644"}],"wp:term":[{"taxonomy":"product_brand","embeddable":true,"href":"https:\/\/agrozone.ee\/fi\/wp-json\/wp\/v2\/product_brand?post=53644"},{"taxonomy":"product_cat","embeddable":true,"href":"https:\/\/agrozone.ee\/fi\/wp-json\/wp\/v2\/product_cat?post=53644"},{"taxonomy":"product_tag","embeddable":true,"href":"https:\/\/agrozone.ee\/fi\/wp-json\/wp\/v2\/product_tag?post=53644"}],"curies":[{"name":"wp","href":"https:\/\/api.w.org\/{rel}","templated":true}]}}