{"id":53674,"date":"2025-10-17T07:32:55","date_gmt":"2025-10-17T05:32:55","guid":{"rendered":"https:\/\/agrozone.ee\/?post_type=product&#038;p=53674"},"modified":"2025-12-03T11:12:27","modified_gmt":"2025-12-03T09:12:27","slug":"aniisi-aed-piparrohu-naistenogese-kettad","status":"publish","type":"product","link":"https:\/\/agrozone.ee\/fi\/tuote\/aniisi-aed-piparrohu-naistenogese-kettad\/","title":{"rendered":"Aniisi, aed-piparrohu, naisten\u00f5gese kettad"},"content":{"rendered":"<p>Pakendis 3 maitse- ja ravimtaimede seemneketast l\u00e4bim\u00f5\u00f5duga 8 cm: 1) aniis 2) aed-piparrohi 3) naisten\u00f5ges.<\/p>\n<p>&nbsp;<\/p>\n<h3>Kasutusjuhend<\/h3>\n<p>Aseta iga ketas eraldi 10-12 cm l\u00e4bim\u00f5\u00f5duga potti niiskele mullale, kata \u00f5hukese mullakihiga.<\/p>\n<p>Hoia k\u00fclvid niiskena.<\/p>\n<p>K\u00fclvinorm v\u00f5i istutusskeem: 10-12 cm pott 0,3-0,5 cm<\/p>\n<p>K\u00fclviaeg: avamaale mai keskel<\/p>\n","protected":false},"excerpt":{"rendered":"<p>Pimpinella anisum, Satureja hortensis, Nepeta cataria<\/p>\n","protected":false},"featured_media":53677,"template":"","meta":{"_acf_changed":false,"_seopress_robots_primary_cat":"none","_seopress_titles_title":"","_seopress_titles_desc":"","_seopress_robots_index":"","_gspb_post_css":""},"product_brand":[],"product_cat":[15,88,336,87],"product_tag":[],"class_list":{"0":"post-53674","1":"product","2":"type-product","3":"status-publish","4":"has-post-thumbnail","6":"product_cat-koik-kategooriad","7":"product_cat-koogiviljaseemned","8":"product_cat-salatid-ja-muud","9":"product_cat-seemned","11":"first","12":"instock","13":"taxable","14":"shipping-taxable","15":"purchasable","16":"product-type-simple"},"ct_brands":[],"acf":[],"_links":{"self":[{"href":"https:\/\/agrozone.ee\/fi\/wp-json\/wp\/v2\/product\/53674","targetHints":{"allow":["GET"]}}],"collection":[{"href":"https:\/\/agrozone.ee\/fi\/wp-json\/wp\/v2\/product"}],"about":[{"href":"https:\/\/agrozone.ee\/fi\/wp-json\/wp\/v2\/types\/product"}],"wp:featuredmedia":[{"embeddable":true,"href":"https:\/\/agrozone.ee\/fi\/wp-json\/wp\/v2\/media\/53677"}],"wp:attachment":[{"href":"https:\/\/agrozone.ee\/fi\/wp-json\/wp\/v2\/media?parent=53674"}],"wp:term":[{"taxonomy":"product_brand","embeddable":true,"href":"https:\/\/agrozone.ee\/fi\/wp-json\/wp\/v2\/product_brand?post=53674"},{"taxonomy":"product_cat","embeddable":true,"href":"https:\/\/agrozone.ee\/fi\/wp-json\/wp\/v2\/product_cat?post=53674"},{"taxonomy":"product_tag","embeddable":true,"href":"https:\/\/agrozone.ee\/fi\/wp-json\/wp\/v2\/product_tag?post=53674"}],"curies":[{"name":"wp","href":"https:\/\/api.w.org\/{rel}","templated":true}]}}