{"id":53681,"date":"2025-10-17T07:38:16","date_gmt":"2025-10-17T05:38:16","guid":{"rendered":"https:\/\/agrozone.ee\/?post_type=product&#038;p=53681"},"modified":"2025-11-18T17:17:32","modified_gmt":"2025-11-18T15:17:32","slug":"begoonia-cocktail-20-pilli","status":"publish","type":"product","link":"https:\/\/agrozone.ee\/fi\/tuote\/begoonia-cocktail-20-pilli\/","title":{"rendered":"Begoonia  &#8216;Cocktail\u00ae&#8217; 20 pilli"},"content":{"rendered":"<p>Erinevate v\u00e4rvide segu.<\/p>\n<p>Mustjaspunased lehed.<\/p>\n<p>Kompaktne sort.<\/p>\n<p>K\u00f5rgus: 25 cm.<\/p>\n<p>Sobib lillekastidesse, lillepeenardesse, linnahaljastusse, kalmistutele.<\/p>\n<p>Pakendis 20 pillitud seemet.<\/p>\n<p>&nbsp;<\/p>\n<h3>Kasutusjuhend<\/h3>\n<p>K\u00fclva seemned veebruaris-m\u00e4rtsis k\u00fclvikasti, \u00f5ue istuta taimed peale \u00f6\u00f6k\u00fclmaohu m\u00f6\u00f6dumist.<\/p>\n<p>K\u00fclvamise lihtsustamiseks on seeme pillitud.<\/p>\n<p>Igas graanulis on 1 seeme.<\/p>\n<p>K\u00fclvatud seemneid ei kaeta mullaga.<\/p>\n<p>Eelistab p\u00e4ikesepaistelist ja tuulevarjulist kasvukohta ning toitaineterikast vett l\u00e4bilaskvat mulda.<\/p>\n<p>K\u00fclvinorm v\u00f5i istutusskeem: taimede vahe 15-20 cm<\/p>\n<p>K\u00fclvis\u00fcgavus: 0 cm<\/p>\n<p>K\u00fclviaeg: ettekasvatamine toas: veebr-m\u00e4rts<\/p>\n<p>\u00d5itseb: juuni-september<\/p>\n","protected":false},"excerpt":{"rendered":"<p>Erinevate v\u00e4rvide segu. Mustjaspunased lehed. Kompaktne sort. K\u00f5rgus: 25 cm. Sobib lillekastidesse, lillepeenardesse, linnahaljastusse, kalmistutele. Pakendis 20 pillitud seemet. &nbsp; Kasutusjuhend K\u00fclva seemned veebruaris-m\u00e4rtsis k\u00fclvikasti, \u00f5ue istuta taimed peale \u00f6\u00f6k\u00fclmaohu m\u00f6\u00f6dumist. K\u00fclvamise lihtsustamiseks on seeme pillitud. Igas graanulis on 1 seeme. K\u00fclvatud seemneid ei kaeta mullaga. Eelistab p\u00e4ikesepaistelist ja tuulevarjulist kasvukohta ning toitaineterikast vett l\u00e4bilaskvat [&hellip;]<\/p>\n","protected":false},"featured_media":53684,"template":"","meta":{"_acf_changed":false,"_seopress_robots_primary_cat":"none","_seopress_titles_title":"","_seopress_titles_desc":"","_seopress_robots_index":"","_gspb_post_css":""},"product_brand":[],"product_cat":[2968,15,100,87],"product_tag":[],"class_list":{"0":"post-53681","1":"product","2":"type-product","3":"status-publish","4":"has-post-thumbnail","6":"product_cat-begoonia","7":"product_cat-koik-kategooriad","8":"product_cat-lilleseemned","9":"product_cat-seemned","11":"first","12":"instock","13":"taxable","14":"shipping-taxable","15":"purchasable","16":"product-type-simple"},"ct_brands":[],"acf":[],"_links":{"self":[{"href":"https:\/\/agrozone.ee\/fi\/wp-json\/wp\/v2\/product\/53681","targetHints":{"allow":["GET"]}}],"collection":[{"href":"https:\/\/agrozone.ee\/fi\/wp-json\/wp\/v2\/product"}],"about":[{"href":"https:\/\/agrozone.ee\/fi\/wp-json\/wp\/v2\/types\/product"}],"wp:featuredmedia":[{"embeddable":true,"href":"https:\/\/agrozone.ee\/fi\/wp-json\/wp\/v2\/media\/53684"}],"wp:attachment":[{"href":"https:\/\/agrozone.ee\/fi\/wp-json\/wp\/v2\/media?parent=53681"}],"wp:term":[{"taxonomy":"product_brand","embeddable":true,"href":"https:\/\/agrozone.ee\/fi\/wp-json\/wp\/v2\/product_brand?post=53681"},{"taxonomy":"product_cat","embeddable":true,"href":"https:\/\/agrozone.ee\/fi\/wp-json\/wp\/v2\/product_cat?post=53681"},{"taxonomy":"product_tag","embeddable":true,"href":"https:\/\/agrozone.ee\/fi\/wp-json\/wp\/v2\/product_tag?post=53681"}],"curies":[{"name":"wp","href":"https:\/\/api.w.org\/{rel}","templated":true}]}}