{"id":53734,"date":"2025-10-21T07:59:59","date_gmt":"2025-10-21T05:59:59","guid":{"rendered":"https:\/\/agrozone.ee\/?post_type=product&#038;p=53734"},"modified":"2025-11-25T19:00:08","modified_gmt":"2025-11-25T17:00:08","slug":"kerarebashein-buddy-purple-10s","status":"publish","type":"product","link":"https:\/\/agrozone.ee\/fi\/tuote\/kerarebashein-buddy-purple-10s\/","title":{"rendered":"Kerarebashein &#8216;Buddy Purple&#8217; 10s"},"content":{"rendered":"<p>Atraktiivne \u00fcheaastane suvelill.<\/p>\n<p>K\u00f5rgus: 15 cm.<\/p>\n<p>Armastab soojust ja valgust.<\/p>\n<p>Efektne nii peenras kui lillepottides.<\/p>\n<p>Liblikate lemmik.<\/p>\n<p>K\u00fclma\u00f5rn.<\/p>\n<p>Pakendis on 10 seemet.<\/p>\n<p>&nbsp;<\/p>\n<h3>Kasutusjuhend<\/h3>\n<p>K\u00fclva seemned m\u00e4rtsis-aprillis k\u00fclvikasti, \u00f5ue istuta taimed peale \u00f6\u00f6k\u00fclmaohu m\u00f6\u00f6dumist.<\/p>\n<p>K\u00fclvinorm v\u00f5i istutusskeem: taimede vahe 30 cm<\/p>\n<p>Kasvukoht: ettekasvatus, avamaa<\/p>\n<p>K\u00fclvis\u00fcgavus: 0,5-1 cm<\/p>\n<p>K\u00fclviaeg: ettekasvatus toas: m\u00e4rts-aprill, avamaale: juunis<\/p>\n<p>\u00d5itseb: juuli-sept<\/p>\n","protected":false},"excerpt":{"rendered":"<p>Gomphrena globosa<\/p>\n","protected":false},"featured_media":53737,"template":"","meta":{"_acf_changed":false,"_seopress_robots_primary_cat":"none","_seopress_titles_title":"","_seopress_titles_desc":"","_seopress_robots_index":"","_gspb_post_css":""},"product_brand":[],"product_cat":[15,100,1212,87],"product_tag":[],"class_list":{"0":"post-53734","1":"product","2":"type-product","3":"status-publish","4":"has-post-thumbnail","6":"product_cat-koik-kategooriad","7":"product_cat-lilleseemned","8":"product_cat-mitmesugused","9":"product_cat-seemned","11":"first","12":"outofstock","13":"taxable","14":"shipping-taxable","15":"purchasable","16":"product-type-simple"},"ct_brands":[],"acf":[],"_links":{"self":[{"href":"https:\/\/agrozone.ee\/fi\/wp-json\/wp\/v2\/product\/53734","targetHints":{"allow":["GET"]}}],"collection":[{"href":"https:\/\/agrozone.ee\/fi\/wp-json\/wp\/v2\/product"}],"about":[{"href":"https:\/\/agrozone.ee\/fi\/wp-json\/wp\/v2\/types\/product"}],"wp:featuredmedia":[{"embeddable":true,"href":"https:\/\/agrozone.ee\/fi\/wp-json\/wp\/v2\/media\/53737"}],"wp:attachment":[{"href":"https:\/\/agrozone.ee\/fi\/wp-json\/wp\/v2\/media?parent=53734"}],"wp:term":[{"taxonomy":"product_brand","embeddable":true,"href":"https:\/\/agrozone.ee\/fi\/wp-json\/wp\/v2\/product_brand?post=53734"},{"taxonomy":"product_cat","embeddable":true,"href":"https:\/\/agrozone.ee\/fi\/wp-json\/wp\/v2\/product_cat?post=53734"},{"taxonomy":"product_tag","embeddable":true,"href":"https:\/\/agrozone.ee\/fi\/wp-json\/wp\/v2\/product_tag?post=53734"}],"curies":[{"name":"wp","href":"https:\/\/api.w.org\/{rel}","templated":true}]}}