{"id":53756,"date":"2025-10-21T10:41:12","date_gmt":"2025-10-21T08:41:12","guid":{"rendered":"https:\/\/agrozone.ee\/?post_type=product&#038;p=53756"},"modified":"2025-11-25T18:56:09","modified_gmt":"2025-11-25T16:56:09","slug":"kukekannus-magic-fountains-lilac-pink-white-bee-5s","status":"publish","type":"product","link":"https:\/\/agrozone.ee\/fi\/tuote\/kukekannus-magic-fountains-lilac-pink-white-bee-5s\/","title":{"rendered":"Kukekannus &#8216;Magic Fountains Lilac Pink White Bee&#8217; 5s"},"content":{"rendered":"<p>Elegantne k\u00f5rgekasvuline p\u00fcsilill.<\/p>\n<p>Atraktiivsed lillakasroosad \u00f5ied valge s\u00fcdamikuga.<\/p>\n<p>Suurep\u00e4rane l\u00f5ikelill.<\/p>\n<p>K\u00f5rgus: 100 cm.<\/p>\n<p>Pakendis on 5 seemet.<\/p>\n<p>&nbsp;<\/p>\n<h3>Kasutusjuhend<\/h3>\n<p>K\u00fclva seemned veebruaris-m\u00e4rtsis k\u00fclvikasti, \u00f5ue istuta taimed peale \u00f6\u00f6k\u00fclmaohu m\u00f6\u00f6dumist.<\/p>\n<p>K\u00fclvinorm v\u00f5i istutusskeem: taimede vahe 60-90 cm<\/p>\n<p>K\u00fclvis\u00fcgavus: 0,5 cm<\/p>\n<p>K\u00fclviaeg: ettekasvatamine toas: veebr-m\u00e4rts<\/p>\n<p>\u00d5itseb: juuli-september<\/p>\n","protected":false},"excerpt":{"rendered":"<p>Delphinium elatum<\/p>\n","protected":false},"featured_media":53759,"template":"","meta":{"_acf_changed":false,"_seopress_robots_primary_cat":"none","_seopress_titles_title":"","_seopress_titles_desc":"","_seopress_robots_index":"","_gspb_post_css":""},"product_brand":[],"product_cat":[15,2966,100,87],"product_tag":[],"class_list":{"0":"post-53756","1":"product","2":"type-product","3":"status-publish","4":"has-post-thumbnail","6":"product_cat-koik-kategooriad","7":"product_cat-kukekannus","8":"product_cat-lilleseemned","9":"product_cat-seemned","11":"first","12":"instock","13":"taxable","14":"shipping-taxable","15":"purchasable","16":"product-type-simple"},"ct_brands":[],"acf":[],"_links":{"self":[{"href":"https:\/\/agrozone.ee\/fi\/wp-json\/wp\/v2\/product\/53756","targetHints":{"allow":["GET"]}}],"collection":[{"href":"https:\/\/agrozone.ee\/fi\/wp-json\/wp\/v2\/product"}],"about":[{"href":"https:\/\/agrozone.ee\/fi\/wp-json\/wp\/v2\/types\/product"}],"wp:featuredmedia":[{"embeddable":true,"href":"https:\/\/agrozone.ee\/fi\/wp-json\/wp\/v2\/media\/53759"}],"wp:attachment":[{"href":"https:\/\/agrozone.ee\/fi\/wp-json\/wp\/v2\/media?parent=53756"}],"wp:term":[{"taxonomy":"product_brand","embeddable":true,"href":"https:\/\/agrozone.ee\/fi\/wp-json\/wp\/v2\/product_brand?post=53756"},{"taxonomy":"product_cat","embeddable":true,"href":"https:\/\/agrozone.ee\/fi\/wp-json\/wp\/v2\/product_cat?post=53756"},{"taxonomy":"product_tag","embeddable":true,"href":"https:\/\/agrozone.ee\/fi\/wp-json\/wp\/v2\/product_tag?post=53756"}],"curies":[{"name":"wp","href":"https:\/\/api.w.org\/{rel}","templated":true}]}}