{"id":53795,"date":"2025-10-23T11:10:26","date_gmt":"2025-10-23T09:10:26","guid":{"rendered":"https:\/\/agrozone.ee\/?post_type=product&#038;p=53795"},"modified":"2025-11-25T18:54:03","modified_gmt":"2025-11-25T16:54:03","slug":"nelk-rosequartz-10s","status":"publish","type":"product","link":"https:\/\/agrozone.ee\/fi\/tuote\/nelk-rosequartz-10s\/","title":{"rendered":"Nelk &#8216;RoseQuartz&#8217; 10s"},"content":{"rendered":"<p>Madala ja tiheda kasvukujuga p\u00fcsilill.<\/p>\n<p>Moodustab hallikasrohelise lehestikuga padjandi.<\/p>\n<p>\u00d5ied on heleroosad tumeroosa ringiga, l\u00f5hnavad meeldivalt.<\/p>\n<p>Sobib kiviktaimlatesse, peenarde \u00e4\u00e4rtesse ja n\u00f5lvadele.<\/p>\n<p>K\u00f5rgus: 30 cm.<\/p>\n<p>Pakendis on 10 seemet<\/p>\n<p>&nbsp;<\/p>\n<h3>Kasutusjuhend<\/h3>\n<p>K\u00fclva seemned veebruaris-aprillis \u00f5itsemiseks mais-juulis; augustis-septembris k\u00fclvates \u00f5itseb taim j\u00e4rgmisel aastal.<\/p>\n<p>K\u00fclvinorm v\u00f5i istutusskeem: taimede vahe 25-35 cm<\/p>\n<p>K\u00fclvis\u00fcgavus: 0,5 cm<\/p>\n<p>K\u00fclviaeg: ettekasvatamine toas: m\u00e4rts-aprill<\/p>\n<p>\u00d5itseb: mai-juuni<\/p>\n","protected":false},"excerpt":{"rendered":"<p>Hall nelk<\/p>\n<p>Dianthus\u00a0gratianopolitanus<\/p>\n","protected":false},"featured_media":53798,"template":"","meta":{"_acf_changed":false,"_seopress_robots_primary_cat":"none","_seopress_titles_title":"","_seopress_titles_desc":"","_seopress_robots_index":"","_gspb_post_css":""},"product_brand":[],"product_cat":[15,100,1212,87],"product_tag":[],"class_list":{"0":"post-53795","1":"product","2":"type-product","3":"status-publish","4":"has-post-thumbnail","6":"product_cat-koik-kategooriad","7":"product_cat-lilleseemned","8":"product_cat-mitmesugused","9":"product_cat-seemned","11":"first","12":"instock","13":"taxable","14":"shipping-taxable","15":"purchasable","16":"product-type-simple"},"ct_brands":[],"acf":[],"_links":{"self":[{"href":"https:\/\/agrozone.ee\/fi\/wp-json\/wp\/v2\/product\/53795","targetHints":{"allow":["GET"]}}],"collection":[{"href":"https:\/\/agrozone.ee\/fi\/wp-json\/wp\/v2\/product"}],"about":[{"href":"https:\/\/agrozone.ee\/fi\/wp-json\/wp\/v2\/types\/product"}],"wp:featuredmedia":[{"embeddable":true,"href":"https:\/\/agrozone.ee\/fi\/wp-json\/wp\/v2\/media\/53798"}],"wp:attachment":[{"href":"https:\/\/agrozone.ee\/fi\/wp-json\/wp\/v2\/media?parent=53795"}],"wp:term":[{"taxonomy":"product_brand","embeddable":true,"href":"https:\/\/agrozone.ee\/fi\/wp-json\/wp\/v2\/product_brand?post=53795"},{"taxonomy":"product_cat","embeddable":true,"href":"https:\/\/agrozone.ee\/fi\/wp-json\/wp\/v2\/product_cat?post=53795"},{"taxonomy":"product_tag","embeddable":true,"href":"https:\/\/agrozone.ee\/fi\/wp-json\/wp\/v2\/product_tag?post=53795"}],"curies":[{"name":"wp","href":"https:\/\/api.w.org\/{rel}","templated":true}]}}