{"id":53799,"date":"2025-10-23T11:14:37","date_gmt":"2025-10-23T09:14:37","guid":{"rendered":"https:\/\/agrozone.ee\/?post_type=product&#038;p=53799"},"modified":"2025-11-25T18:54:48","modified_gmt":"2025-11-25T16:54:48","slug":"petuunia-celebrity-chiffon-morn-f1-30-pilli","status":"publish","type":"product","link":"https:\/\/agrozone.ee\/fi\/tuote\/petuunia-celebrity-chiffon-morn-f1-30-pilli\/","title":{"rendered":"Petuunia &#8216;Celebrity Chiffon Morn&#8217; F1 30 pilli"},"content":{"rendered":"<p>Kompaktne h\u00fcbriidpetuunia sort \u00f5rnroosade \u00f5itega.<\/p>\n<p>\u00d5rn toon tuleb eriti esile koos halli v\u00e4rvi lehestiku taimedega, n\u00e4iteks h\u00f5bepael, vilt-ristirohi, jms.<\/p>\n<p>V\u00e4ga hea vihmataluvus.<\/p>\n<p>K\u00f5rgus: 30 cm.<\/p>\n<p>Pakendis 30 pillitud seemet.<\/p>\n<p>&nbsp;<\/p>\n<h3>Kasutusjuhend<\/h3>\n<p>K\u00fclva seemned veebruaris-m\u00e4rtsis k\u00fclvikasti, \u00f5ue istuta taimed peale \u00f6\u00f6k\u00fclmaohu m\u00f6\u00f6dumist.<\/p>\n<p>K\u00fclvamise lihtsustamiseks on seeme pillitud.<\/p>\n<p>Igas graanulis on 1 seeme.<\/p>\n<p>K\u00fclvatud seemneid ei kaeta mullaga.<\/p>\n<p>Eelistab p\u00e4ikesepaistelist ja tuulevarjulist kasvukohta ning toitaineterikast vett l\u00e4bilaskvat mulda.<\/p>\n<p>K\u00fclvinorm v\u00f5i istutusskeem: taimede vahe 30 cm<\/p>\n<p>Kasvukoht: k\u00fclvikast<\/p>\n<p>K\u00fclvis\u00fcgavus: 0 cm<\/p>\n<p>K\u00fclviaeg: k\u00fclvikasti: veebr-aprill<\/p>\n<p>\u00d5itseb: juuni-september<\/p>\n","protected":false},"excerpt":{"rendered":"<p>Petunia\u00a0x hybrida<\/p>\n","protected":false},"featured_media":53802,"template":"","meta":{"_acf_changed":false,"_seopress_robots_primary_cat":"none","_seopress_titles_title":"","_seopress_titles_desc":"","_seopress_robots_index":"","_gspb_post_css":""},"product_brand":[],"product_cat":[15,100,1217,87],"product_tag":[],"class_list":{"0":"post-53799","1":"product","2":"type-product","3":"status-publish","4":"has-post-thumbnail","6":"product_cat-koik-kategooriad","7":"product_cat-lilleseemned","8":"product_cat-petuunia","9":"product_cat-seemned","11":"first","12":"instock","13":"taxable","14":"shipping-taxable","15":"purchasable","16":"product-type-simple"},"ct_brands":[],"acf":[],"_links":{"self":[{"href":"https:\/\/agrozone.ee\/fi\/wp-json\/wp\/v2\/product\/53799","targetHints":{"allow":["GET"]}}],"collection":[{"href":"https:\/\/agrozone.ee\/fi\/wp-json\/wp\/v2\/product"}],"about":[{"href":"https:\/\/agrozone.ee\/fi\/wp-json\/wp\/v2\/types\/product"}],"wp:featuredmedia":[{"embeddable":true,"href":"https:\/\/agrozone.ee\/fi\/wp-json\/wp\/v2\/media\/53802"}],"wp:attachment":[{"href":"https:\/\/agrozone.ee\/fi\/wp-json\/wp\/v2\/media?parent=53799"}],"wp:term":[{"taxonomy":"product_brand","embeddable":true,"href":"https:\/\/agrozone.ee\/fi\/wp-json\/wp\/v2\/product_brand?post=53799"},{"taxonomy":"product_cat","embeddable":true,"href":"https:\/\/agrozone.ee\/fi\/wp-json\/wp\/v2\/product_cat?post=53799"},{"taxonomy":"product_tag","embeddable":true,"href":"https:\/\/agrozone.ee\/fi\/wp-json\/wp\/v2\/product_tag?post=53799"}],"curies":[{"name":"wp","href":"https:\/\/api.w.org\/{rel}","templated":true}]}}