{"id":53803,"date":"2025-10-23T11:17:02","date_gmt":"2025-10-23T09:17:02","guid":{"rendered":"https:\/\/agrozone.ee\/?post_type=product&#038;p=53803"},"modified":"2026-04-23T06:52:22","modified_gmt":"2026-04-23T04:52:22","slug":"petuunia-boom-tr-white-f1-5-pilli-ripp-petuunia","status":"publish","type":"product","link":"https:\/\/agrozone.ee\/fi\/tuote\/petuunia-boom-tr-white-f1-5-pilli-ripp-petuunia\/","title":{"rendered":"Petuunia  &#8217;BOOM!\u2122 TR White&#8217; F1 5 pilli, ripp-petuunia"},"content":{"rendered":"<p data-path-to-node=\"2\"><b data-path-to-node=\"2\" data-index-in-node=\"0\">Luksuslik \u00f5itemeri, mis ei karda Eesti suveilma<\/b> Kas oled tundnud s\u00fcdamevalu, kui tugev suvine vihmahoog muudab Su kaunid ja hoolikalt kasvatatud amplitaimed r\u00e4\u00e4bakaks? Unusta see mure! Uuenduslik valge\u00f5ieline <b data-path-to-node=\"2\" data-index-in-node=\"209\">ripp-petuunia &#8217;BOOM!\u2122 TR White&#8217; F1<\/b> on loodud spetsiaalselt vastu pidama heitlikele ilmastikuoludele. See tipptasemel geneetikaga kompaktne iludus s\u00e4ilitab oma esindusliku v\u00e4limuse ja lumivalge elegantsi ka p\u00e4rast tugevat sadu, muutes Sinu terrassi, r\u00f5du v\u00f5i lehtla t\u00f5eliseks pilgup\u00fc\u00fcdjaks juunist kuni s\u00fcgiseste jahedate ilmadeni.<\/p>\n<p data-path-to-node=\"3\"><b data-path-to-node=\"3\" data-index-in-node=\"0\">Kliimakohane ilu ja vertikaalne elurikkus<\/b> Kaasaegses aianduses on j\u00e4tkusuutlikkus ja \u00e4\u00e4rmuslikele ilmaoludele vastupidavad sordid t\u00f5usev trend. Valides tugeva vihmataluvusega taimed, v\u00e4hendad asjatut ressursside raiskamist ja pidevat uute istikute ostmist. Lisaks on ripp-petuunia ideaalne valik ruumis\u00e4\u00e4stlikuks vertikaalseks aianduseks. Need lopsakad, kuni 30 cm pikkuste versodega \u00f5iepallid loovad linnakeskkonda v\u00f5i v\u00e4iksemale \u00f5uele rikkaliku roheluse, pakkudes samal ajal silmailu ja turvalist peatuspaika suvistele tolmeldajatele.<\/p>\n<p data-path-to-node=\"4\"><b data-path-to-node=\"4\" data-index-in-node=\"0\">Taimekasvatus, mis on tehtud stressivabaks<\/b> Oleme teinud idandamise imelihtsaks, et saaksid keskenduda vaid tulemuse nautimisele. Pakendis on 5 mugavalt <b data-path-to-node=\"4\" data-index-in-node=\"152\">pillitud seemet<\/b> \u2013 see t\u00e4hendab, et iga mikroskoopiline seeme on kaetud spetsiaalse savika kestaga. Sa ei pea enam n\u00e4puga pisikest puru taga ajama!<\/p>\n<ul data-path-to-node=\"5\">\n<li>\n<p data-path-to-node=\"5,0,0\"><b data-path-to-node=\"5,0,0\" data-index-in-node=\"0\">K\u00fclvamine (veebruar-aprill):<\/b> Aseta graanulid \u00f5rnalt niiskele mullapinnale. <b data-path-to-node=\"5,0,0\" data-index-in-node=\"75\">Pea meeles:<\/b> \u00e4ra kata neid mullaga, sest petuuniad vajavad t\u00e4rkamiseks kindlasti valgust!<\/p>\n<\/li>\n<li>\n<p data-path-to-node=\"5,1,0\"><b data-path-to-node=\"5,1,0\" data-index-in-node=\"0\">Ideaalne kasvukoht:<\/b> Leia noortele taimedele peale \u00f6\u00f6k\u00fclmaohu m\u00f6\u00f6dumist p\u00e4ikesepaisteline ja tuulte eest varjatud nurgake. Paku neile toitaineterikast ning vett h\u00e4sti l\u00e4bilaskvat mulda.<\/p>\n<\/li>\n<li>\n<p data-path-to-node=\"5,2,0\"><b data-path-to-node=\"5,2,0\" data-index-in-node=\"0\">Hingamisruum:<\/b> J\u00e4ta istutamisel taimede vahele umbes 30 cm, et nad saaksid takistamatult laieneda ja moodustada tiheda \u00f5iepoti.<\/p>\n<\/li>\n<\/ul>\n<p data-path-to-node=\"6\">Too oma koduaeda esinduslik ja ilmastikukindel lahendus. Telli &#8217;BOOM!\u2122 TR White&#8217; pillitud seemned juba t\u00e4na ja naudi muretut suve!<\/p>\n","protected":false},"excerpt":{"rendered":"<p>Petunia\u00a0x hybrida<\/p>\n","protected":false},"featured_media":53806,"template":"","meta":{"_acf_changed":false,"_seopress_robots_primary_cat":"none","_seopress_titles_title":"Vihmakindel ripp-petuunia 'BOOM! TR White' seemned","_seopress_titles_desc":"Kas suvine vihm rikub amplitaimed? Vastupidav ripp-petuunia 'BOOM! TR White' lahendab selle mure, pakkudes luksuslikku valget \u00f5itemerd. Telli Agrozone'ist!","_seopress_robots_index":"","_gspb_post_css":""},"product_brand":[2906],"product_cat":[15,100,1217,87],"product_tag":[],"class_list":{"0":"post-53803","1":"product","2":"type-product","3":"status-publish","4":"has-post-thumbnail","6":"product_brand-baltic-agro","7":"product_cat-koik-kategooriad","8":"product_cat-lilleseemned","9":"product_cat-petuunia","10":"product_cat-seemned","12":"first","13":"instock","14":"taxable","15":"shipping-taxable","16":"purchasable","17":"product-type-simple"},"ct_brands":[{"id":2906,"name":"Baltic Agro","slug":"baltic-agro"}],"acf":[],"_links":{"self":[{"href":"https:\/\/agrozone.ee\/fi\/wp-json\/wp\/v2\/product\/53803","targetHints":{"allow":["GET"]}}],"collection":[{"href":"https:\/\/agrozone.ee\/fi\/wp-json\/wp\/v2\/product"}],"about":[{"href":"https:\/\/agrozone.ee\/fi\/wp-json\/wp\/v2\/types\/product"}],"wp:featuredmedia":[{"embeddable":true,"href":"https:\/\/agrozone.ee\/fi\/wp-json\/wp\/v2\/media\/53806"}],"wp:attachment":[{"href":"https:\/\/agrozone.ee\/fi\/wp-json\/wp\/v2\/media?parent=53803"}],"wp:term":[{"taxonomy":"product_brand","embeddable":true,"href":"https:\/\/agrozone.ee\/fi\/wp-json\/wp\/v2\/product_brand?post=53803"},{"taxonomy":"product_cat","embeddable":true,"href":"https:\/\/agrozone.ee\/fi\/wp-json\/wp\/v2\/product_cat?post=53803"},{"taxonomy":"product_tag","embeddable":true,"href":"https:\/\/agrozone.ee\/fi\/wp-json\/wp\/v2\/product_tag?post=53803"}],"curies":[{"name":"wp","href":"https:\/\/api.w.org\/{rel}","templated":true}]}}