{"id":53815,"date":"2025-10-23T11:26:41","date_gmt":"2025-10-23T09:26:41","guid":{"rendered":"https:\/\/agrozone.ee\/?post_type=product&#038;p=53815"},"modified":"2026-04-23T06:54:25","modified_gmt":"2026-04-23T04:54:25","slug":"siilkubar-pollynation-magenta-5s","status":"publish","type":"product","link":"https:\/\/agrozone.ee\/fi\/tuote\/siilkubar-pollynation-magenta-5s\/","title":{"rendered":"Siilk\u00fcbar &#8217;PollyNation\u2122 Magenta&#8217; 5s"},"content":{"rendered":"<p data-path-to-node=\"2\"><b data-path-to-node=\"2\" data-index-in-node=\"0\">Kuumust trotsiv iludus Sinu suvisesse aeda<\/b> Kas pikkadest ja kuumadest suvep\u00e4evadest tingitud pidev kastmine kurnab Sind? Suvised p\u00f5uaperioodid ei pea t\u00e4hendama r\u00e4\u00e4bakaks muutuvaid peenraid. Lummavate tumeroosade keel\u00f5itega <b data-path-to-node=\"2\" data-index-in-node=\"223\">punane siilk\u00fcbar<\/b> (tuntud ka kui purpur-siilk\u00fcbar) <b data-path-to-node=\"2\" data-index-in-node=\"273\">\u2018PollyNation\u2122 Magenta\u2019<\/b> on s\u00fcndinud s\u00e4rama seal, kus \u00f5rnemad taimed alla annavad. See uhke, 65 cm k\u00f5rguseks sirguv p\u00fcsik pakub luksuslikku silmailu minimaalse vaevaga, muutes Su lillepeenra v\u00f5i p\u00e4ikesest k\u00fcllastunud terrassi vastupidavaks ja eluj\u00f5uliseks oaasiks.<\/p>\n<p data-path-to-node=\"3\"><b data-path-to-node=\"3\" data-index-in-node=\"0\">J\u00e4tkusuutlik aiandus ja sumisev elurikkus<\/b> Moodne aiakujundus liigub \u00fcha enam loodusega koosk\u00f5las elamise poole. Valides kuivust taluvaid p\u00fcsikuid, s\u00e4\u00e4stad v\u00e4\u00e4rtuslikku joogivett ja v\u00e4hendad oma aia \u00f6koloogilist jalaj\u00e4lge. Kuid see pole veel k\u00f5ik \u2013 siilk\u00fcbarad on absoluutsed liblikate lemmikud! Nende kaunite \u00f5itega lood oma koduaeda turvalise maandumisraja ja rikkaliku toidulaua kasulikele tolmeldajatele, turgutades kohalikku \u00f6kos\u00fcsteemi ja tuues aeda elu, v\u00e4rvi ning r\u00f5\u00f5msat suminat.<\/p>\n<p data-path-to-node=\"4\"><b data-path-to-node=\"4\" data-index-in-node=\"0\">Lihtsad sammud imelise tulemuseni<\/b> Selles pakendis peitub 5 kvaliteetset seemet, mis on Sinu pilet pikaajalise aiailu loomiseks. Nende eluj\u00f5uliste p\u00fcsikute kasvatamine on nauditav teekond:<\/p>\n<ul data-path-to-node=\"5\">\n<li>\n<p data-path-to-node=\"5,0,0\"><b data-path-to-node=\"5,0,0\" data-index-in-node=\"0\">Enneta hooaega:<\/b> Alusta seemnete ettekasvatamist soojas toas juba veebruaris v\u00f5i m\u00e4rtsis (pista seemned vaid 0,5 cm s\u00fcgavusele mulda). Varajane k\u00fclv premeerib Sind rikkaliku \u00f5itsemisega juba samal suvel, pakkudes silmailu juulist septembrini!<\/p>\n<\/li>\n<li>\n<p data-path-to-node=\"5,1,0\"><b data-path-to-node=\"5,1,0\" data-index-in-node=\"0\">Valguse ja soojuse armastaja:<\/b> Olgu selleks avar peenar v\u00f5i suurem konteiner terrassil \u2013 vali siilk\u00fcbarale aia k\u00f5ige p\u00e4ikeselisem ja soojem asukoht. Mida rohkem p\u00e4ikest, seda kirkamad on \u00f5ied.<\/p>\n<\/li>\n<li>\n<p data-path-to-node=\"5,2,0\"><b data-path-to-node=\"5,2,0\" data-index-in-node=\"0\">Eluruum arenemiseks:<\/b> \u00d5ue istutades hoolitse selle eest, et taimede vahele j\u00e4\u00e4ks umbes 40 cm. See tagab neile piisava hingamisruumi v\u00f5imsa ja tugeva puhma kasvatamiseks.<\/p>\n<\/li>\n<\/ul>\n<p data-path-to-node=\"6\">Muuda oma aed muretuks ja looduss\u00f5bralikuks paradiisiks. Lisa siilk\u00fcbara &#8217;PollyNation\u2122 Magenta&#8217; seemned oma Agrozone&#8217;i ostukorvi ja naudi p\u00fcsivat ilu!<\/p>\n","protected":false},"excerpt":{"rendered":"<p>Echinacea purpurea<\/p>\n","protected":false},"featured_media":53818,"template":"","meta":{"_acf_changed":false,"_seopress_robots_primary_cat":"none","_seopress_titles_title":"P\u00f5uataluv punane siilk\u00fcbar 'PollyNation\u2122 Magenta' seemned","_seopress_titles_desc":"Loo aeda p\u00f5uataluv ja elurikas lillemeri! Tumeroosade \u00f5itega punane siilk\u00fcbar meelitab liblikaid ja sobib ideaalselt ka terrassile. Telli Agrozone e-poest!","_seopress_robots_index":"","_seopress_analysis_target_kw":"punane siilk\u00fcbar,purpur-siilk\u00fcbara seemned,p\u00f5uataluvad p\u00fcsikud,meelitab liblikaid,lilled terrassile","_gspb_post_css":""},"product_brand":[2906],"product_cat":[15,100,87,2964],"product_tag":[],"class_list":{"0":"post-53815","1":"product","2":"type-product","3":"status-publish","4":"has-post-thumbnail","6":"product_brand-baltic-agro","7":"product_cat-koik-kategooriad","8":"product_cat-lilleseemned","9":"product_cat-seemned","10":"product_cat-siilkubar","12":"first","13":"instock","14":"taxable","15":"shipping-taxable","16":"purchasable","17":"product-type-simple"},"ct_brands":[{"id":2906,"name":"Baltic Agro","slug":"baltic-agro"}],"acf":[],"_links":{"self":[{"href":"https:\/\/agrozone.ee\/fi\/wp-json\/wp\/v2\/product\/53815","targetHints":{"allow":["GET"]}}],"collection":[{"href":"https:\/\/agrozone.ee\/fi\/wp-json\/wp\/v2\/product"}],"about":[{"href":"https:\/\/agrozone.ee\/fi\/wp-json\/wp\/v2\/types\/product"}],"wp:featuredmedia":[{"embeddable":true,"href":"https:\/\/agrozone.ee\/fi\/wp-json\/wp\/v2\/media\/53818"}],"wp:attachment":[{"href":"https:\/\/agrozone.ee\/fi\/wp-json\/wp\/v2\/media?parent=53815"}],"wp:term":[{"taxonomy":"product_brand","embeddable":true,"href":"https:\/\/agrozone.ee\/fi\/wp-json\/wp\/v2\/product_brand?post=53815"},{"taxonomy":"product_cat","embeddable":true,"href":"https:\/\/agrozone.ee\/fi\/wp-json\/wp\/v2\/product_cat?post=53815"},{"taxonomy":"product_tag","embeddable":true,"href":"https:\/\/agrozone.ee\/fi\/wp-json\/wp\/v2\/product_tag?post=53815"}],"curies":[{"name":"wp","href":"https:\/\/api.w.org\/{rel}","templated":true}]}}