{"id":53849,"date":"2025-10-23T11:49:35","date_gmt":"2025-10-23T09:49:35","guid":{"rendered":"https:\/\/agrozone.ee\/?post_type=product&#038;p=53849"},"modified":"2025-11-25T18:50:40","modified_gmt":"2025-11-25T16:50:40","slug":"voorasema-cats-orange-f1-10s","status":"publish","type":"product","link":"https:\/\/agrozone.ee\/fi\/tuote\/voorasema-cats-orange-f1-10s\/","title":{"rendered":"V\u00f5\u00f5rasema &#8216;Cats\u00ae Orange&#8217; F1 10s"},"content":{"rendered":"<p>V\u00f5\u00f5rasema \u2018Cats\u00ae Orange\u2019 F1 on s\u00fcgavoran\u017eide \u00f5ite ja mustade\u201d vurrudega\u201d sort.<\/p>\n<p>K\u00f5rgus: 15 cm.<\/p>\n<p>&nbsp;<\/p>\n<h3>Kasutusjuhend<\/h3>\n<p>K\u00fclva seemned jaanuar-veebruar k\u00fclvikasti, otse peenrasse juuli-august.<\/p>\n<p>Sobib p\u00e4ikeseline v\u00f5i poolvarjuline kasvukoht.<\/p>\n<p>Talub kuni 5 miinuskraadi.<\/p>\n<p>K\u00fclvinorm v\u00f5i istutusskeem: taimede vahe 15-20 cm<\/p>\n<p>Kasvukoht: k\u00fclvikast, avamaa<\/p>\n<p>K\u00fclvis\u00fcgavus: 0,3 cm<\/p>\n<p>K\u00fclviaeg: k\u00fclvikasti: jaan-veebr; avamaale: juuli-august<\/p>\n<p>\u00d5itseb: mai-september<\/p>\n","protected":false},"excerpt":{"rendered":"<p>Viola\u00a0wittrockiana<\/p>\n","protected":false},"featured_media":53852,"template":"","meta":{"_acf_changed":false,"_seopress_robots_primary_cat":"none","_seopress_titles_title":"","_seopress_titles_desc":"","_seopress_robots_index":"","_gspb_post_css":""},"product_brand":[],"product_cat":[15,100,87,2967],"product_tag":[],"class_list":{"0":"post-53849","1":"product","2":"type-product","3":"status-publish","4":"has-post-thumbnail","6":"product_cat-koik-kategooriad","7":"product_cat-lilleseemned","8":"product_cat-seemned","9":"product_cat-voorasema","11":"first","12":"instock","13":"taxable","14":"shipping-taxable","15":"purchasable","16":"product-type-simple"},"ct_brands":[],"acf":[],"_links":{"self":[{"href":"https:\/\/agrozone.ee\/fi\/wp-json\/wp\/v2\/product\/53849","targetHints":{"allow":["GET"]}}],"collection":[{"href":"https:\/\/agrozone.ee\/fi\/wp-json\/wp\/v2\/product"}],"about":[{"href":"https:\/\/agrozone.ee\/fi\/wp-json\/wp\/v2\/types\/product"}],"wp:featuredmedia":[{"embeddable":true,"href":"https:\/\/agrozone.ee\/fi\/wp-json\/wp\/v2\/media\/53852"}],"wp:attachment":[{"href":"https:\/\/agrozone.ee\/fi\/wp-json\/wp\/v2\/media?parent=53849"}],"wp:term":[{"taxonomy":"product_brand","embeddable":true,"href":"https:\/\/agrozone.ee\/fi\/wp-json\/wp\/v2\/product_brand?post=53849"},{"taxonomy":"product_cat","embeddable":true,"href":"https:\/\/agrozone.ee\/fi\/wp-json\/wp\/v2\/product_cat?post=53849"},{"taxonomy":"product_tag","embeddable":true,"href":"https:\/\/agrozone.ee\/fi\/wp-json\/wp\/v2\/product_tag?post=53849"}],"curies":[{"name":"wp","href":"https:\/\/api.w.org\/{rel}","templated":true}]}}