{"id":53869,"date":"2025-10-16T12:30:16","date_gmt":"2025-10-16T10:30:16","guid":{"rendered":"https:\/\/agrozone.ee\/toode\/kirsikkatomaatti-summer-sun-f1-5-siementa\/"},"modified":"2025-10-16T12:30:16","modified_gmt":"2025-10-16T10:30:16","slug":"kirsikkatomaatti-summer-sun-f1-5-siementa","status":"publish","type":"product","link":"https:\/\/agrozone.ee\/fi\/tuote\/kirsikkatomaatti-summer-sun-f1-5-siementa\/","title":{"rendered":"Kirsikkatomaatti &#8216;Summer Sun&#8217; F1 5 siement\u00e4"},"content":{"rendered":"<p>Summer Sun on erinomaisen makeanmakuinen keltainen kirsikkatomaattilajike!<\/p>\n<p>Korkeakasvuinen, taudinkest\u00e4v\u00e4 ja eritt\u00e4in satoisa lajike kasvihuoneviljelyyn.<\/p>\n<p>Pienet hedelm\u00e4t painoltaan 15-25 g.<\/p>\n<p>&nbsp;<\/p>\n<h3>K\u00e4ytt\u00f6ohjeet<\/h3>\n<p>Kylv\u00f6aika.<\/p>\n<p>Esikasvatus helmi-huhtikuussa.<\/p>\n<p>Istutussuunnitelma.<\/p>\n<p>Riviv\u00e4li 40-75 cm, taimien v\u00e4li 50-100 cm.<\/p>\n","protected":false},"excerpt":{"rendered":"<p>Solanum lycopersicum L.<\/p>\n","protected":false},"featured_media":53603,"template":"","meta":{"_acf_changed":false,"_seopress_robots_primary_cat":"none","_seopress_titles_title":"","_seopress_titles_desc":"","_seopress_robots_index":"","_gspb_post_css":""},"product_brand":[],"product_cat":[2392,2399,2422,2401],"product_tag":[],"class_list":{"0":"post-53869","1":"product","2":"type-product","3":"status-publish","4":"has-post-thumbnail","6":"product_cat-kaikki-luokat","7":"product_cat-siemenet","8":"product_cat-tomaatti","9":"product_cat-vihanneksien-siemenet","11":"first","12":"instock","13":"taxable","14":"shipping-taxable","15":"purchasable","16":"product-type-simple"},"ct_brands":[],"acf":[],"_links":{"self":[{"href":"https:\/\/agrozone.ee\/fi\/wp-json\/wp\/v2\/product\/53869","targetHints":{"allow":["GET"]}}],"collection":[{"href":"https:\/\/agrozone.ee\/fi\/wp-json\/wp\/v2\/product"}],"about":[{"href":"https:\/\/agrozone.ee\/fi\/wp-json\/wp\/v2\/types\/product"}],"wp:featuredmedia":[{"embeddable":true,"href":"https:\/\/agrozone.ee\/fi\/wp-json\/wp\/v2\/media\/53603"}],"wp:attachment":[{"href":"https:\/\/agrozone.ee\/fi\/wp-json\/wp\/v2\/media?parent=53869"}],"wp:term":[{"taxonomy":"product_brand","embeddable":true,"href":"https:\/\/agrozone.ee\/fi\/wp-json\/wp\/v2\/product_brand?post=53869"},{"taxonomy":"product_cat","embeddable":true,"href":"https:\/\/agrozone.ee\/fi\/wp-json\/wp\/v2\/product_cat?post=53869"},{"taxonomy":"product_tag","embeddable":true,"href":"https:\/\/agrozone.ee\/fi\/wp-json\/wp\/v2\/product_tag?post=53869"}],"curies":[{"name":"wp","href":"https:\/\/api.w.org\/{rel}","templated":true}]}}