{"id":53873,"date":"2025-10-17T07:26:05","date_gmt":"2025-10-17T05:26:05","guid":{"rendered":"https:\/\/agrozone.ee\/toode\/lehtisalaatti-aficion-03-g\/"},"modified":"2025-10-17T07:26:05","modified_gmt":"2025-10-17T05:26:05","slug":"lehtisalaatti-aficion-03-g","status":"publish","type":"product","link":"https:\/\/agrozone.ee\/fi\/tuote\/lehtisalaatti-aficion-03-g\/","title":{"rendered":"Lehtisalaatti &#8216;Aficion&#8217;, 0,3 g"},"content":{"rendered":"<p>Lehtisalaatti Aficion on vihre\u00e4 Batavia-tyyppinen salaatti.<\/p>\n<p>Vihre\u00e4t Grand Rapid -tyyppiset mehev\u00e4t lehdet muodostavat tuuhean, avoimen ker\u00e4n.<\/p>\n<p>&nbsp;<\/p>\n<h3>K\u00e4ytt\u00f6ohjeet<\/h3>\n<p>KYLV\u00d6 JA KASVATUS.<\/p>\n<p>Maalis-kes\u00e4kuu kasvihuoneeseen tai touko-kes\u00e4kuu suoraan avomaalle.<\/p>\n<p>Voidaan kylv\u00e4\u00e4 toistuvasti kes\u00e4n aikana. Kylvet\u00e4\u00e4n 1 cm syvyyteen. <\/p>\n<p>Istutussuunnitelma.<\/p>\n<p>Riviv\u00e4li 45\u201360 cm, kasvien v\u00e4li 10\u201315 cm.<\/p>\n<p>KASVUAika.<\/p>\n<p>Kasvuaika 35\u201350 p\u00e4iv\u00e4\u00e4.<\/p>\n","protected":false},"excerpt":{"rendered":"<p>Lehtisalaatti Aficion on vihre\u00e4 Batavia-tyyppinen salaatti. Vihre\u00e4t Grand Rapid -tyyppiset mehev\u00e4t lehdet muodostavat tuuhean, avoimen ker\u00e4n. &nbsp; K\u00e4ytt\u00f6ohjeet KYLV\u00d6 JA KASVATUS. Maalis-kes\u00e4kuu kasvihuoneeseen tai touko-kes\u00e4kuu suoraan avomaalle. Voidaan kylv\u00e4\u00e4 toistuvasti kes\u00e4n aikana. Kylvet\u00e4\u00e4n 1 cm syvyyteen. Istutussuunnitelma. Riviv\u00e4li 45\u201360 cm, kasvien v\u00e4li 10\u201315 cm. KASVUAika. Kasvuaika 35\u201350 p\u00e4iv\u00e4\u00e4.<\/p>\n","protected":false},"featured_media":53658,"template":"","meta":{"_acf_changed":false,"_seopress_robots_primary_cat":"","_seopress_titles_title":"","_seopress_titles_desc":"","_seopress_robots_index":"","_gspb_post_css":""},"product_brand":[],"product_cat":[2392,2419,2399,2401],"product_tag":[],"class_list":{"0":"post-53873","1":"product","2":"type-product","3":"status-publish","4":"has-post-thumbnail","6":"product_cat-kaikki-luokat","7":"product_cat-salaatit-ja-muut","8":"product_cat-siemenet","9":"product_cat-vihanneksien-siemenet","11":"first","12":"instock","13":"taxable","14":"shipping-taxable","15":"purchasable","16":"product-type-simple"},"ct_brands":[],"acf":[],"_links":{"self":[{"href":"https:\/\/agrozone.ee\/fi\/wp-json\/wp\/v2\/product\/53873","targetHints":{"allow":["GET"]}}],"collection":[{"href":"https:\/\/agrozone.ee\/fi\/wp-json\/wp\/v2\/product"}],"about":[{"href":"https:\/\/agrozone.ee\/fi\/wp-json\/wp\/v2\/types\/product"}],"wp:featuredmedia":[{"embeddable":true,"href":"https:\/\/agrozone.ee\/fi\/wp-json\/wp\/v2\/media\/53658"}],"wp:attachment":[{"href":"https:\/\/agrozone.ee\/fi\/wp-json\/wp\/v2\/media?parent=53873"}],"wp:term":[{"taxonomy":"product_brand","embeddable":true,"href":"https:\/\/agrozone.ee\/fi\/wp-json\/wp\/v2\/product_brand?post=53873"},{"taxonomy":"product_cat","embeddable":true,"href":"https:\/\/agrozone.ee\/fi\/wp-json\/wp\/v2\/product_cat?post=53873"},{"taxonomy":"product_tag","embeddable":true,"href":"https:\/\/agrozone.ee\/fi\/wp-json\/wp\/v2\/product_tag?post=53873"}],"curies":[{"name":"wp","href":"https:\/\/api.w.org\/{rel}","templated":true}]}}