{"id":53877,"date":"2025-09-29T12:42:23","date_gmt":"2025-09-29T10:42:23","guid":{"rendered":"https:\/\/agrozone.ee\/toode\/kasvipeite-16-x-1-m-3-kpl\/"},"modified":"2025-11-09T11:37:35","modified_gmt":"2025-11-09T09:37:35","slug":"kasvipeite-16-x-1-m-3-kpl","status":"publish","type":"product","link":"https:\/\/agrozone.ee\/fi\/tuote\/kasvipeite-16-x-1-m-3-kpl\/","title":{"rendered":"Kasvipeite 1,6 x 1 m"},"content":{"rendered":"<p>Kasvipeite, talvisuojapussi, agrotekstiili kasveille, UV-suojattu, suuri 160x100cm!<\/p>\n<ul>\n<li> kasvien turvallinen talvehtiminen \u2013 peite luo erist\u00e4v\u00e4n suojakerroksen, joka pit\u00e4\u00e4 tehokkaasti l\u00e4mp\u00f6\u00e4 ja suojaa pakkaselta, niin ett\u00e4 jopa herk\u00e4t kasvit, pensaat ja nuoret puut selvi\u00e4v\u00e4t talvesta ongelmitta ja saavuttavat kev\u00e4\u00e4ll\u00e4 takaisin terveen ulkon\u00e4k\u00f6ns\u00e4 ja voimansa jatkokasvua varten.<\/li>\n<li> luonnolliset olosuhteet kasveille \u2013 hengitt\u00e4v\u00e4 kuitukangas p\u00e4\u00e4st\u00e4\u00e4 l\u00e4pi ilmaa, kosteutta ja vett\u00e4, varmistaen kasveille oikeanlaisen kierron ja mahdollistaen niiden kehittymisen terveess\u00e4 ymp\u00e4rist\u00f6ss\u00e4.<\/li>\n<li> helppo ja nopea asentaa \u2013 k\u00e4yt\u00e4nn\u00f6llinen narukiinnitys mahdollistaa peitteen kirist\u00e4misen kasvin ymp\u00e4rille sopivaksi vain muutamassa hetkess\u00e4, peite pysyy tukevasti paikallaan, ei luista eik\u00e4 lenn\u00e4 pois, edes kovalla tuulella.<\/li>\n<\/ul>\n<p>Kasvipeitteen tekniset tiedot:<\/p>\n<ul>\n<li><span class=\"citation-1 citation-end-1\">Suojaa kasveja pakkaselta, lumelta, sateelta ja voimakkaalta tuulelta<\/span>, hengitt\u00e4v\u00e4 materiaali, vedenkest\u00e4v\u00e4<\/li>\n<li>UV-suoja<\/li>\n<li>Rep\u00e4isynkest\u00e4v\u00e4 tiheys: 60 g\/m\u00b2<\/li>\n<li>Helppo asentaa ja poistaa narukiinnityksell\u00e4, uudelleenk\u00e4ytett\u00e4v\u00e4<\/li>\n<li>Mitat: 160 x 100 cm<\/li>\n<\/ul>\n","protected":false},"excerpt":{"rendered":"<p>Kasvipeite, talvisuojapussi, agrotekstiili kasveille, UV-suojattu, suuri 160x100cm! kasvien turvallinen talvehtiminen \u2013 peite luo erist\u00e4v\u00e4n suojakerroksen, joka pit\u00e4\u00e4 tehokkaasti l\u00e4mp\u00f6\u00e4 ja suojaa pakkaselta, niin ett\u00e4 jopa herk\u00e4t kasvit, pensaat ja nuoret puut selvi\u00e4v\u00e4t talvesta ongelmitta ja saavuttavat kev\u00e4\u00e4ll\u00e4 takaisin terveen ulkon\u00e4k\u00f6ns\u00e4 ja voimansa jatkokasvua varten. luonnolliset olosuhteet kasveille \u2013 hengitt\u00e4v\u00e4 kuitukangas p\u00e4\u00e4st\u00e4\u00e4 l\u00e4pi ilmaa, kosteutta ja [&hellip;]<\/p>\n","protected":false},"featured_media":53386,"template":"","meta":{"_acf_changed":false,"_seopress_robots_primary_cat":"none","_seopress_titles_title":"","_seopress_titles_desc":"","_seopress_robots_index":"","_gspb_post_css":""},"product_brand":[],"product_cat":[2457,2392,2448,2356,2363,2458],"product_tag":[],"class_list":{"0":"post-53877","1":"product","2":"type-product","3":"status-publish","4":"has-post-thumbnail","6":"product_cat-hyonteisverkko-kasveille","7":"product_cat-kaikki-luokat","8":"product_cat-kasvinsuojelukankaat-ja-maanpeitekankaat","9":"product_cat-puutarhan-ja-kasvien-suojelu","10":"product_cat-puutarhatarvikkeet","11":"product_cat-talvisuojat","13":"first","14":"instock","15":"taxable","16":"shipping-taxable","17":"purchasable","18":"product-type-simple"},"ct_brands":[],"acf":[],"_links":{"self":[{"href":"https:\/\/agrozone.ee\/fi\/wp-json\/wp\/v2\/product\/53877","targetHints":{"allow":["GET"]}}],"collection":[{"href":"https:\/\/agrozone.ee\/fi\/wp-json\/wp\/v2\/product"}],"about":[{"href":"https:\/\/agrozone.ee\/fi\/wp-json\/wp\/v2\/types\/product"}],"wp:featuredmedia":[{"embeddable":true,"href":"https:\/\/agrozone.ee\/fi\/wp-json\/wp\/v2\/media\/53386"}],"wp:attachment":[{"href":"https:\/\/agrozone.ee\/fi\/wp-json\/wp\/v2\/media?parent=53877"}],"wp:term":[{"taxonomy":"product_brand","embeddable":true,"href":"https:\/\/agrozone.ee\/fi\/wp-json\/wp\/v2\/product_brand?post=53877"},{"taxonomy":"product_cat","embeddable":true,"href":"https:\/\/agrozone.ee\/fi\/wp-json\/wp\/v2\/product_cat?post=53877"},{"taxonomy":"product_tag","embeddable":true,"href":"https:\/\/agrozone.ee\/fi\/wp-json\/wp\/v2\/product_tag?post=53877"}],"curies":[{"name":"wp","href":"https:\/\/api.w.org\/{rel}","templated":true}]}}