{"id":53891,"date":"2025-10-16T12:35:57","date_gmt":"2025-10-16T10:35:57","guid":{"rendered":"https:\/\/agrozone.ee\/toode\/paprika-solario-f1-6s\/"},"modified":"2025-10-16T12:35:57","modified_gmt":"2025-10-16T10:35:57","slug":"paprika-solario-f1-6s","status":"publish","type":"product","link":"https:\/\/agrozone.ee\/fi\/tuote\/paprika-solario-f1-6s\/","title":{"rendered":"Paprika Solario F1, 6s"},"content":{"rendered":"<p>Solario on satoisa, taudinkest\u00e4v\u00e4 ja eritt\u00e4in maukas makeapaprikalajike.<\/p>\n<p>Hedelm\u00e4t ovat suuria, painoltaan 250 grammaa, paksusein\u00e4isi\u00e4, punaisia, eritt\u00e4in maukkaita ja mehevi\u00e4.<\/p>\n<p>&nbsp;<\/p>\n<h3>K\u00e4ytt\u00f6ohjeet<\/h3>\n<p>Kylv\u00f6aika.<\/p>\n<p>Esikasvatus helmi-huhtikuussa, l\u00e4mmitettyyn kasvihuoneeseen istutus huhti-toukokuussa, l\u00e4mmitt\u00e4m\u00e4tt\u00f6m\u00e4\u00e4n kasvihuoneeseen istutus toukokuun lopussa \u2013 kes\u00e4kuussa.<\/p>\n<p>Istutussuunnitelma.<\/p>\n<p>30 x 70 cm.<\/p>\n<p>KASVUAika.<\/p>\n<p>Sato kypsyy hein\u00e4-syyskuussa.<\/p>\n<p>KASVUPAIKKA.<\/p>\n<p>Avomaalla, kasvihuoneessa.<\/p>\n","protected":false},"excerpt":{"rendered":"<p>Capsicum annuum<\/p>\n","protected":false},"featured_media":53610,"template":"","meta":{"_acf_changed":false,"_seopress_robots_primary_cat":"none","_seopress_titles_title":"","_seopress_titles_desc":"","_seopress_robots_index":"","_gspb_post_css":""},"product_brand":[],"product_cat":[2392,2413,2399,2401],"product_tag":[],"class_list":{"0":"post-53891","1":"product","2":"type-product","3":"status-publish","4":"has-post-thumbnail","6":"product_cat-kaikki-luokat","7":"product_cat-paprika-chilipaprika","8":"product_cat-siemenet","9":"product_cat-vihanneksien-siemenet","11":"first","12":"instock","13":"taxable","14":"shipping-taxable","15":"purchasable","16":"product-type-simple"},"ct_brands":[],"acf":[],"_links":{"self":[{"href":"https:\/\/agrozone.ee\/fi\/wp-json\/wp\/v2\/product\/53891","targetHints":{"allow":["GET"]}}],"collection":[{"href":"https:\/\/agrozone.ee\/fi\/wp-json\/wp\/v2\/product"}],"about":[{"href":"https:\/\/agrozone.ee\/fi\/wp-json\/wp\/v2\/types\/product"}],"wp:featuredmedia":[{"embeddable":true,"href":"https:\/\/agrozone.ee\/fi\/wp-json\/wp\/v2\/media\/53610"}],"wp:attachment":[{"href":"https:\/\/agrozone.ee\/fi\/wp-json\/wp\/v2\/media?parent=53891"}],"wp:term":[{"taxonomy":"product_brand","embeddable":true,"href":"https:\/\/agrozone.ee\/fi\/wp-json\/wp\/v2\/product_brand?post=53891"},{"taxonomy":"product_cat","embeddable":true,"href":"https:\/\/agrozone.ee\/fi\/wp-json\/wp\/v2\/product_cat?post=53891"},{"taxonomy":"product_tag","embeddable":true,"href":"https:\/\/agrozone.ee\/fi\/wp-json\/wp\/v2\/product_tag?post=53891"}],"curies":[{"name":"wp","href":"https:\/\/api.w.org\/{rel}","templated":true}]}}