{"id":53897,"date":"2025-10-16T12:41:39","date_gmt":"2025-10-16T10:41:39","guid":{"rendered":"https:\/\/agrozone.ee\/toode\/pensaspapu-fruidor-keltainen-20-kpl\/"},"modified":"2025-10-16T12:41:39","modified_gmt":"2025-10-16T10:41:39","slug":"pensaspapu-fruidor-keltainen-20-kpl","status":"publish","type":"product","link":"https:\/\/agrozone.ee\/fi\/tuote\/pensaspapu-fruidor-keltainen-20-kpl\/","title":{"rendered":"Pensaspapu &#8216;Fruidor&#8217;, keltainen, 20 kpl"},"content":{"rendered":"<p>Fruidor-pensaspapu eli tarhapapu on satoisa, s\u00e4ikeet\u00f6n lajike, jolla on hentoja, kullankeltaisia palkoja!<\/p>\n<p>Korkeus 45 cm.<\/p>\n<p>Palkojen pituus 12\u201313 cm.<\/p>\n<p>&nbsp;<\/p>\n<h3>K\u00e4ytt\u00f6ohjeet<\/h3>\n<p>Kylv\u00f6v\u00e4li 20 x 30 cm.<\/p>\n<p>Kylv\u00f6: touko-kes\u00e4kuu avomaalle.<\/p>\n","protected":false},"excerpt":{"rendered":"<p>Fruidor-pensaspapu eli tarhapapu on satoisa, s\u00e4ikeet\u00f6n lajike, jolla on hentoja, kullankeltaisia palkoja! Korkeus 45 cm. Palkojen pituus 12\u201313 cm. &nbsp; K\u00e4ytt\u00f6ohjeet Kylv\u00f6v\u00e4li 20 x 30 cm. Kylv\u00f6: touko-kes\u00e4kuu avomaalle.<\/p>\n","protected":false},"featured_media":53624,"template":"","meta":{"_acf_changed":false,"_seopress_robots_primary_cat":"","_seopress_titles_title":"","_seopress_titles_desc":"","_seopress_robots_index":"","_gspb_post_css":""},"product_brand":[],"product_cat":[2403,2392,2399,2401],"product_tag":[],"class_list":{"0":"post-53897","1":"product","2":"type-product","3":"status-publish","4":"has-post-thumbnail","6":"product_cat-puutarhapavut","7":"product_cat-kaikki-luokat","8":"product_cat-siemenet","9":"product_cat-vihanneksien-siemenet","11":"first","12":"instock","13":"taxable","14":"shipping-taxable","15":"purchasable","16":"product-type-simple"},"ct_brands":[],"acf":[],"_links":{"self":[{"href":"https:\/\/agrozone.ee\/fi\/wp-json\/wp\/v2\/product\/53897","targetHints":{"allow":["GET"]}}],"collection":[{"href":"https:\/\/agrozone.ee\/fi\/wp-json\/wp\/v2\/product"}],"about":[{"href":"https:\/\/agrozone.ee\/fi\/wp-json\/wp\/v2\/types\/product"}],"wp:featuredmedia":[{"embeddable":true,"href":"https:\/\/agrozone.ee\/fi\/wp-json\/wp\/v2\/media\/53624"}],"wp:attachment":[{"href":"https:\/\/agrozone.ee\/fi\/wp-json\/wp\/v2\/media?parent=53897"}],"wp:term":[{"taxonomy":"product_brand","embeddable":true,"href":"https:\/\/agrozone.ee\/fi\/wp-json\/wp\/v2\/product_brand?post=53897"},{"taxonomy":"product_cat","embeddable":true,"href":"https:\/\/agrozone.ee\/fi\/wp-json\/wp\/v2\/product_cat?post=53897"},{"taxonomy":"product_tag","embeddable":true,"href":"https:\/\/agrozone.ee\/fi\/wp-json\/wp\/v2\/product_tag?post=53897"}],"curies":[{"name":"wp","href":"https:\/\/api.w.org\/{rel}","templated":true}]}}