{"id":53901,"date":"2025-10-17T07:23:12","date_gmt":"2025-10-17T05:23:12","guid":{"rendered":"https:\/\/agrozone.ee\/toode\/vesimeloni-sugar-delicata-f1-5-siementa\/"},"modified":"2025-10-17T07:23:12","modified_gmt":"2025-10-17T05:23:12","slug":"vesimeloni-sugar-delicata-f1-5-siementa","status":"publish","type":"product","link":"https:\/\/agrozone.ee\/fi\/tuote\/vesimeloni-sugar-delicata-f1-5-siementa\/","title":{"rendered":"Vesimeloni &#8216;Sugar Delicata&#8217; F1, 5 siement\u00e4"},"content":{"rendered":"<p>Sugar Delicata -vesimeloni on varhainen lajike.<\/p>\n<p>Hedelm\u00e4 on soikea, keskim\u00e4\u00e4r\u00e4inen paino 9-12 kg.<\/p>\n<p>Malto on eritt\u00e4in makea ja mehev\u00e4.<\/p>\n<p>Tarvitsee paljon aurinkoa ja l\u00e4mp\u00f6\u00e4.<\/p>\n<p>&nbsp;<\/p>\n<h3>K\u00e4ytt\u00f6ohjeet<\/h3>\n<p>Kylv\u00f6aika.<\/p>\n<p>Esikasvatus: maalis-huhtikuu, taimet istutetaan avomaalle y\u00f6pakkasvaaran menty\u00e4 ohi toukokuun lopussa-kes\u00e4kuussa.<\/p>\n<p>Istutussuunnitelma.<\/p>\n<p>Taimiv\u00e4li 40-90 cm, riviv\u00e4li 100-140 cm.<\/p>\n<p>KASVUAika.<\/p>\n<p>Sato hein\u00e4-syyskuu.<\/p>\n","protected":false},"excerpt":{"rendered":"<p>Citrullus lanatus (Thunb.) Matsum. et Nakai <\/p>\n","protected":false},"featured_media":53651,"template":"","meta":{"_acf_changed":false,"_seopress_robots_primary_cat":"none","_seopress_titles_title":"","_seopress_titles_desc":"","_seopress_robots_index":"","_gspb_post_css":""},"product_brand":[],"product_cat":[2404,2392,2399,2401],"product_tag":[],"class_list":{"0":"post-53901","1":"product","2":"type-product","3":"status-publish","4":"has-post-thumbnail","6":"product_cat-vesimeloni","7":"product_cat-kaikki-luokat","8":"product_cat-siemenet","9":"product_cat-vihanneksien-siemenet","11":"first","12":"instock","13":"taxable","14":"shipping-taxable","15":"purchasable","16":"product-type-simple"},"ct_brands":[],"acf":[],"_links":{"self":[{"href":"https:\/\/agrozone.ee\/fi\/wp-json\/wp\/v2\/product\/53901","targetHints":{"allow":["GET"]}}],"collection":[{"href":"https:\/\/agrozone.ee\/fi\/wp-json\/wp\/v2\/product"}],"about":[{"href":"https:\/\/agrozone.ee\/fi\/wp-json\/wp\/v2\/types\/product"}],"wp:featuredmedia":[{"embeddable":true,"href":"https:\/\/agrozone.ee\/fi\/wp-json\/wp\/v2\/media\/53651"}],"wp:attachment":[{"href":"https:\/\/agrozone.ee\/fi\/wp-json\/wp\/v2\/media?parent=53901"}],"wp:term":[{"taxonomy":"product_brand","embeddable":true,"href":"https:\/\/agrozone.ee\/fi\/wp-json\/wp\/v2\/product_brand?post=53901"},{"taxonomy":"product_cat","embeddable":true,"href":"https:\/\/agrozone.ee\/fi\/wp-json\/wp\/v2\/product_cat?post=53901"},{"taxonomy":"product_tag","embeddable":true,"href":"https:\/\/agrozone.ee\/fi\/wp-json\/wp\/v2\/product_tag?post=53901"}],"curies":[{"name":"wp","href":"https:\/\/api.w.org\/{rel}","templated":true}]}}