{"id":53918,"date":"2025-06-24T20:35:13","date_gmt":"2025-06-24T18:35:13","guid":{"rendered":"https:\/\/agrozone.ee\/toode\/kukkateline-41-cm\/"},"modified":"2026-01-06T12:43:55","modified_gmt":"2026-01-06T10:43:55","slug":"kukkateline-41-cm","status":"publish","type":"product","link":"https:\/\/agrozone.ee\/fi\/tuote\/kukkateline-41-cm\/","title":{"rendered":"Kukkateline 41 cm"},"content":{"rendered":"<p>Loft-tyylinen seisova kukkateline \u2013 eleganssia ja j\u00e4rjestyst\u00e4 kasveillesi<br \/>\nTyylik\u00e4s loft-tyylinen seisova kukkateline on ihanteellinen ratkaisu kasvien n\u00e4ytt\u00e4v\u00e4\u00e4n esillepanoon olohuoneessa, keitti\u00f6ss\u00e4, makuuhuoneessa tai parvekkeella. Metallirakenne takaa kest\u00e4vyyden ja vakauden, ja minimalistinen muotoilu sopii sek\u00e4 moderniin ett\u00e4 klassiseen sisustukseen. Lis\u00e4ksi s\u00e4\u00e4dett\u00e4v\u00e4t turvajalat suojaavat lattiaa naarmuilta ja mahdollistavat kukkatelineen t\u00e4ydellisen suoristamisen my\u00f6s ep\u00e4tasaisilla pinnoilla.  <\/p>\n<p><strong>Kukkatelineen tekniset tiedot:<\/strong><\/p>\n<ul>\n<li>moderni<\/li>\n<li>&#8220;loft&#8221;-tyylinen<\/li>\n<li>s\u00e4\u00e4dett\u00e4v\u00e4t turvajalat<\/li>\n<li>maksimikuorma: 20 kg<\/li>\n<li>hyllyn paksuus: 15 mm<\/li>\n<li>rungon mitat: 1,5 x 1,5 cm<\/li>\n<li>mitat: 40 x 26 x 26 cm<\/li>\n<li>paino: 1,8 kg<\/li>\n<li>v\u00e4ri: musta runko, puunv\u00e4rinen pinta<\/li>\n<li>materiaali: hylly: MDF, runko: rauta, muut: PP<\/li>\n<\/ul>\n<p><strong>Sis\u00e4lt\u00e4\u00e4:<\/strong> hyllyt, runko, kokoamissarja, k\u00e4ytt\u00f6ohje, suojamuovi, ruskea kuljetuslaatikko<\/p>\n<p>VAROITUS:<\/p>\n<ul>\n<li>Aseta kukkateline vakaalle ja tasaiselle pinnalle.<\/li>\n<li>\u00c4l\u00e4 ylit\u00e4 hyllyn suurinta sallittua kuormitusta.<\/li>\n<li>V\u00e4lt\u00e4 kukkatelineen sijoittamista paikkoihin, jotka ovat alttiina voimakkaille tuulenpuuskille, erityisesti jos se on ulkona.<\/li>\n<li>\u00c4l\u00e4 istu tai nojaa kukkatelineeseen.<\/li>\n<li>Tarkista s\u00e4\u00e4nn\u00f6llisesti rakenteen vakautta ja kirist\u00e4 ruuvit tarvittaessa.<\/li>\n<\/ul>\n","protected":false},"excerpt":{"rendered":"<p>Loft-tyylinen seisova kukkateline \u2013 eleganssia ja j\u00e4rjestyst\u00e4 kasveillesi Tyylik\u00e4s loft-tyylinen seisova kukkateline on ihanteellinen ratkaisu kasvien n\u00e4ytt\u00e4v\u00e4\u00e4n esillepanoon olohuoneessa, keitti\u00f6ss\u00e4, makuuhuoneessa tai parvekkeella. Metallirakenne takaa kest\u00e4vyyden ja vakauden, ja minimalistinen muotoilu sopii sek\u00e4 moderniin ett\u00e4 klassiseen sisustukseen. Lis\u00e4ksi s\u00e4\u00e4dett\u00e4v\u00e4t turvajalat suojaavat lattiaa naarmuilta ja mahdollistavat kukkatelineen t\u00e4ydellisen suoristamisen my\u00f6s ep\u00e4tasaisilla pinnoilla. Kukkatelineen tekniset tiedot: moderni [&hellip;]<\/p>\n","protected":false},"featured_media":51488,"template":"","meta":{"_acf_changed":false,"_seopress_robots_primary_cat":"none","_seopress_titles_title":"","_seopress_titles_desc":"","_seopress_robots_index":"","_gspb_post_css":""},"product_brand":[],"product_cat":[2392,2363,2376],"product_tag":[],"class_list":{"0":"post-53918","1":"product","2":"type-product","3":"status-publish","4":"has-post-thumbnail","6":"product_cat-kaikki-luokat","7":"product_cat-puutarhatarvikkeet","8":"product_cat-kasvitukia","10":"first","11":"instock","12":"taxable","13":"shipping-taxable","14":"purchasable","15":"product-type-simple"},"ct_brands":[],"acf":[],"_links":{"self":[{"href":"https:\/\/agrozone.ee\/fi\/wp-json\/wp\/v2\/product\/53918","targetHints":{"allow":["GET"]}}],"collection":[{"href":"https:\/\/agrozone.ee\/fi\/wp-json\/wp\/v2\/product"}],"about":[{"href":"https:\/\/agrozone.ee\/fi\/wp-json\/wp\/v2\/types\/product"}],"wp:featuredmedia":[{"embeddable":true,"href":"https:\/\/agrozone.ee\/fi\/wp-json\/wp\/v2\/media\/51488"}],"wp:attachment":[{"href":"https:\/\/agrozone.ee\/fi\/wp-json\/wp\/v2\/media?parent=53918"}],"wp:term":[{"taxonomy":"product_brand","embeddable":true,"href":"https:\/\/agrozone.ee\/fi\/wp-json\/wp\/v2\/product_brand?post=53918"},{"taxonomy":"product_cat","embeddable":true,"href":"https:\/\/agrozone.ee\/fi\/wp-json\/wp\/v2\/product_cat?post=53918"},{"taxonomy":"product_tag","embeddable":true,"href":"https:\/\/agrozone.ee\/fi\/wp-json\/wp\/v2\/product_tag?post=53918"}],"curies":[{"name":"wp","href":"https:\/\/api.w.org\/{rel}","templated":true}]}}