{"id":53920,"date":"2025-06-24T20:39:27","date_gmt":"2025-06-24T18:39:27","guid":{"rendered":"https:\/\/agrozone.ee\/toode\/kukkateline-107-cm\/"},"modified":"2026-01-06T12:44:05","modified_gmt":"2026-01-06T10:44:05","slug":"kukkateline-107-cm","status":"publish","type":"product","link":"https:\/\/agrozone.ee\/fi\/tuote\/kukkateline-107-cm\/","title":{"rendered":"Kukkateline 107 cm"},"content":{"rendered":"<p>Loft-tyylinen seisova kukkateline \u2013 eleganssia ja j\u00e4rjestyst\u00e4 kasveillesi<br \/>\nTyylik\u00e4s, 5-tasoinen loft-tyylinen seisova kukkateline on ihanteellinen ratkaisu kukkien ja kasvien esillepanoon kotona tai parvekkeella. Vakaa metallirakenne takaa kest\u00e4vyyden ja turvallisuuden, ja minimalistinen muotoilu sopii jokaiseen sisustukseen. Useiden tasojen ansiosta voit esitell\u00e4 monia kasveja pienell\u00e4 alueella \u2013 toiminnallisesti ja tyylikk\u00e4\u00e4sti.<br \/>\nRUHHY kukkateline \u2013 toiminnallisuutta ja tyyli\u00e4 kotiisi  <\/p>\n<ul>\n<li>5-tasoinen rakenne \u2013 enemm\u00e4n tilaa kasveille, pienempi tilantarve<\/li>\n<li>loft-tyyli \u2013 moderni muotoilu metallirungolla ja puunv\u00e4risell\u00e4 pinnalla sopii jokaiseen sisustukseen<\/li>\n<li>vakaa ja kest\u00e4v\u00e4 \u2013 vahva rautarunko kest\u00e4\u00e4 jopa 75 kg:n kuormituksen<\/li>\n<li>turvallinen lattialle \u2013 varustettu suojaavilla jaloilla, jotka est\u00e4v\u00e4t naarmuja ja mahdollistavat kukkatelineen vaaituksen<\/li>\n<li>valmis koottavaksi \u2013 paketti sis\u00e4lt\u00e4\u00e4 kaiken tarvittavan: yksityiskohtaiset kuvalliset ohjeet ja asennuselementit RUHHY teollisen kukkatelineen yksityiskohtainen erittely:<\/li>\n<li>moderni<\/li>\n<li>&#8220;loft&#8221;-tyylinen<\/li>\n<li>s\u00e4\u00e4dett\u00e4v\u00e4t turvajalat<\/li>\n<li>maksimikuormitus: 75 kg (alempi 25 kg, muut 12,5 kg)<\/li>\n<li>hyllyn paksuus: 15 mm<\/li>\n<li>rungon mitat: 1,5 x 1,5 cm<\/li>\n<li>mitat: 108 &#8211; 79,5 &#8211; 53,5 &#8211; 30 x 30 x 30 cm<\/li>\n<li>paino: 4,25 kg<\/li>\n<li>v\u00e4ri: musta runko, puunv\u00e4rinen pinta<\/li>\n<li>materiaali: hylly: MDF, runko: rauta, muut: PP<\/li>\n<li>paketissa: hyllyt, runko, asennussarja, k\u00e4ytt\u00f6ohje, suojapehmuste, ruskea kuljetuslaatikko<\/li>\n<\/ul>\n<p>VAROITUS:<\/p>\n<ul>\n<li>Aseta kukkateline vakaalle ja tasaiselle pinnalle.<\/li>\n<li>\u00c4l\u00e4 ylit\u00e4 hyllyn suurinta sallittua kuormitusta.<\/li>\n<li>V\u00e4lt\u00e4 kukkatelineen sijoittamista paikkoihin, jotka ovat alttiina voimakkaille tuulenpuuskille, erityisesti jos se on ulkona.<\/li>\n<li>\u00c4l\u00e4 istu tai nojaa kukkatelineeseen.<\/li>\n<li>Tarkista s\u00e4\u00e4nn\u00f6llisesti rakenteen vakautta ja kirist\u00e4 ruuvit tarvittaessa.<\/li>\n<\/ul>\n","protected":false},"excerpt":{"rendered":"<p>Loft-tyylinen seisova kukkateline \u2013 eleganssia ja j\u00e4rjestyst\u00e4 kasveillesi Tyylik\u00e4s, 5-tasoinen loft-tyylinen seisova kukkateline on ihanteellinen ratkaisu kukkien ja kasvien esillepanoon kotona tai parvekkeella. Vakaa metallirakenne takaa kest\u00e4vyyden ja turvallisuuden, ja minimalistinen muotoilu sopii jokaiseen sisustukseen. Useiden tasojen ansiosta voit esitell\u00e4 monia kasveja pienell\u00e4 alueella \u2013 toiminnallisesti ja tyylikk\u00e4\u00e4sti. RUHHY kukkateline \u2013 toiminnallisuutta ja tyyli\u00e4 kotiisi [&hellip;]<\/p>\n","protected":false},"featured_media":51507,"template":"","meta":{"_acf_changed":false,"_seopress_robots_primary_cat":"none","_seopress_titles_title":"","_seopress_titles_desc":"","_seopress_robots_index":"","_gspb_post_css":""},"product_brand":[],"product_cat":[2392,2363,2376],"product_tag":[],"class_list":{"0":"post-53920","1":"product","2":"type-product","3":"status-publish","4":"has-post-thumbnail","6":"product_cat-kaikki-luokat","7":"product_cat-puutarhatarvikkeet","8":"product_cat-kasvitukia","10":"first","11":"instock","12":"taxable","13":"shipping-taxable","14":"purchasable","15":"product-type-simple"},"ct_brands":[],"acf":[],"_links":{"self":[{"href":"https:\/\/agrozone.ee\/fi\/wp-json\/wp\/v2\/product\/53920","targetHints":{"allow":["GET"]}}],"collection":[{"href":"https:\/\/agrozone.ee\/fi\/wp-json\/wp\/v2\/product"}],"about":[{"href":"https:\/\/agrozone.ee\/fi\/wp-json\/wp\/v2\/types\/product"}],"wp:featuredmedia":[{"embeddable":true,"href":"https:\/\/agrozone.ee\/fi\/wp-json\/wp\/v2\/media\/51507"}],"wp:attachment":[{"href":"https:\/\/agrozone.ee\/fi\/wp-json\/wp\/v2\/media?parent=53920"}],"wp:term":[{"taxonomy":"product_brand","embeddable":true,"href":"https:\/\/agrozone.ee\/fi\/wp-json\/wp\/v2\/product_brand?post=53920"},{"taxonomy":"product_cat","embeddable":true,"href":"https:\/\/agrozone.ee\/fi\/wp-json\/wp\/v2\/product_cat?post=53920"},{"taxonomy":"product_tag","embeddable":true,"href":"https:\/\/agrozone.ee\/fi\/wp-json\/wp\/v2\/product_tag?post=53920"}],"curies":[{"name":"wp","href":"https:\/\/api.w.org\/{rel}","templated":true}]}}