{"id":53921,"date":"2025-06-24T20:31:33","date_gmt":"2025-06-24T18:31:33","guid":{"rendered":"https:\/\/agrozone.ee\/toode\/kasvatuslamppu-20-ledilla\/"},"modified":"2026-01-06T12:43:59","modified_gmt":"2026-01-06T10:43:59","slug":"kasvatuslamppu-20-ledilla","status":"publish","type":"product","link":"https:\/\/agrozone.ee\/fi\/tuote\/kasvatuslamppu-20-ledilla\/","title":{"rendered":"Kasvatuslamppu 20 LEDill\u00e4"},"content":{"rendered":"<p data-sourcepos=\"1:1-1:515\"><strong>HUOLETON K\u00c4YTT\u00d6 JA S\u00c4\u00c4T\u00d6<\/strong> &#8211; T\u00e4m\u00e4 LED-kasvilamppu tukee kasvien kasvua, silmujen muodostumista ja kukintaa. Kasvit voivat hy\u00f6dynt\u00e4\u00e4 sen l\u00e4hett\u00e4m\u00e4n aallonpituuden t\u00e4ysin fotosynteesiin. Kiinnit\u00e4 lamppu puristimella haluamaasi paikkaan ja liit\u00e4 se USB-porttiin. Kytke virta painamalla kytkint\u00e4, ja lamppu alkaa s\u00e4teill\u00e4 punaisen ja sinisen valon sekoitusta. Kytkimess\u00e4 on ajastin, valon vaihtamisen ja valotehon s\u00e4\u00e4t\u00e4misen toiminnot. Lis\u00e4ksi voit s\u00e4\u00e4t\u00e4\u00e4 metallipaneelien kallistuskulmaa valaistuksen tehokkuuden parantamiseksi.     <\/p>\n<p data-sourcepos=\"3:1-3:396\"><strong>SEK\u00c4 AMAT\u00d6\u00d6RI- ETT\u00c4 AMMATTIMAISEEN KASVATUKSEEN<\/strong> \u2013 Kasvilamppua voidaan menestyksekk\u00e4\u00e4sti k\u00e4ytt\u00e4\u00e4 huonekasvien (erityisesti niiden, joilla on rajoitettu p\u00e4\u00e4sy p\u00e4iv\u00e4nvaloon), hydroponisten viljelmien ja kasvihuoneviljelmien valaisemiseen. Se sopii erinomaisesti sek\u00e4 amat\u00f6\u00f6ri- ett\u00e4 ammattiviljelij\u00f6ille. Sill\u00e4 voidaan valaista paitsi huonekasveja, my\u00f6s yrttej\u00e4 ja vihanneksia.  <\/p>\n<p data-sourcepos=\"5:1-5:310\"><strong>3 VALOTILAA \u2013 LED<\/strong>-kasvilamppu on varustettu lampuilla, jotka s\u00e4teilev\u00e4t valoa kahdella aallonpituudella. T\u00e4\u00e4lt\u00e4 l\u00f6yd\u00e4t 630 nm (punainen valo) ja 470 nm (sininen valo) LEDit sek\u00e4 valojen yhdistelm\u00e4n (punainen + sininen = violetti). T\u00e4m\u00e4 teknologia vaikuttaa kaikkiin kasvien kasvun, silmujen muodostumisen ja kukinnan vaiheisiin.  <\/p>\n<p data-sourcepos=\"7:1-7:292\"><strong>TUKE FOTOSYNTEESI\u00c4<\/strong> \u2013 LED-lamppu kasvien kasvattamiseen tukee fotosynteesi\u00e4, mik\u00e4 helpottaa kasvien kehityst\u00e4 ja ravitsemusta. Sen k\u00e4ytt\u00f6 mahdollistaa kasvatettavien kasvien ja niiden kasvukauden hoitamisen, mukaan lukien sek\u00e4 pienten taimien ja pistokkaiden ett\u00e4 t\u00e4ysikasvuisten kasvien. <\/p>\n<p data-sourcepos=\"7:1-7:292\"><strong>TEKNISET TIEDOT:<\/strong><br \/>\najastin: 3, 9 ja 12 h<br \/>\ndiodien m\u00e4\u00e4r\u00e4: 60<br \/>\nj\u00e4nnite: 5 V<br \/>\nVirtal\u00e4hde: USB<br \/>\nvedenkest\u00e4vyys: IP 54<br \/>\njoustavat varret: kyll\u00e4<br \/>\nvalon v\u00e4ri: punainen ja sininen<br \/>\nLED-tyyppi: punainen &#8211; 630nm, sininen &#8211; 470nm<br \/>\nteho: 11 W<br \/>\n3 valopaneelia<br \/>\nkallistuskulma jopa 180 astetta<br \/>\nvalotehon s\u00e4\u00e4t\u00f6: kyll\u00e4, 9 tasoa<br \/>\nkaapelin pituus: 134 cm<br \/>\nmitat: 68 x 12 x 7 cm<br \/>\npaino: 472 g<\/p>\n<p data-sourcepos=\"7:1-7:292\">Kasvit tarvitsevat kasvukaudellaan muun muassa oikean m\u00e4\u00e4r\u00e4n valoa. Talvella luonnonvaloa on kuitenkin paljon v\u00e4hemm\u00e4n kuin kes\u00e4kuukausina, ja joillakin kasveilla on siihen rajoitettu p\u00e4\u00e4sy (esim. asunnoissa kasvatettavat kasvit) tai lis\u00e4\u00e4ntynyt tarve (jotkut kasvilajit). Ratkaisu on LED-kasvilamppu, joka tarjoaa kehitykseen tarvittavat olosuhteet.  <\/p>\n<p data-sourcepos=\"40:1-40:10\">VAROITUKSET:<\/p>\n<ol data-sourcepos=\"41:1-47:162\">\n<li data-sourcepos=\"41:1-41:159\">Suojaa LED-lamppua mekaanisilta vaurioilta, kuten iskuilta tai putoamiselta. Vauriot voivat aiheuttaa s\u00e4hk\u00f6vian tai haitallisen valon vapautumisen. <\/li>\n<li data-sourcepos=\"42:1-42:115\">\u00c4l\u00e4 altista LED-lamppua vedelle. Kosketus veteen voi aiheuttaa s\u00e4hk\u00f6iskun tai muita lamppuun liittyvi\u00e4 ongelmia. <\/li>\n<li data-sourcepos=\"43:1-43:39\">Suositellaan k\u00e4ytett\u00e4v\u00e4ksi sis\u00e4tiloissa.<\/li>\n<li data-sourcepos=\"44:1-44:98\">Kun et k\u00e4yt\u00e4 lamppua, sammuta se v\u00e4hent\u00e4\u00e4ksesi vahingossa tapahtuvien vaurioiden tai vikojen riski\u00e4.<\/li>\n<li data-sourcepos=\"45:1-45:33\">K\u00e4yt\u00e4 k\u00e4ytt\u00f6tarkoituksen mukaisesti.<\/li>\n<li data-sourcepos=\"46:1-46:22\">\u00c4l\u00e4 muuta laitetta.<\/li>\n<li data-sourcepos=\"47:1-47:162\">Pid\u00e4 lamppu poissa lasten ulottuvilta, jotta v\u00e4ltet\u00e4\u00e4n vahingossa tapahtuva k\u00e4ynnistyminen tai vaurioituminen. Jos et k\u00e4yt\u00e4 sit\u00e4 pitk\u00e4\u00e4n aikaan, s\u00e4ilyt\u00e4 sit\u00e4 kuivassa paikassa. <\/li>\n<\/ol>\n","protected":false},"excerpt":{"rendered":"<p>HUOLETON K\u00c4YTT\u00d6 JA S\u00c4\u00c4T\u00d6 &#8211; T\u00e4m\u00e4 LED-kasvilamppu tukee kasvien kasvua, silmujen muodostumista ja kukintaa. Kasvit voivat hy\u00f6dynt\u00e4\u00e4 sen l\u00e4hett\u00e4m\u00e4n aallonpituuden t\u00e4ysin fotosynteesiin. Kiinnit\u00e4 lamppu puristimella haluamaasi paikkaan ja liit\u00e4 se USB-porttiin. Kytke virta painamalla kytkint\u00e4, ja lamppu alkaa s\u00e4teill\u00e4 punaisen ja sinisen valon sekoitusta. Kytkimess\u00e4 on ajastin, valon vaihtamisen ja valotehon s\u00e4\u00e4t\u00e4misen toiminnot. Lis\u00e4ksi voit [&hellip;]<\/p>\n","protected":false},"featured_media":51465,"template":"","meta":{"_acf_changed":false,"_seopress_robots_primary_cat":"","_seopress_titles_title":"","_seopress_titles_desc":"","_seopress_robots_index":"","_gspb_post_css":""},"product_brand":[],"product_cat":[2392,2363,2364],"product_tag":[],"class_list":{"0":"post-53921","1":"product","2":"type-product","3":"status-publish","4":"has-post-thumbnail","6":"product_cat-kaikki-luokat","7":"product_cat-puutarhatarvikkeet","8":"product_cat-puutarhatyokalut","10":"first","11":"instock","12":"taxable","13":"shipping-taxable","14":"purchasable","15":"product-type-simple"},"ct_brands":[],"acf":[],"_links":{"self":[{"href":"https:\/\/agrozone.ee\/fi\/wp-json\/wp\/v2\/product\/53921","targetHints":{"allow":["GET"]}}],"collection":[{"href":"https:\/\/agrozone.ee\/fi\/wp-json\/wp\/v2\/product"}],"about":[{"href":"https:\/\/agrozone.ee\/fi\/wp-json\/wp\/v2\/types\/product"}],"wp:featuredmedia":[{"embeddable":true,"href":"https:\/\/agrozone.ee\/fi\/wp-json\/wp\/v2\/media\/51465"}],"wp:attachment":[{"href":"https:\/\/agrozone.ee\/fi\/wp-json\/wp\/v2\/media?parent=53921"}],"wp:term":[{"taxonomy":"product_brand","embeddable":true,"href":"https:\/\/agrozone.ee\/fi\/wp-json\/wp\/v2\/product_brand?post=53921"},{"taxonomy":"product_cat","embeddable":true,"href":"https:\/\/agrozone.ee\/fi\/wp-json\/wp\/v2\/product_cat?post=53921"},{"taxonomy":"product_tag","embeddable":true,"href":"https:\/\/agrozone.ee\/fi\/wp-json\/wp\/v2\/product_tag?post=53921"}],"curies":[{"name":"wp","href":"https:\/\/api.w.org\/{rel}","templated":true}]}}