{"id":54236,"date":"2025-10-30T13:48:15","date_gmt":"2025-10-30T11:48:15","guid":{"rendered":"https:\/\/agrozone.ee\/toode\/etanoiden-ja-kotiloiden-pyydys-baltic-agro\/"},"modified":"2025-10-30T13:48:15","modified_gmt":"2025-10-30T11:48:15","slug":"etanoiden-ja-kotiloiden-pyydys-baltic-agro","status":"publish","type":"product","link":"https:\/\/agrozone.ee\/fi\/tuote\/etanoiden-ja-kotiloiden-pyydys-baltic-agro\/","title":{"rendered":"Etanoiden ja kotiloiden pyydys Baltic Agro"},"content":{"rendered":"<p>Pyydys etanoiden torjuntaan.<\/p>\n<ul>\n<li>Etanapyydys on kaivettava maahan niin, ett\u00e4 reuna j\u00e4\u00e4 hieman maanpinnan yl\u00e4puolelle, jotta ei pyydystett\u00e4isi hy\u00f6dyllisi\u00e4 juoksujalkaisia ja muita hy\u00f6nteisi\u00e4, jotka ovat itse tehokkaita tuholaisten h\u00e4vitt\u00e4ji\u00e4.<\/li>\n<li>Ansaan tulee kaataa olutta tai hiivan ja maidon seosta.<\/li>\n<li>Kansi asetetaan p\u00e4\u00e4lle niin, ett\u00e4 etanat p\u00e4\u00e4sev\u00e4t sis\u00e4\u00e4n.<\/li>\n<li>Oluessa oleva hiiva houkuttelee sy\u00f6m\u00e4\u00e4n, alkoholi taas tappaa.<\/li>\n<li>Maidon tapauksessa tuholainen hukkuu maitoon.<\/li>\n<li>Ansat on tyhjennett\u00e4v\u00e4 2-3 p\u00e4iv\u00e4n v\u00e4lein ja niihin on laitettava uusi seos.<\/li>\n<\/ul>\n","protected":false},"excerpt":{"rendered":"<p>Pyydys etanoiden torjuntaan. Etanapyydys on kaivettava maahan niin, ett\u00e4 reuna j\u00e4\u00e4 hieman maanpinnan yl\u00e4puolelle, jotta ei pyydystett\u00e4isi hy\u00f6dyllisi\u00e4 juoksujalkaisia ja muita hy\u00f6nteisi\u00e4, jotka ovat itse tehokkaita tuholaisten h\u00e4vitt\u00e4ji\u00e4. Ansaan tulee kaataa olutta tai hiivan ja maidon seosta. Kansi asetetaan p\u00e4\u00e4lle niin, ett\u00e4 etanat p\u00e4\u00e4sev\u00e4t sis\u00e4\u00e4n. Oluessa oleva hiiva houkuttelee sy\u00f6m\u00e4\u00e4n, alkoholi taas tappaa. Maidon tapauksessa [&hellip;]<\/p>\n","protected":false},"featured_media":54237,"template":"","meta":{"_acf_changed":false,"_seopress_robots_primary_cat":"none","_seopress_titles_title":"","_seopress_titles_desc":"","_seopress_robots_index":"","_gspb_post_css":""},"product_brand":[],"product_cat":[2922,2392,2356,2360],"product_tag":[],"class_list":{"0":"post-54236","1":"product","2":"type-product","3":"status-publish","4":"has-post-thumbnail","6":"product_cat-tigude-torjunta","7":"product_cat-kaikki-luokat","8":"product_cat-puutarhan-ja-kasvien-suojelu","9":"product_cat-kasvintuholaisten-torjunta","11":"first","12":"instock","13":"taxable","14":"shipping-taxable","15":"purchasable","16":"product-type-simple"},"ct_brands":[],"acf":[],"_links":{"self":[{"href":"https:\/\/agrozone.ee\/fi\/wp-json\/wp\/v2\/product\/54236","targetHints":{"allow":["GET"]}}],"collection":[{"href":"https:\/\/agrozone.ee\/fi\/wp-json\/wp\/v2\/product"}],"about":[{"href":"https:\/\/agrozone.ee\/fi\/wp-json\/wp\/v2\/types\/product"}],"wp:featuredmedia":[{"embeddable":true,"href":"https:\/\/agrozone.ee\/fi\/wp-json\/wp\/v2\/media\/54237"}],"wp:attachment":[{"href":"https:\/\/agrozone.ee\/fi\/wp-json\/wp\/v2\/media?parent=54236"}],"wp:term":[{"taxonomy":"product_brand","embeddable":true,"href":"https:\/\/agrozone.ee\/fi\/wp-json\/wp\/v2\/product_brand?post=54236"},{"taxonomy":"product_cat","embeddable":true,"href":"https:\/\/agrozone.ee\/fi\/wp-json\/wp\/v2\/product_cat?post=54236"},{"taxonomy":"product_tag","embeddable":true,"href":"https:\/\/agrozone.ee\/fi\/wp-json\/wp\/v2\/product_tag?post=54236"}],"curies":[{"name":"wp","href":"https:\/\/api.w.org\/{rel}","templated":true}]}}