{"id":54244,"date":"2025-11-05T10:32:48","date_gmt":"2025-11-05T08:32:48","guid":{"rendered":"https:\/\/agrozone.ee\/toode\/aurinkopuutarhavalaisimet-10-kpl\/"},"modified":"2025-11-12T10:42:53","modified_gmt":"2025-11-12T08:42:53","slug":"aurinkopuutarhavalaisimet-10-kpl","status":"publish","type":"product","link":"https:\/\/agrozone.ee\/fi\/tuote\/aurinkopuutarhavalaisimet-10-kpl\/","title":{"rendered":"Aurinkopuutarhavalaisimet \u2013 10 kpl"},"content":{"rendered":"<h2>LED-aurinkopuutarhavalaisimet \u2013 10 kpl sarja<\/h2>\n<p>&nbsp;<\/p>\n<p><b>LED-aurinkopuutarhavalaisimet \u2013 10 kpl:n sarja, vedenpit\u00e4v\u00e4t, automaattiset, l\u00e4mpim\u00e4n valkoisella valolla, aurinkopaneeli!<\/b><\/p>\n<ul>\n<li><b>Ilmaista energiaa<\/b> \u2013 aurinkopaneelin ja akun ansiosta n\u00e4m\u00e4 10 aurinkopuutarhavaloa toimivat t\u00e4ysin <b>aurinkoenergialla<\/b>, mik\u00e4 tarkoittaa, ett\u00e4 <b>ei johtoja eik\u00e4 lis\u00e4kustannuksia s\u00e4hk\u00f6st\u00e4!<\/b><\/li>\n<li><b>Kest\u00e4vyys vaikeissa s\u00e4\u00e4olosuhteissa<\/b> \u2013 maahan ty\u00f6nnett\u00e4v\u00e4t aurinkovalaisimet ovat <b>vedenpit\u00e4vi\u00e4 IP44<\/b>-standardin mukaisesti, mik\u00e4 tarkoittaa, ett\u00e4 ne <b>kest\u00e4v\u00e4t sadetta, lunta ja kosteutta<\/b>, varmistaen luotettavan toiminnan ymp\u00e4ri vuoden.<\/li>\n<li><b>Valoa koko y\u00f6ksi<\/b> \u2013 t\u00e4yteen ladattuina vedenpit\u00e4v\u00e4t aurinkopuutarhavalaisimet valaisevat jopa <b>8 tuntia<\/b>, <b>tarjoten energiatehokasta valaistusta koko y\u00f6n ajan.<\/b><\/li>\n<li><b>Eritt\u00e4in helppo asennus<\/b> \u2013 piikin ja automaattisen h\u00e4m\u00e4r\u00e4anturin ansiosta <b>aurinkopuutarhavalaisimet ovat asennusvalmiina 10 sekunnissa \u2013 ei johtoja tai ty\u00f6kaluja tarvita!<\/b><\/li>\n<li><b>Antavat riitt\u00e4v\u00e4sti valoa<\/b> \u2013 nykyaikaiset LED-diodit s\u00e4teilev\u00e4t <b>l\u00e4mmint\u00e4 valkoista valoa<\/b>, joka <b>valaisee pehme\u00e4sti polkuja, terasseja ja puutarhoja<\/b>, luoden viihtyis\u00e4n tunnelman.<\/li>\n<li><b>Eurooppalaisten standardien mukaisuus<\/b> \u2013 LED-aurinkopuutarhavalaisimien eurooppalaisten standardien mukaisuutta on testattu, <b>joten voit olla varma niiden turvallisuudesta!<\/b><\/li>\n<\/ul>\n<h3>Valaisimen tekniset tiedot:<\/h3>\n<ul>\n<li>Vastaa eurooppalaisia standardeja<\/li>\n<li>Energiatehokkaat LED-aurinkolamput<\/li>\n<li>Aurinkok\u00e4ytt\u00f6inen<\/li>\n<li>Ilmaista energiaa<\/li>\n<li>Kest\u00e4\u00e4 ep\u00e4suotuisia s\u00e4\u00e4olosuhteita<\/li>\n<li><b>10 lamppua sarjassa<\/b><\/li>\n<li>Mekaaninen ON\/OFF-kytkin<\/li>\n<li>Mukana maahan tai ruukkuun ty\u00f6nnett\u00e4v\u00e4 piikki<\/li>\n<li>Yleisk\u00e4ytt\u00f6inen<\/li>\n<li>Helppo ja nopea asennus<\/li>\n<li>H\u00e4m\u00e4r\u00e4anturi<\/li>\n<li>Valonl\u00e4hde: LED<\/li>\n<li>Akku: 100 mAh \/ 1,2 V<\/li>\n<li>Valaistusaika: <b>8 h<\/b><\/li>\n<li>Vesitiiviys: <b>IP44<\/b><\/li>\n<li>Maapiikin pituus: 12 cm<\/li>\n<li>Yhden valaisimen mitat: 37 x 5,5 cm<\/li>\n<\/ul>\n","protected":false},"excerpt":{"rendered":"<p>LED-aurinkopuutarhavalaisimet \u2013 10 kpl sarja &nbsp; LED-aurinkopuutarhavalaisimet \u2013 10 kpl:n sarja, vedenpit\u00e4v\u00e4t, automaattiset, l\u00e4mpim\u00e4n valkoisella valolla, aurinkopaneeli! Ilmaista energiaa \u2013 aurinkopaneelin ja akun ansiosta n\u00e4m\u00e4 10 aurinkopuutarhavaloa toimivat t\u00e4ysin aurinkoenergialla, mik\u00e4 tarkoittaa, ett\u00e4 ei johtoja eik\u00e4 lis\u00e4kustannuksia s\u00e4hk\u00f6st\u00e4! Kest\u00e4vyys vaikeissa s\u00e4\u00e4olosuhteissa \u2013 maahan ty\u00f6nnett\u00e4v\u00e4t aurinkovalaisimet ovat vedenpit\u00e4vi\u00e4 IP44-standardin mukaisesti, mik\u00e4 tarkoittaa, ett\u00e4 ne kest\u00e4v\u00e4t sadetta, [&hellip;]<\/p>\n","protected":false},"featured_media":54245,"template":"","meta":{"_acf_changed":false,"_seopress_robots_primary_cat":"","_seopress_titles_title":"","_seopress_titles_desc":"","_seopress_robots_index":"","_gspb_post_css":""},"product_brand":[2932],"product_cat":[2392,2377,2363,2991],"product_tag":[],"class_list":{"0":"post-54244","1":"product","2":"type-product","3":"status-publish","4":"has-post-thumbnail","6":"product_brand-gardlov","7":"product_cat-kaikki-luokat","8":"product_cat-pienemmat-puutarhurin-tyokalut","9":"product_cat-puutarhatarvikkeet","10":"product_cat-valaistus","12":"first","13":"instock","14":"taxable","15":"shipping-taxable","16":"purchasable","17":"product-type-simple"},"ct_brands":[{"id":2932,"name":"Gardlov","slug":"gardlov"}],"acf":[],"_links":{"self":[{"href":"https:\/\/agrozone.ee\/fi\/wp-json\/wp\/v2\/product\/54244","targetHints":{"allow":["GET"]}}],"collection":[{"href":"https:\/\/agrozone.ee\/fi\/wp-json\/wp\/v2\/product"}],"about":[{"href":"https:\/\/agrozone.ee\/fi\/wp-json\/wp\/v2\/types\/product"}],"wp:featuredmedia":[{"embeddable":true,"href":"https:\/\/agrozone.ee\/fi\/wp-json\/wp\/v2\/media\/54245"}],"wp:attachment":[{"href":"https:\/\/agrozone.ee\/fi\/wp-json\/wp\/v2\/media?parent=54244"}],"wp:term":[{"taxonomy":"product_brand","embeddable":true,"href":"https:\/\/agrozone.ee\/fi\/wp-json\/wp\/v2\/product_brand?post=54244"},{"taxonomy":"product_cat","embeddable":true,"href":"https:\/\/agrozone.ee\/fi\/wp-json\/wp\/v2\/product_cat?post=54244"},{"taxonomy":"product_tag","embeddable":true,"href":"https:\/\/agrozone.ee\/fi\/wp-json\/wp\/v2\/product_tag?post=54244"}],"curies":[{"name":"wp","href":"https:\/\/api.w.org\/{rel}","templated":true}]}}