{"id":54254,"date":"2025-10-31T13:03:13","date_gmt":"2025-10-31T11:03:13","guid":{"rendered":"https:\/\/agrozone.ee\/toode\/protecta-evo-rotansyottolaatikko\/"},"modified":"2025-10-31T13:03:13","modified_gmt":"2025-10-31T11:03:13","slug":"protecta-evo-rotansyottolaatikko","status":"publish","type":"product","link":"https:\/\/agrozone.ee\/fi\/tuote\/protecta-evo-rotansyottolaatikko\/","title":{"rendered":"Protecta Evo rotansy\u00f6tt\u00f6laatikko"},"content":{"rendered":"<p>Sy\u00f6tt\u00f6laatikko sopii ihanteellisesti ahtaisiin sy\u00f6tt\u00f6tilanteisiin. Sy\u00f6tt\u00f6laatikko sis\u00e4lt\u00e4\u00e4 sy\u00f6tt\u00f6paikan lukitustangoilla ja irrotettavan py\u00f6re\u00e4kulmaisen pohjan laatikon nopeaa huoltoa varten. Ohjaimet pit\u00e4v\u00e4t sy\u00f6tin ja loukut lasten ja muiden kuin kohde-el\u00e4inten ulottumattomissa. Sy\u00f6tt\u00f6laatikko tarjoaa sy\u00f6tt\u00f6- ja pyyntimahdollisuuksia tarpeidesi mukaan.   <\/p>\n<p>1. <strong>Aseta sy\u00f6tt\u00f6laatikko niin, ett\u00e4 sis\u00e4\u00e4nk\u00e4ynti on sein\u00e4n vieress\u00e4.<\/strong> Jyrsij\u00e4t liikkuvat p\u00e4\u00e4asiassa samoja reittej\u00e4 pitkin, ja ne kulkevat yleens\u00e4 seinien vierest\u00e4, mik\u00e4 tarjoaa jyrsij\u00f6ille suojaa. Sy\u00f6tt\u00f6laatikko tulisi sijoittaa niin, ett\u00e4 se j\u00e4\u00e4 jyrsij\u00e4n reitille, mik\u00e4 auttaa niit\u00e4 tottumaan siihen ja tekee sy\u00f6tt\u00f6laatikkoon menemisest\u00e4 turvallisempaa. <\/p>\n<p><img decoding=\"async\" src=\"https:\/\/meedia.balticagro.ee\/Files\/Images\/Baltic%20Agro%20Estonia\/Tooted\/Kahjurid\/selontra_etapp1.jpg\" alt=\"Evo Ambush sy\u00f6tt\u00f6laatikko\"><\/p>\n<div>\n<p>2. <strong>Sy\u00f6tt\u00f6laatikot tulisi sijoittaa paikkoihin<\/strong>, joissa on n\u00e4ht\u00e4viss\u00e4 jyrsij\u00f6iden toiminnan j\u00e4lki\u00e4 ja rakennuksen sis\u00e4\u00e4nk\u00e4yntien luo. Mahdollisuuksien mukaan sy\u00f6tt\u00f6laatikot tulisi sijoittaa seinien taakse, sill\u00e4 siell\u00e4 jyrsij\u00e4t tuntevat olonsa turvallisemmaksi ja myrkkysy\u00f6tin kulutus on niille mukavampaa. <\/p>\n<p><img decoding=\"async\" src=\"https:\/\/meedia.balticagro.ee\/Files\/Images\/Baltic%20Agro%20Estonia\/Tooted\/Kahjurid\/selontra_etapp2.jpg\" alt=\"Evo Ambush sy\u00f6tt\u00f6laatikko\"><\/p>\n<p>3. <strong>Varmista, ett\u00e4 sy\u00f6tti\u00e4 on aina riitt\u00e4v\u00e4sti.<\/strong> Sy\u00f6tt\u00f6laatikoita tulisi asennuksen j\u00e4lkeen tarkkailla tihe\u00e4mmin muutaman p\u00e4iv\u00e4n v\u00e4lein ja korvata kulutettu sy\u00f6tti. Jos kulutus sy\u00f6tt\u00f6pisteiss\u00e4 v\u00e4henee, tarkistuksia voi tehd\u00e4 harvemmin (1-2 kertaa viikossa). <\/p>\n<p><img decoding=\"async\" src=\"https:\/\/meedia.balticagro.ee\/Files\/Images\/Baltic%20Agro%20Estonia\/Tooted\/Kahjurid\/selontra_etapp3.jpg\" alt=\"Evo Ambush sy\u00f6tt\u00f6laatikko\"><\/p>\n<\/div>\n","protected":false},"excerpt":{"rendered":"<p>Sy\u00f6tt\u00f6laatikko sopii ihanteellisesti ahtaisiin sy\u00f6tt\u00f6tilanteisiin. Sy\u00f6tt\u00f6laatikko sis\u00e4lt\u00e4\u00e4 sy\u00f6tt\u00f6paikan lukitustangoilla ja irrotettavan py\u00f6re\u00e4kulmaisen pohjan laatikon nopeaa huoltoa varten. Ohjaimet pit\u00e4v\u00e4t sy\u00f6tin ja loukut lasten ja muiden kuin kohde-el\u00e4inten ulottumattomissa. Sy\u00f6tt\u00f6laatikko tarjoaa sy\u00f6tt\u00f6- ja pyyntimahdollisuuksia tarpeidesi mukaan. 1. Aseta sy\u00f6tt\u00f6laatikko niin, ett\u00e4 sis\u00e4\u00e4nk\u00e4ynti on sein\u00e4n vieress\u00e4. Jyrsij\u00e4t liikkuvat p\u00e4\u00e4asiassa samoja reittej\u00e4 pitkin, ja ne kulkevat yleens\u00e4 seinien [&hellip;]<\/p>\n","protected":false},"featured_media":54255,"template":"","meta":{"_acf_changed":false,"_seopress_robots_primary_cat":"none","_seopress_titles_title":"","_seopress_titles_desc":"","_seopress_robots_index":"","_gspb_post_css":""},"product_brand":[],"product_cat":[2357,2392,2356],"product_tag":[],"class_list":{"0":"post-54254","1":"product","2":"type-product","3":"status-publish","4":"has-post-thumbnail","6":"product_cat-jyrsijoiden-torjunta","7":"product_cat-kaikki-luokat","8":"product_cat-puutarhan-ja-kasvien-suojelu","10":"first","11":"instock","12":"taxable","13":"shipping-taxable","14":"purchasable","15":"product-type-simple"},"ct_brands":[],"acf":[],"_links":{"self":[{"href":"https:\/\/agrozone.ee\/fi\/wp-json\/wp\/v2\/product\/54254","targetHints":{"allow":["GET"]}}],"collection":[{"href":"https:\/\/agrozone.ee\/fi\/wp-json\/wp\/v2\/product"}],"about":[{"href":"https:\/\/agrozone.ee\/fi\/wp-json\/wp\/v2\/types\/product"}],"wp:featuredmedia":[{"embeddable":true,"href":"https:\/\/agrozone.ee\/fi\/wp-json\/wp\/v2\/media\/54255"}],"wp:attachment":[{"href":"https:\/\/agrozone.ee\/fi\/wp-json\/wp\/v2\/media?parent=54254"}],"wp:term":[{"taxonomy":"product_brand","embeddable":true,"href":"https:\/\/agrozone.ee\/fi\/wp-json\/wp\/v2\/product_brand?post=54254"},{"taxonomy":"product_cat","embeddable":true,"href":"https:\/\/agrozone.ee\/fi\/wp-json\/wp\/v2\/product_cat?post=54254"},{"taxonomy":"product_tag","embeddable":true,"href":"https:\/\/agrozone.ee\/fi\/wp-json\/wp\/v2\/product_tag?post=54254"}],"curies":[{"name":"wp","href":"https:\/\/api.w.org\/{rel}","templated":true}]}}