{"id":54266,"date":"2025-11-12T10:40:08","date_gmt":"2025-11-12T08:40:08","guid":{"rendered":"https:\/\/agrozone.ee\/toode\/tomaatti-bronzy\/"},"modified":"2025-11-12T10:40:08","modified_gmt":"2025-11-12T08:40:08","slug":"tomaatti-bronzy","status":"publish","type":"product","link":"https:\/\/agrozone.ee\/fi\/tuote\/tomaatti-bronzy\/","title":{"rendered":"TOMAATTI BRONZY"},"content":{"rendered":"<p>TOMAATTI BRONZY<\/p>\n<p>Varhainen cocktailtomaattilajike.<\/p>\n<p>Hedelm\u00e4t ovat pieni\u00e4, painoltaan 12 g, eritt\u00e4in maukkaita, mehevi\u00e4 ja makeita.<\/p>\n<p>Kasvit ovat korkeita, kasvavat 200\u2013250 cm korkeiksi ja ovat taudinkest\u00e4vi\u00e4.<\/p>\n<p>Kasvatetaan polyeteenikasvihuoneissa, parvekkeilla.<\/p>\n<p>Kylv\u00f6aika taimille: III-IV<\/p>\n<p>Kylv\u00f6aika kasvihuoneessa: III-IV<\/p>\n<p>Istutusv\u00e4li, cm: 90&#215;40<\/p>\n<p>Sato: VII-VIII<\/p>\n<p>Kasvupaikka: Ruukussa, Parvekkeella, Kasvihuoneessa, Avomaalla<\/p>\n<p>Istutusaika: V-VI<\/p>\n<p>Pakkaus: 5 siement\u00e4<\/p>\n","protected":false},"excerpt":{"rendered":"<p>Solanum lycopersicum L.<\/p>\n","protected":false},"featured_media":54267,"template":"","meta":{"_acf_changed":false,"_seopress_robots_primary_cat":"","_seopress_titles_title":"","_seopress_titles_desc":"","_seopress_robots_index":"","_gspb_post_css":""},"product_brand":[2999],"product_cat":[2392,2399,2422,2401],"product_tag":[],"class_list":{"0":"post-54266","1":"product","2":"type-product","3":"status-publish","4":"has-post-thumbnail","6":"product_brand-organic-way","7":"product_cat-kaikki-luokat","8":"product_cat-siemenet","9":"product_cat-tomaatti","10":"product_cat-vihanneksien-siemenet","12":"first","13":"instock","14":"taxable","15":"shipping-taxable","16":"purchasable","17":"product-type-simple"},"ct_brands":[{"id":2999,"name":"Organic Way","slug":"organic-way"}],"acf":[],"_links":{"self":[{"href":"https:\/\/agrozone.ee\/fi\/wp-json\/wp\/v2\/product\/54266","targetHints":{"allow":["GET"]}}],"collection":[{"href":"https:\/\/agrozone.ee\/fi\/wp-json\/wp\/v2\/product"}],"about":[{"href":"https:\/\/agrozone.ee\/fi\/wp-json\/wp\/v2\/types\/product"}],"wp:featuredmedia":[{"embeddable":true,"href":"https:\/\/agrozone.ee\/fi\/wp-json\/wp\/v2\/media\/54267"}],"wp:attachment":[{"href":"https:\/\/agrozone.ee\/fi\/wp-json\/wp\/v2\/media?parent=54266"}],"wp:term":[{"taxonomy":"product_brand","embeddable":true,"href":"https:\/\/agrozone.ee\/fi\/wp-json\/wp\/v2\/product_brand?post=54266"},{"taxonomy":"product_cat","embeddable":true,"href":"https:\/\/agrozone.ee\/fi\/wp-json\/wp\/v2\/product_cat?post=54266"},{"taxonomy":"product_tag","embeddable":true,"href":"https:\/\/agrozone.ee\/fi\/wp-json\/wp\/v2\/product_tag?post=54266"}],"curies":[{"name":"wp","href":"https:\/\/api.w.org\/{rel}","templated":true}]}}