{"id":54268,"date":"2025-11-12T08:58:33","date_gmt":"2025-11-12T06:58:33","guid":{"rendered":"https:\/\/agrozone.ee\/toode\/mikroversot-auringonkukka-tiny-star-bio\/"},"modified":"2025-11-12T08:58:33","modified_gmt":"2025-11-12T06:58:33","slug":"mikroversot-auringonkukka-tiny-star-bio","status":"publish","type":"product","link":"https:\/\/agrozone.ee\/fi\/tuote\/mikroversot-auringonkukka-tiny-star-bio\/","title":{"rendered":"MIKROVERSOT AURINGONKUKKA TINY STAR BIO"},"content":{"rendered":"<p><span class=\"citation-1 citation-end-1\">Siemeni\u00e4 nuorten lehtien \u2013 mikroversojen \u2013 kasvattamiseen.<\/span><\/p>\n<p>Mikroversoja k\u00e4ytet\u00e4\u00e4n ruokien maustamiseen tai koristeluun.<\/p>\n<p>Siemenet kylvet\u00e4\u00e4n ymp\u00e4ri vuoden id\u00e4tysalustoille tai mataliin astioihin.<\/p>\n<p>Id\u00e4tet\u00e4\u00e4n turvetableteilla, steriilill\u00e4 kuidulla tai muulla t\u00e4h\u00e4n tarkoitukseen suunnitellulla kasvualustalla.<\/p>\n<p>Kulutetaan ilman juuria.<\/p>\n<p>Auringonkukan mikroversot ovat paksuja, rapeita ja mehevi\u00e4, miedon p\u00e4hkin\u00e4isen makuisia.<\/p>\n","protected":false},"excerpt":{"rendered":"<p>Helianthus annuus L.<\/p>\n","protected":false},"featured_media":54270,"template":"","meta":{"_acf_changed":false,"_seopress_robots_primary_cat":"none","_seopress_titles_title":"","_seopress_titles_desc":"","_seopress_robots_index":"","_gspb_post_css":""},"product_brand":[2999],"product_cat":[2392,2997,2399],"product_tag":[],"class_list":{"0":"post-54268","1":"product","2":"type-product","3":"status-publish","4":"has-post-thumbnail","6":"product_brand-organic-way","7":"product_cat-kaikki-luokat","8":"product_cat-mikroversot-idatykseen","9":"product_cat-siemenet","11":"first","12":"instock","13":"taxable","14":"shipping-taxable","15":"purchasable","16":"product-type-simple"},"ct_brands":[{"id":2999,"name":"Organic Way","slug":"organic-way"}],"acf":[],"_links":{"self":[{"href":"https:\/\/agrozone.ee\/fi\/wp-json\/wp\/v2\/product\/54268","targetHints":{"allow":["GET"]}}],"collection":[{"href":"https:\/\/agrozone.ee\/fi\/wp-json\/wp\/v2\/product"}],"about":[{"href":"https:\/\/agrozone.ee\/fi\/wp-json\/wp\/v2\/types\/product"}],"wp:featuredmedia":[{"embeddable":true,"href":"https:\/\/agrozone.ee\/fi\/wp-json\/wp\/v2\/media\/54270"}],"wp:attachment":[{"href":"https:\/\/agrozone.ee\/fi\/wp-json\/wp\/v2\/media?parent=54268"}],"wp:term":[{"taxonomy":"product_brand","embeddable":true,"href":"https:\/\/agrozone.ee\/fi\/wp-json\/wp\/v2\/product_brand?post=54268"},{"taxonomy":"product_cat","embeddable":true,"href":"https:\/\/agrozone.ee\/fi\/wp-json\/wp\/v2\/product_cat?post=54268"},{"taxonomy":"product_tag","embeddable":true,"href":"https:\/\/agrozone.ee\/fi\/wp-json\/wp\/v2\/product_tag?post=54268"}],"curies":[{"name":"wp","href":"https:\/\/api.w.org\/{rel}","templated":true}]}}