{"id":54269,"date":"2025-11-12T10:36:23","date_gmt":"2025-11-12T08:36:23","guid":{"rendered":"https:\/\/agrozone.ee\/toode\/eukalyptus\/"},"modified":"2026-03-09T13:10:01","modified_gmt":"2026-03-09T11:10:01","slug":"eukalyptus","status":"publish","type":"product","link":"https:\/\/agrozone.ee\/fi\/tuote\/eukalyptus\/","title":{"rendered":"EUKALYPTUS"},"content":{"rendered":"<p>TUHKANHARMAA EUKALYPTUS<\/p>\n<p>Monivuotinen, ikivihre\u00e4, kompakti kasvi.<\/p>\n<p>Kasvaa nopeasti ja voi saavuttaa 60\u201390 cm korkeuden vuodessa.<\/p>\n<p>Luonnostaan tihe\u00e4, silmiinpist\u00e4v\u00e4n sinert\u00e4v\u00e4nharmaa v\u00e4ritys, joka lis\u00e4\u00e4 sen koristearvoa.<\/p>\n<p><span class=\"citation-1 citation-end-1\">Oksia k\u00e4ytet\u00e4\u00e4n laajalti floristiikassa, sek\u00e4 tuoreina ett\u00e4 kuivattuina.<\/span><\/p>\n<p>Sinert\u00e4v\u00e4nharmaat py\u00f6re\u00e4t lehdet heijastavat valoa hopeanhohtoisilla s\u00e4vyill\u00e4, tuoden ymp\u00e4ri vuoden ikivihre\u00e4\u00e4 vieh\u00e4tyst\u00e4 ja ainutlaatuista luonnetta puutarhan sekakompositioihin.<\/p>\n<p>Kompaktin kokonsa ansiosta se sopii hyvin pienempiin puutarhoihin ja kukkapenkkeihin, joissa sit\u00e4 kasvatetaan usein yksivuotisena kasvina.<\/p>\n<p>Tulee kasvattaa aurinkoisessa, kuivapohjaisessa kasvupaikassa.<\/p>\n<p>Yleisimmin sit\u00e4 kasvatetaan ruukkukasvina, joka viett\u00e4\u00e4 l\u00e4mpim\u00e4t p\u00e4iv\u00e4t ulkona avoimilla alueilla ja tuodaan sis\u00e4tiloihin ilmojen viiletess\u00e4.<\/p>\n<p>Kaikki kasvin osat ovat myrkyllisi\u00e4, eik\u00e4 niit\u00e4 saa nauttia.<\/p>\n<p>\u00c4l\u00e4 kasvata alueilla, joilla kasvi voi aiheuttaa turvallisuusriskin.<\/p>\n<p>Kylv\u00f6aika taimille: III-IV<\/p>\n<p>Kylv\u00f6aika kasvihuoneessa: III-IV<\/p>\n<p>Istutusv\u00e4li, cm: 40&#215;50<\/p>\n<p>Kukinta-aika: VIII-X<\/p>\n<p>Kasvin korkeus, cm: 60-90<\/p>\n<p>Kasvupaikka: Ruukussa, Parvekkeella, Pellolla<\/p>\n<p>Uudelleenistutus: V-VII<\/p>\n<p>Kasvuolosuhteet: Puolivarjo<\/p>\n","protected":false},"excerpt":{"rendered":"<p>Eucalyptus cynerea<\/p>\n","protected":false},"featured_media":54272,"template":"","meta":{"_acf_changed":false,"_seopress_robots_primary_cat":"","_seopress_titles_title":"","_seopress_titles_desc":"","_seopress_robots_index":"","_gspb_post_css":""},"product_brand":[2566],"product_cat":[2430,2392,2423,2429,2399],"product_tag":[],"class_list":{"0":"post-54269","1":"product","2":"type-product","3":"status-publish","4":"has-post-thumbnail","6":"product_brand-lucia-elite","7":"product_cat-muut","8":"product_cat-kaikki-luokat","9":"product_cat-kukkien-siemenet","10":"product_cat-monivuotiset","11":"product_cat-siemenet","13":"first","14":"instock","15":"taxable","16":"shipping-taxable","17":"purchasable","18":"product-type-simple"},"ct_brands":[{"id":2566,"name":"Lucia Elite","slug":"lucia-elite"}],"acf":[],"_links":{"self":[{"href":"https:\/\/agrozone.ee\/fi\/wp-json\/wp\/v2\/product\/54269","targetHints":{"allow":["GET"]}}],"collection":[{"href":"https:\/\/agrozone.ee\/fi\/wp-json\/wp\/v2\/product"}],"about":[{"href":"https:\/\/agrozone.ee\/fi\/wp-json\/wp\/v2\/types\/product"}],"wp:featuredmedia":[{"embeddable":true,"href":"https:\/\/agrozone.ee\/fi\/wp-json\/wp\/v2\/media\/54272"}],"wp:attachment":[{"href":"https:\/\/agrozone.ee\/fi\/wp-json\/wp\/v2\/media?parent=54269"}],"wp:term":[{"taxonomy":"product_brand","embeddable":true,"href":"https:\/\/agrozone.ee\/fi\/wp-json\/wp\/v2\/product_brand?post=54269"},{"taxonomy":"product_cat","embeddable":true,"href":"https:\/\/agrozone.ee\/fi\/wp-json\/wp\/v2\/product_cat?post=54269"},{"taxonomy":"product_tag","embeddable":true,"href":"https:\/\/agrozone.ee\/fi\/wp-json\/wp\/v2\/product_tag?post=54269"}],"curies":[{"name":"wp","href":"https:\/\/api.w.org\/{rel}","templated":true}]}}