{"id":54275,"date":"2025-11-12T09:24:28","date_gmt":"2025-11-12T07:24:28","guid":{"rendered":"https:\/\/agrozone.ee\/toode\/puutarharuisku-15l\/"},"modified":"2025-12-21T12:01:33","modified_gmt":"2025-12-21T10:01:33","slug":"puutarharuisku-15l","status":"publish","type":"product","link":"https:\/\/agrozone.ee\/fi\/tuote\/puutarharuisku-15l\/","title":{"rendered":"PUUTARHARUISKU 1,5L"},"content":{"rendered":"<h3>Luotettava puutarharuisku 1,5L metallipumpulla<\/h3>\n<p>Pid\u00e4 kasvisi tervein\u00e4 ja onnellisina t\u00e4ll\u00e4 <b>k\u00e4tev\u00e4ll\u00e4 ja helppok\u00e4ytt\u00f6isell\u00e4 puutarharuiskulla<\/b>. T\u00e4m\u00e4 1,5 litran ruisku on ihanteellinen apuri sek\u00e4 sis\u00e4tiloissa, parvekkeella ett\u00e4 kasvihuoneessa, tehden kasvien hoidosta helpompaa kuin koskaan ennen. <\/p>\n<p>Tuotteen p\u00e4\u00e4asiallinen etu on sen <b>luotettava metallipumppu<\/b>. Toisin kuin tavalliset muovipumput, metallimekanismi takaa pitk\u00e4n k\u00e4ytt\u00f6i\u00e4n, kest\u00e4vyyden ja tasaisen paineen, tehden t\u00e4st\u00e4 puutarharuiskusta luotettavan kumppanin useaksi kaudeksi. <\/p>\n<p><b>Miksi valita t\u00e4m\u00e4 1,5L puutarharuisku?<\/b><\/p>\n<ul>\n<li><b>Kest\u00e4v\u00e4 metallipumppu:<\/b> Takaa pitk\u00e4aikaisen ja ongelmattoman k\u00e4yt\u00f6n sek\u00e4 tehokkaan paineistuksen.<\/li>\n<li><b>Ihanteellinen tilavuus:<\/b> 1,5 litraa on juuri sopiva tilavuus kastella huonekasveja, kostuttaa taimia tai torjua tuholaisia ilman, ett\u00e4 ruiskua tarvitsee jatkuvasti t\u00e4ytt\u00e4\u00e4 uudelleen.<\/li>\n<li><b>Mukava k\u00e4ytt\u00e4\u00e4:<\/b> Ergonominen muotoilu ja kevyt paino tekev\u00e4t ruiskun k\u00e4sittelyst\u00e4 mukavaa ja v\u00e4h\u00e4n v\u00e4sytt\u00e4v\u00e4\u00e4.<\/li>\n<li><b>Helppo huoltaa:<\/b> Ruisku on helppo t\u00e4ytt\u00e4\u00e4, tyhjent\u00e4\u00e4 ja puhdistaa.<\/li>\n<li><b>Monipuolinen apuri:<\/b> Sopii erinomaisesti kasvien kasteluun, lehtien sumutukseen, lannoitukseen sek\u00e4 luonnonmukaisten torjunta-aineiden ruiskutukseen.<\/li>\n<\/ul>\n<p>T\u00e4m\u00e4 <b>1,5L puutarharuisku<\/b> on k\u00e4yt\u00e4nn\u00f6llinen ja kest\u00e4v\u00e4 ratkaisu jokaiselle puutarhurille, joka arvostaa laatua ja k\u00e4ytt\u00f6mukavuutta.<\/p>\n","protected":false},"excerpt":{"rendered":"<p>Luotettava puutarharuisku 1,5L metallipumpulla Pid\u00e4 kasvisi tervein\u00e4 ja onnellisina t\u00e4ll\u00e4 k\u00e4tev\u00e4ll\u00e4 ja helppok\u00e4ytt\u00f6isell\u00e4 puutarharuiskulla. T\u00e4m\u00e4 1,5 litran ruisku on ihanteellinen apuri sek\u00e4 sis\u00e4tiloissa, parvekkeella ett\u00e4 kasvihuoneessa, tehden kasvien hoidosta helpompaa kuin koskaan ennen. Tuotteen p\u00e4\u00e4asiallinen etu on sen luotettava metallipumppu. Toisin kuin tavalliset muovipumput, metallimekanismi takaa pitk\u00e4n k\u00e4ytt\u00f6i\u00e4n, kest\u00e4vyyden ja tasaisen paineen, tehden t\u00e4st\u00e4 puutarharuiskusta [&hellip;]<\/p>\n","protected":false},"featured_media":54277,"template":"","meta":{"_acf_changed":false,"_seopress_robots_primary_cat":"none","_seopress_titles_title":"Puutarharuisku 1,5L metallipumpulla \u2013 Luotettava paineruisku | Agrozone","_seopress_titles_desc":"Luotettava 1,5 L puutarharuisku metallipumpulla takaa pitk\u00e4n k\u00e4ytt\u00f6i\u00e4n. Ihanteellinen paineruisku huonekasveille, parvekkeelle ja kasvihuoneeseen. Tilaa kest\u00e4v\u00e4 kukkaruisku Agrozone-verkkokaupasta!  ","_seopress_robots_index":"","_gspb_post_css":""},"product_brand":[2999],"product_cat":[2392,2363,2374],"product_tag":[],"class_list":{"0":"post-54275","1":"product","2":"type-product","3":"status-publish","4":"has-post-thumbnail","6":"product_brand-organic-way","7":"product_cat-kaikki-luokat","8":"product_cat-puutarhatarvikkeet","9":"product_cat-ruiskut","11":"first","12":"instock","13":"taxable","14":"shipping-taxable","15":"purchasable","16":"product-type-simple"},"ct_brands":[{"id":2999,"name":"Organic Way","slug":"organic-way"}],"acf":[],"_links":{"self":[{"href":"https:\/\/agrozone.ee\/fi\/wp-json\/wp\/v2\/product\/54275","targetHints":{"allow":["GET"]}}],"collection":[{"href":"https:\/\/agrozone.ee\/fi\/wp-json\/wp\/v2\/product"}],"about":[{"href":"https:\/\/agrozone.ee\/fi\/wp-json\/wp\/v2\/types\/product"}],"wp:featuredmedia":[{"embeddable":true,"href":"https:\/\/agrozone.ee\/fi\/wp-json\/wp\/v2\/media\/54277"}],"wp:attachment":[{"href":"https:\/\/agrozone.ee\/fi\/wp-json\/wp\/v2\/media?parent=54275"}],"wp:term":[{"taxonomy":"product_brand","embeddable":true,"href":"https:\/\/agrozone.ee\/fi\/wp-json\/wp\/v2\/product_brand?post=54275"},{"taxonomy":"product_cat","embeddable":true,"href":"https:\/\/agrozone.ee\/fi\/wp-json\/wp\/v2\/product_cat?post=54275"},{"taxonomy":"product_tag","embeddable":true,"href":"https:\/\/agrozone.ee\/fi\/wp-json\/wp\/v2\/product_tag?post=54275"}],"curies":[{"name":"wp","href":"https:\/\/api.w.org\/{rel}","templated":true}]}}