{"id":54279,"date":"2025-11-12T09:27:18","date_gmt":"2025-11-12T07:27:18","guid":{"rendered":"https:\/\/agrozone.ee\/toode\/taimipotit-8-cm-10-kpl\/"},"modified":"2025-11-12T09:27:18","modified_gmt":"2025-11-12T07:27:18","slug":"taimipotit-8-cm-10-kpl","status":"publish","type":"product","link":"https:\/\/agrozone.ee\/fi\/tuote\/taimipotit-8-cm-10-kpl\/","title":{"rendered":"TAIMIPOTIT 8 CM 10 KPL"},"content":{"rendered":"<p>Taimipotit.<\/p>\n<ul>\n<li>Hajoavat maassa luonnollisesti j\u00e4tt\u00e4m\u00e4tt\u00e4 j\u00e4lkeens\u00e4 j\u00e4tett\u00e4.<\/li>\n<li>Juuret voivat kasvaa suoraan ruukun seinien l\u00e4pi, koska ne pehmenev\u00e4t maassa.<\/li>\n<li>Mahdollistavat paremman ilmankierron juurten ymp\u00e4rill\u00e4.<\/li>\n<li>Auttavat ehk\u00e4isem\u00e4\u00e4n liikakastelua ja juurim\u00e4t\u00e4\u00e4, koska ylim\u00e4\u00e4r\u00e4inen kosteus p\u00e4\u00e4see poistumaan.<\/li>\n<li>Edist\u00e4v\u00e4t terveemm\u00e4n ja vahvemman juuriston kehityst\u00e4.<\/li>\n<\/ul>\n<p>Korkeus, halkaisija &#8211; 8 cm, pakkauksessa 10 kpl.<\/p>\n","protected":false},"excerpt":{"rendered":"<p>Taimipotit. Hajoavat maassa luonnollisesti j\u00e4tt\u00e4m\u00e4tt\u00e4 j\u00e4lkeens\u00e4 j\u00e4tett\u00e4. Juuret voivat kasvaa suoraan ruukun seinien l\u00e4pi, koska ne pehmenev\u00e4t maassa. Mahdollistavat paremman ilmankierron juurten ymp\u00e4rill\u00e4. Auttavat ehk\u00e4isem\u00e4\u00e4n liikakastelua ja juurim\u00e4t\u00e4\u00e4, koska ylim\u00e4\u00e4r\u00e4inen kosteus p\u00e4\u00e4see poistumaan. Edist\u00e4v\u00e4t terveemm\u00e4n ja vahvemman juuriston kehityst\u00e4. Korkeus, halkaisija &#8211; 8 cm, pakkauksessa 10 kpl.<\/p>\n","protected":false},"featured_media":54280,"template":"","meta":{"_acf_changed":false,"_seopress_robots_primary_cat":"","_seopress_titles_title":"","_seopress_titles_desc":"","_seopress_robots_index":"","_gspb_post_css":""},"product_brand":[2999],"product_cat":[2392,2915,2447,2363,2399],"product_tag":[],"class_list":{"0":"post-54279","1":"product","2":"type-product","3":"status-publish","4":"has-post-thumbnail","6":"product_brand-organic-way","7":"product_cat-kaikki-luokat","8":"product_cat-kukkaruukut-kukkalaatikot-ja-tarvikkeet","9":"product_cat-tarvikkeet","10":"product_cat-puutarhatarvikkeet","11":"product_cat-siemenet","13":"first","14":"instock","15":"taxable","16":"shipping-taxable","17":"purchasable","18":"product-type-simple"},"ct_brands":[{"id":2999,"name":"Organic Way","slug":"organic-way"}],"acf":[],"_links":{"self":[{"href":"https:\/\/agrozone.ee\/fi\/wp-json\/wp\/v2\/product\/54279","targetHints":{"allow":["GET"]}}],"collection":[{"href":"https:\/\/agrozone.ee\/fi\/wp-json\/wp\/v2\/product"}],"about":[{"href":"https:\/\/agrozone.ee\/fi\/wp-json\/wp\/v2\/types\/product"}],"wp:featuredmedia":[{"embeddable":true,"href":"https:\/\/agrozone.ee\/fi\/wp-json\/wp\/v2\/media\/54280"}],"wp:attachment":[{"href":"https:\/\/agrozone.ee\/fi\/wp-json\/wp\/v2\/media?parent=54279"}],"wp:term":[{"taxonomy":"product_brand","embeddable":true,"href":"https:\/\/agrozone.ee\/fi\/wp-json\/wp\/v2\/product_brand?post=54279"},{"taxonomy":"product_cat","embeddable":true,"href":"https:\/\/agrozone.ee\/fi\/wp-json\/wp\/v2\/product_cat?post=54279"},{"taxonomy":"product_tag","embeddable":true,"href":"https:\/\/agrozone.ee\/fi\/wp-json\/wp\/v2\/product_tag?post=54279"}],"curies":[{"name":"wp","href":"https:\/\/api.w.org\/{rel}","templated":true}]}}