{"id":54285,"date":"2025-11-12T09:18:35","date_gmt":"2025-11-12T07:18:35","guid":{"rendered":"https:\/\/agrozone.ee\/toode\/kookostabletit-45-mm-10-kpl\/"},"modified":"2025-11-12T09:18:35","modified_gmt":"2025-11-12T07:18:35","slug":"kookostabletit-45-mm-10-kpl","status":"publish","type":"product","link":"https:\/\/agrozone.ee\/fi\/tuote\/kookostabletit-45-mm-10-kpl\/","title":{"rendered":"KOOKOSTABLETIT 45 MM 10 KPL"},"content":{"rendered":"<p>Kookostabletti<\/p>\n<p>Kookoskuidussa lis\u00e4\u00e4ntyy sieni <i>Trichoderma<\/i>, joka est\u00e4\u00e4 patogeenisten sienten kehityst\u00e4. Kookoskuitu on puhdasta, mineraalirikasta ja patogeenitonta. Puhdas ja helppo k\u00e4ytt\u00e4\u00e4. Lis\u00e4\u00e4 vain vesi, ja kasvualusta on valmis. Ihanteellinen siemenille tai pistokkaille. Istuttaminen kokonaisella tabletilla ei h\u00e4iritse herkk\u00e4\u00e4 juuristoa. Istuta uudelleen suoraan puutarhaan tai astiaan.      <\/p>\n<ol start=\"1\">\n<li>Aseta tabletit vedenkest\u00e4v\u00e4lle alustalle ja lis\u00e4\u00e4 l\u00e4mmint\u00e4 vett\u00e4. Valuta ylim\u00e4\u00e4r\u00e4inen vesi pois, kun tabletit ovat turvonneet 2,5\u20133,8 cm korkeiksi. <\/li>\n<li>Kastele, kun tabletit muuttuvat vaaleanruskeiksi.<\/li>\n<li>Kasvien karaisemiseksi aseta ne useaksi p\u00e4iv\u00e4ksi ulos varjoisaan paikkaan (tuo kasvit sis\u00e4\u00e4n y\u00f6ksi). Totuta kasvit v\u00e4hitellen t\u00e4yteen auringonpaisteeseen. <\/li>\n<li>Uudelleenistutusta varten k\u00e4yt\u00e4 biohajoavia ruukkuja tai kaiva riitt\u00e4v\u00e4n syv\u00e4t kuopat peitt\u00e4m\u00e4\u00e4n tabletin yl\u00e4osan. Tiivist\u00e4 multa varovasti tabletin ymp\u00e4rille. Kastele huolellisesti.  <\/li>\n<\/ol>\n","protected":false},"excerpt":{"rendered":"<p>Kookostabletti Kookoskuidussa lis\u00e4\u00e4ntyy sieni Trichoderma, joka est\u00e4\u00e4 patogeenisten sienten kehityst\u00e4. Kookoskuitu on puhdasta, mineraalirikasta ja patogeenitonta. Puhdas ja helppo k\u00e4ytt\u00e4\u00e4. Lis\u00e4\u00e4 vain vesi, ja kasvualusta on valmis. Ihanteellinen siemenille tai pistokkaille. Istuttaminen kokonaisella tabletilla ei h\u00e4iritse herkk\u00e4\u00e4 juuristoa. Istuta uudelleen suoraan puutarhaan tai astiaan. Aseta tabletit vedenkest\u00e4v\u00e4lle alustalle ja lis\u00e4\u00e4 l\u00e4mmint\u00e4 vett\u00e4. Valuta ylim\u00e4\u00e4r\u00e4inen vesi [&hellip;]<\/p>\n","protected":false},"featured_media":54288,"template":"","meta":{"_acf_changed":false,"_seopress_robots_primary_cat":"","_seopress_titles_title":"","_seopress_titles_desc":"","_seopress_robots_index":"","_gspb_post_css":""},"product_brand":[2999],"product_cat":[2392,2447,2372,2363,2399],"product_tag":[],"class_list":{"0":"post-54285","1":"product","2":"type-product","3":"status-publish","4":"has-post-thumbnail","6":"product_brand-organic-way","7":"product_cat-kaikki-luokat","8":"product_cat-tarvikkeet","9":"product_cat-maaperanparannusaineet","10":"product_cat-puutarhatarvikkeet","11":"product_cat-siemenet","13":"first","14":"instock","15":"featured","16":"taxable","17":"shipping-taxable","18":"purchasable","19":"product-type-simple"},"ct_brands":[{"id":2999,"name":"Organic Way","slug":"organic-way"}],"acf":[],"_links":{"self":[{"href":"https:\/\/agrozone.ee\/fi\/wp-json\/wp\/v2\/product\/54285","targetHints":{"allow":["GET"]}}],"collection":[{"href":"https:\/\/agrozone.ee\/fi\/wp-json\/wp\/v2\/product"}],"about":[{"href":"https:\/\/agrozone.ee\/fi\/wp-json\/wp\/v2\/types\/product"}],"wp:featuredmedia":[{"embeddable":true,"href":"https:\/\/agrozone.ee\/fi\/wp-json\/wp\/v2\/media\/54288"}],"wp:attachment":[{"href":"https:\/\/agrozone.ee\/fi\/wp-json\/wp\/v2\/media?parent=54285"}],"wp:term":[{"taxonomy":"product_brand","embeddable":true,"href":"https:\/\/agrozone.ee\/fi\/wp-json\/wp\/v2\/product_brand?post=54285"},{"taxonomy":"product_cat","embeddable":true,"href":"https:\/\/agrozone.ee\/fi\/wp-json\/wp\/v2\/product_cat?post=54285"},{"taxonomy":"product_tag","embeddable":true,"href":"https:\/\/agrozone.ee\/fi\/wp-json\/wp\/v2\/product_tag?post=54285"}],"curies":[{"name":"wp","href":"https:\/\/api.w.org\/{rel}","templated":true}]}}