{"id":54290,"date":"2025-11-12T09:04:25","date_gmt":"2025-11-12T07:04:25","guid":{"rendered":"https:\/\/agrozone.ee\/toode\/mikroversot-puutarhakrassi-caligola-bio\/"},"modified":"2025-11-12T09:04:25","modified_gmt":"2025-11-12T07:04:25","slug":"mikroversot-puutarhakrassi-caligola-bio","status":"publish","type":"product","link":"https:\/\/agrozone.ee\/fi\/tuote\/mikroversot-puutarhakrassi-caligola-bio\/","title":{"rendered":"MIKROVERSOT PUUTARHAKRASSI CALIGOLA BIO"},"content":{"rendered":"<p>Siemeni\u00e4 nuorten lehtien \u2013 mikroversojen \u2013 kasvattamiseen.<\/p>\n<p>Mikroversoja k\u00e4ytet\u00e4\u00e4n ruokien maustamiseen tai koristeluun.<\/p>\n<p>Siemenet kylvet\u00e4\u00e4n ymp\u00e4ri vuoden it\u00e4misalustoille tai mataliin astioihin.<\/p>\n<p>Id\u00e4tet\u00e4\u00e4n turvetableteilla, steriilill\u00e4 kuidulla tai muulla t\u00e4h\u00e4n tarkoitukseen suunnitellulla kasvualustalla.<\/p>\n<p>K\u00e4ytet\u00e4\u00e4n ilman juuria.<\/p>\n<p>Puutarhakrassin mikroversot ovat rapeita ja mehevi\u00e4, niille on ominaista mieto mausteisuus, joka muistuttaa piparjuurta tai sinappia.<\/p>\n","protected":false},"excerpt":{"rendered":"<p>Lepidium sativum L.<\/p>\n","protected":false},"featured_media":54291,"template":"","meta":{"_acf_changed":false,"_seopress_robots_primary_cat":"","_seopress_titles_title":"","_seopress_titles_desc":"","_seopress_robots_index":"","_gspb_post_css":""},"product_brand":[2999],"product_cat":[2392,2997,2399],"product_tag":[],"class_list":{"0":"post-54290","1":"product","2":"type-product","3":"status-publish","4":"has-post-thumbnail","6":"product_brand-organic-way","7":"product_cat-kaikki-luokat","8":"product_cat-mikroversot-idatykseen","9":"product_cat-siemenet","11":"first","12":"instock","13":"taxable","14":"shipping-taxable","15":"purchasable","16":"product-type-simple"},"ct_brands":[{"id":2999,"name":"Organic Way","slug":"organic-way"}],"acf":[],"_links":{"self":[{"href":"https:\/\/agrozone.ee\/fi\/wp-json\/wp\/v2\/product\/54290","targetHints":{"allow":["GET"]}}],"collection":[{"href":"https:\/\/agrozone.ee\/fi\/wp-json\/wp\/v2\/product"}],"about":[{"href":"https:\/\/agrozone.ee\/fi\/wp-json\/wp\/v2\/types\/product"}],"wp:featuredmedia":[{"embeddable":true,"href":"https:\/\/agrozone.ee\/fi\/wp-json\/wp\/v2\/media\/54291"}],"wp:attachment":[{"href":"https:\/\/agrozone.ee\/fi\/wp-json\/wp\/v2\/media?parent=54290"}],"wp:term":[{"taxonomy":"product_brand","embeddable":true,"href":"https:\/\/agrozone.ee\/fi\/wp-json\/wp\/v2\/product_brand?post=54290"},{"taxonomy":"product_cat","embeddable":true,"href":"https:\/\/agrozone.ee\/fi\/wp-json\/wp\/v2\/product_cat?post=54290"},{"taxonomy":"product_tag","embeddable":true,"href":"https:\/\/agrozone.ee\/fi\/wp-json\/wp\/v2\/product_tag?post=54290"}],"curies":[{"name":"wp","href":"https:\/\/api.w.org\/{rel}","templated":true}]}}