{"id":54294,"date":"2025-11-12T09:08:24","date_gmt":"2025-11-12T07:08:24","guid":{"rendered":"https:\/\/agrozone.ee\/toode\/mikrovihannesidatin\/"},"modified":"2025-12-21T12:40:10","modified_gmt":"2025-12-21T10:40:10","slug":"mikrovihannesidatin","status":"publish","type":"product","link":"https:\/\/agrozone.ee\/fi\/tuote\/mikrovihannesidatin\/","title":{"rendered":"MIKROVIHANNESID\u00c4TIN"},"content":{"rendered":"<h3>Helppo kasvienhoito: Tutustu kompaktiin id\u00e4ttimeen<\/h3>\n<p>Etsitk\u00f6 helppoa tapaa nauttia tuoreista ituista ja mikrovihanneksista ymp\u00e4ri vuoden? Meid\u00e4n <b>id\u00e4tin<\/b> on luotu juuri sinua varten \u2013 se tekee kasvienhoidosta eritt\u00e4in helppoa ja <b>erikoistaitoja ei tarvita<\/b>! <\/p>\n<p><b>Miksi valita t\u00e4m\u00e4 id\u00e4tin?<\/b><\/p>\n<ul>\n<li><b>Kompakti muotoilu:<\/b> T\u00e4m\u00e4 id\u00e4tin on suunniteltu tilaa s\u00e4\u00e4st\u00e4v\u00e4ksi, sopien <b>t\u00e4ydellisesti jopa pieniin keitti\u00f6ihin<\/b> tai suoraan aurinkoiselle ikkunalaudallesi.<\/li>\n<li><b>Optimaaliset kasvuolosuhteet:<\/b> Laite takaa <b>optimaalisen kosteuden ja ilmankierron<\/b>. T\u00e4m\u00e4 on avain onnistuneeseen it\u00e4miseen, auttaen ehk\u00e4isem\u00e4\u00e4n homeen muodostumista ja varmistaen terveen kasvun. <\/li>\n<li><b>Nopeampi ja tasaisempi it\u00e4minen:<\/b> Ihanteellisten olosuhteiden ansiosta <b>siemenet it\u00e4v\u00e4t nopeammin ja tasaisemmin<\/b> kuin tavallisissa astioissa tai lautasilla. Nauti runsaasta sadosta lyhyemm\u00e4ss\u00e4 ajassa! <\/li>\n<\/ul>\n<p>T\u00e4m\u00e4 id\u00e4tin on ihanteellinen ratkaisu kaikille, jotka haluavat lis\u00e4t\u00e4 tuoreita ja terveellisi\u00e4 ituja ruokap\u00f6yt\u00e4\u00e4ns\u00e4 ilman monimutkaista vaivaa. Aloita kotona id\u00e4tt\u00e4minen jo t\u00e4n\u00e4\u00e4n! <\/p>\n","protected":false},"excerpt":{"rendered":"<p>Helppo kasvienhoito: Tutustu kompaktiin id\u00e4ttimeen Etsitk\u00f6 helppoa tapaa nauttia tuoreista ituista ja mikrovihanneksista ymp\u00e4ri vuoden? Meid\u00e4n id\u00e4tin on luotu juuri sinua varten \u2013 se tekee kasvienhoidosta eritt\u00e4in helppoa ja erikoistaitoja ei tarvita! Miksi valita t\u00e4m\u00e4 id\u00e4tin? Kompakti muotoilu: T\u00e4m\u00e4 id\u00e4tin on suunniteltu tilaa s\u00e4\u00e4st\u00e4v\u00e4ksi, sopien t\u00e4ydellisesti jopa pieniin keitti\u00f6ihin tai suoraan aurinkoiselle ikkunalaudallesi. Optimaaliset kasvuolosuhteet: [&hellip;]<\/p>\n","protected":false},"featured_media":54295,"template":"","meta":{"_acf_changed":false,"_seopress_robots_primary_cat":"none","_seopress_titles_title":"Mikroversojen id\u00e4tysastia \u2013 Kompakti id\u00e4tysastia kotiin","_seopress_titles_desc":"Kasvata vitamiinirikkaita ituja ymp\u00e4ri vuoden! Kompakti mikroversojen id\u00e4tysastia takaa nopean ja homeettoman kasvun. Helppo k\u00e4ytt\u00e4\u00e4 my\u00f6s aloittelijalle. Tilaa t\u00e4\u00e4lt\u00e4!   ","_seopress_robots_index":"","_gspb_post_css":""},"product_brand":[2999],"product_cat":[2392,2447,2997,2399],"product_tag":[],"class_list":{"0":"post-54294","1":"product","2":"type-product","3":"status-publish","4":"has-post-thumbnail","6":"product_brand-organic-way","7":"product_cat-kaikki-luokat","8":"product_cat-tarvikkeet","9":"product_cat-mikroversot-idatykseen","10":"product_cat-siemenet","12":"first","13":"instock","14":"featured","15":"taxable","16":"shipping-taxable","17":"purchasable","18":"product-type-simple"},"ct_brands":[{"id":2999,"name":"Organic Way","slug":"organic-way"}],"acf":[],"_links":{"self":[{"href":"https:\/\/agrozone.ee\/fi\/wp-json\/wp\/v2\/product\/54294","targetHints":{"allow":["GET"]}}],"collection":[{"href":"https:\/\/agrozone.ee\/fi\/wp-json\/wp\/v2\/product"}],"about":[{"href":"https:\/\/agrozone.ee\/fi\/wp-json\/wp\/v2\/types\/product"}],"wp:featuredmedia":[{"embeddable":true,"href":"https:\/\/agrozone.ee\/fi\/wp-json\/wp\/v2\/media\/54295"}],"wp:attachment":[{"href":"https:\/\/agrozone.ee\/fi\/wp-json\/wp\/v2\/media?parent=54294"}],"wp:term":[{"taxonomy":"product_brand","embeddable":true,"href":"https:\/\/agrozone.ee\/fi\/wp-json\/wp\/v2\/product_brand?post=54294"},{"taxonomy":"product_cat","embeddable":true,"href":"https:\/\/agrozone.ee\/fi\/wp-json\/wp\/v2\/product_cat?post=54294"},{"taxonomy":"product_tag","embeddable":true,"href":"https:\/\/agrozone.ee\/fi\/wp-json\/wp\/v2\/product_tag?post=54294"}],"curies":[{"name":"wp","href":"https:\/\/api.w.org\/{rel}","templated":true}]}}